{"id":2725,"date":"2025-04-14T11:37:37","date_gmt":"2025-04-14T11:37:37","guid":{"rendered":"https:\/\/herbalhorizons.co\/product\/bruce-banner-stylo-vaporisateur-hhc\/"},"modified":"2025-04-23T10:24:29","modified_gmt":"2025-04-23T10:24:29","slug":"bruce-banner-stylo-vaporisateur-hhc","status":"publish","type":"product","link":"https:\/\/herbalhorizons.co\/fr\/produit\/bruce-banner-stylo-vaporisateur-hhc\/","title":{"rendered":"Bruce Banner \u2013 Stylo Vaporisateur HHC"},"content":{"rendered":"\n<div id=\"wd-67ebcd5c\" class=\"wp-block-wd-row\">\n<div id=\"wd-af8a8c9f\" class=\"wp-block-wd-column\">\n<h2 id=\"wd-3cbb8ed8\" class=\"wp-block-wd-title title\">Effets :<\/h2>\n\n\n\n<ul class=\"wp-block-list\">\n<li>\u00c9nergie accrue et clart\u00e9 mentale<\/li>\n\n\n\n<li>Humeur \u00e9lev\u00e9e et concentration laser<\/li>\n\n\n\n<li>Sensation corporelle subtile sans aucun effet secondaire<\/li>\n\n\n\n<li>Id\u00e9al pour une utilisation diurne, l&rsquo;ex\u00e9cution de t\u00e2ches et l&rsquo;aisance sociale<\/li>\n<\/ul>\n<\/div>\n\n\n\n<div id=\"wd-33e24f4e\" class=\"wp-block-wd-column\">\n<div id=\"wd-cf5fd1b7\" class=\"wp-block-wd-table\">\n<figure class=\"wp-block-table\"><table><thead><tr><th>Ce que vous obtenez :<\/th><\/tr><\/thead><tbody><tr><td>1000mg d&rsquo;<strong>Hexahydrocannabinol (HHC)<\/strong><\/td><\/tr><tr><td>Jusqu&rsquo;\u00e0 <strong>800 bouff\u00e9es savoureuses par stylo<\/strong><\/td><\/tr><tr><td><strong>0% de THC<\/strong> \u2013 \u00e0 consommer l\u00e9galement et sans inqui\u00e9tude<\/td><\/tr><tr><td>Terp\u00e8nes et ar\u00f4mes enti\u00e8rement naturels<\/td><\/tr><tr><td>Aucun additif synth\u00e9tique ni compos\u00e9 de remplissage<\/td><\/tr><\/tbody><\/table><\/figure>\n<\/div>\n<\/div>\n\n\n\n<div id=\"wd-c78be697\" class=\"wp-block-wd-column\">\n<h2 id=\"wd-58fbe819\" class=\"wp-block-wd-title title\">Pourquoi Choisir Ce Vaporisateur ?<\/h2>\n\n\n\n<ul class=\"wp-block-list\">\n<li><strong>Puissance de poche<\/strong> pour les utilisateurs hautement fonctionnels<\/li>\n\n\n\n<li><strong>Inhalations propres et constantes<\/strong> de la premi\u00e8re \u00e0 la derni\u00e8re bouff\u00e9e<\/li>\n\n\n\n<li><strong>Saveur terreux-diesel<\/strong> pour les palais audacieux<\/li>\n<\/ul>\n<\/div>\n<\/div>\n","protected":false},"excerpt":{"rendered":"<h4 class=\"\" data-start=\"397\" data-end=\"434\">\u26a1  <strong data-start=\"217\" data-end=\"262\">Terreux. \u00c9nergisant. Con\u00e7u pour Pulv\u00e9riser le Stress.  <\/strong><\/h4>\n<p class=\"\" data-start=\"443\" data-end=\"676\"><strong data-start=\"443\" data-end=\"459\">Bruce Banner<\/strong> ne plaisante pas. Attendez-vous \u00e0 un go\u00fbt audacieux de diesel et de terre avec un effet rapide et stimulant qui alimente la cr\u00e9ativit\u00e9, aiguise la concentration et an\u00e9antit le stress. Id\u00e9al pour les journ\u00e9es de haute performance ou pour mener \u00e0 bien des projets passionnants.  <\/p>\n","protected":false},"featured_media":2406,"comment_status":"open","ping_status":"closed","template":"","meta":[],"product_brand":[],"product_cat":[144],"product_tag":[199,198],"class_list":{"0":"post-2725","1":"product","2":"type-product","3":"status-publish","4":"has-post-thumbnail","6":"product_cat-vapes-fr-2","7":"product_tag-vaporisateur","8":"product_tag-vaporisateurs","10":"first","11":"outofstock","12":"shipping-taxable","13":"purchasable","14":"product-type-simple"},"_links":{"self":[{"href":"https:\/\/herbalhorizons.co\/fr\/wp-json\/wp\/v2\/product\/2725","targetHints":{"allow":["GET"]}}],"collection":[{"href":"https:\/\/herbalhorizons.co\/fr\/wp-json\/wp\/v2\/product"}],"about":[{"href":"https:\/\/herbalhorizons.co\/fr\/wp-json\/wp\/v2\/types\/product"}],"replies":[{"embeddable":true,"href":"https:\/\/herbalhorizons.co\/fr\/wp-json\/wp\/v2\/comments?post=2725"}],"wp:featuredmedia":[{"embeddable":true,"href":"https:\/\/herbalhorizons.co\/fr\/wp-json\/wp\/v2\/media\/2406"}],"wp:attachment":[{"href":"https:\/\/herbalhorizons.co\/fr\/wp-json\/wp\/v2\/media?parent=2725"}],"wp:term":[{"taxonomy":"product_brand","embeddable":true,"href":"https:\/\/herbalhorizons.co\/fr\/wp-json\/wp\/v2\/product_brand?post=2725"},{"taxonomy":"product_cat","embeddable":true,"href":"https:\/\/herbalhorizons.co\/fr\/wp-json\/wp\/v2\/product_cat?post=2725"},{"taxonomy":"product_tag","embeddable":true,"href":"https:\/\/herbalhorizons.co\/fr\/wp-json\/wp\/v2\/product_tag?post=2725"}],"curies":[{"name":"wp","href":"https:\/\/api.w.org\/{rel}","templated":true}]}}