{"id":3044,"date":"2025-04-15T10:49:21","date_gmt":"2025-04-15T10:49:21","guid":{"rendered":"https:\/\/herbalhorizons.co\/faq\/"},"modified":"2025-04-23T14:43:57","modified_gmt":"2025-04-23T14:43:57","slug":"faq","status":"publish","type":"page","link":"https:\/\/herbalhorizons.co\/fr\/faq\/","title":{"rendered":"FAQ"},"content":{"rendered":"\n<div id=\"wd-3af4124f\" class=\"wp-block-wd-row\">\n<div id=\"wd-85afa8ce\" class=\"wp-block-wd-column\">\n<h2 id=\"wd-26d3e984\" class=\"wp-block-wd-title title\"><span class=\"wd-highlight\">FAQ<\/span> \u2014 Questions fr\u00e9quemment pos\u00e9es<\/h2>\n<\/div>\n<\/div>\n\n\n\n<div id=\"wd-b380f935\" class=\"wp-block-wd-section\">\n<h2 id=\"wd-30f48cf9\" class=\"wp-block-wd-title title wd-align\">Herbal Horizons<\/h2>\n\n\n\n<p id=\"wd-aa57ba7b\" class=\"wp-block-wd-paragraph wd-align\">Tout ce que vous devez savoir, du suivi des commandes au paiement s\u00e9curis\u00e9.<br>Nous pensons que votre parcours doit \u00eatre sans effort, du panier au pas de la porte.<br>Que vous recherchiez des truffes magiques, des graines d&rsquo;autofloraison ou des compl\u00e9ments de bien-\u00eatre, notre \u00e9quipe d&rsquo;assistance vous garantit une exp\u00e9rience d&rsquo;achat fluide, s\u00e9curis\u00e9e et transparente.<br>Vous trouverez ci-dessous les r\u00e9ponses aux questions les plus courantes concernant l&rsquo;exp\u00e9dition, les paiements et votre compte.<\/p>\n\n\n\n<div id=\"wd-9d463113\" class=\"wp-block-wd-row\">\n<div id=\"wd-716d258b\" class=\"wp-block-wd-column\">\n<h2 id=\"wd-7fcfc1af\" class=\"wp-block-wd-title title wd-align\">\ud83e\uddfe Commandes et paiements<\/h2>\n\n\n\n<div id=\"wd-0ee38301\" class=\"wp-block-wd-accordion wd-accordion wd-style-default wd-titles-start wd-opener-style-plus wd-opener-pos-end\" data-state=\"all\">\n<div id=\"wd-3dd85aae\" class=\"wp-block-wd-accordion-pane wd-accordion-item\"><div class=\"wd-accordion-title\"><div class=\"wd-accordion-title-text\"><span>O\u00f9 puis-je consulter mes commandes ant\u00e9rieures ?<\/span><\/div><span class=\"wd-accordion-opener\"><\/span><\/div><div class=\"wd-accordion-content\"><div class=\"wd-accordion-content-inner\">\n<p id=\"wd-15ff9ab4\" class=\"wp-block-wd-paragraph\">Allez dans Mon compte > Commandes pour consulter l&rsquo;historique complet de vos commandes. Vous pouvez cliquer sur \u00ab\u00a0Voir\u00a0\u00bb \u00e0 c\u00f4t\u00e9 de n&rsquo;importe quelle commande pour obtenir tous les d\u00e9tails, y compris le statut, les articles et les informations de facturation.<\/p>\n<\/div><\/div><\/div>\n\n\n\n<div id=\"wd-76d38a15\" class=\"wp-block-wd-accordion-pane wd-accordion-item\"><div class=\"wd-accordion-title\"><div class=\"wd-accordion-title-text\"><span>Comment annuler une commande ?<\/span><\/div><span class=\"wd-accordion-opener\"><\/span><\/div><div class=\"wd-accordion-content\"><div class=\"wd-accordion-content-inner\">\n<p id=\"wd-431461ea\" class=\"wp-block-wd-paragraph\">Si le statut est toujours \u00ab\u00a0En cours de traitement\u00a0\u00bb, allez dans Mon compte > Commandes, s\u00e9lectionnez la commande et cliquez sur le bouton Annuler la commande (s&rsquo;il est visible). Les commandes qui ont d\u00e9j\u00e0 \u00e9t\u00e9 exp\u00e9di\u00e9es ne peuvent pas \u00eatre annul\u00e9es.<\/p>\n<\/div><\/div><\/div>\n\n\n\n<div id=\"wd-afe9bc94\" class=\"wp-block-wd-accordion-pane wd-accordion-item\"><div class=\"wd-accordion-title\"><div class=\"wd-accordion-title-text\"><span>Quels sont les modes de paiement accept\u00e9s ?<\/span><\/div><span class=\"wd-accordion-opener\"><\/span><\/div><div class=\"wd-accordion-content\"><div class=\"wd-accordion-content-inner\">\n<p id=\"wd-5f0b00db\" class=\"wp-block-wd-paragraph\">Nous acceptons actuellement les cartes de d\u00e9bit\/cr\u00e9dit et certaines crypto-monnaies (bient\u00f4t).<\/p>\n<\/div><\/div><\/div>\n<\/div>\n<\/div>\n\n\n\n<div id=\"wd-1e93e2bc\" class=\"wp-block-wd-column\">\n<h2 id=\"wd-7e9d0cfd\" class=\"wp-block-wd-title title wd-align\">\ud83d\udce6 Exp\u00e9dition et livraison<\/h2>\n\n\n\n<div id=\"wd-dec7710e\" class=\"wp-block-wd-accordion wd-accordion wd-style-default wd-titles-start wd-opener-style-plus wd-opener-pos-end\" data-state=\"all\">\n<div id=\"wd-347f5d05\" class=\"wp-block-wd-accordion-pane wd-accordion-item\"><div class=\"wd-accordion-title\"><div class=\"wd-accordion-title-text\"><span>Quelles sont les options d&rsquo;exp\u00e9dition propos\u00e9es ?<\/span><\/div><span class=\"wd-accordion-opener\"><\/span><\/div><div class=\"wd-accordion-content\"><div class=\"wd-accordion-content-inner\">\n<p id=\"wd-bec79268\" class=\"wp-block-wd-paragraph\">Nous proposons un service de courrier standard pour certains pays de l&rsquo;UE. Vous verrez les d\u00e9tails de l&rsquo;exp\u00e9dition au moment du paiement.<\/p>\n<\/div><\/div><\/div>\n\n\n\n<div id=\"wd-32f85958\" class=\"wp-block-wd-accordion-pane wd-accordion-item\"><div class=\"wd-accordion-title\"><div class=\"wd-accordion-title-text\"><span>Puis-je suivre mon envoi ?<\/span><\/div><span class=\"wd-accordion-opener\"><\/span><\/div><div class=\"wd-accordion-content\"><div class=\"wd-accordion-content-inner\">\n<p id=\"wd-e2ea06ab\" class=\"wp-block-wd-paragraph\">Pour les commandes sup\u00e9rieures \u00e0 150 euros, nous incluons automatiquement le suivi. Pour les autres, veuillez contacter l&rsquo;assistance pour v\u00e9rifier si le suivi est disponible pour vos articles.<\/p>\n<\/div><\/div><\/div>\n\n\n\n<div id=\"wd-c39ea4a8\" class=\"wp-block-wd-accordion-pane wd-accordion-item\"><div class=\"wd-accordion-title\"><div class=\"wd-accordion-title-text\"><span>Quand ma commande arrivera-t-elle ?<\/span><\/div><span class=\"wd-accordion-opener\"><\/span><\/div><div class=\"wd-accordion-content\"><div class=\"wd-accordion-content-inner\">\n<p id=\"wd-cf44049c\" class=\"wp-block-wd-paragraph\">D\u00e9lais de livraison typiques :<\/p>\n\n\n\n<ul class=\"wp-block-list\">\n<li>Europe : 5-15 jours ouvrables<\/li>\n\n\n\n<li>Reste du monde : Prochainement<\/li>\n<\/ul>\n\n\n\n<p>Consultez votre courriel de confirmation pour conna\u00eetre les dates de livraison estim\u00e9es.<\/p>\n<\/div><\/div><\/div>\n<\/div>\n<\/div>\n<\/div>\n\n\n\n<div id=\"wd-07eb66d2\" class=\"wp-block-wd-row\">\n<div id=\"wd-f21c9717\" class=\"wp-block-wd-column\">\n<h2 id=\"wd-e8e681e0\" class=\"wp-block-wd-title title wd-align\">\ud83c\udf81 Emballage et discr\u00e9tion<\/h2>\n\n\n\n<div id=\"wd-28a86156\" class=\"wp-block-wd-accordion wd-accordion wd-style-default wd-titles-start wd-opener-style-plus wd-opener-pos-end\" data-state=\"all\">\n<div id=\"wd-e890b903\" class=\"wp-block-wd-accordion-pane wd-accordion-item\"><div class=\"wd-accordion-title\"><div class=\"wd-accordion-title-text\"><span>Votre emballage est-il discret ?<\/span><\/div><span class=\"wd-accordion-opener\"><\/span><\/div><div class=\"wd-accordion-content\"><div class=\"wd-accordion-content-inner\">\n<p id=\"wd-d49044b0\" class=\"wp-block-wd-paragraph\">Oui ! Tous les articles sont exp\u00e9di\u00e9s dans des bo\u00eetes ou des enveloppes neutres, sans marque visible.<\/p>\n<\/div><\/div><\/div>\n\n\n\n<div id=\"wd-51fdc99c\" class=\"wp-block-wd-accordion-pane wd-accordion-item\"><div class=\"wd-accordion-title\"><div class=\"wd-accordion-title-text\"><span>Puis-je personnaliser l&#8217;emballage ?<\/span><\/div><span class=\"wd-accordion-opener\"><\/span><\/div><div class=\"wd-accordion-content\"><div class=\"wd-accordion-content-inner\">\n<p id=\"wd-9a5c7f9f\" class=\"wp-block-wd-paragraph\">Pas pour le moment. Notre priorit\u00e9 est la protection de la vie priv\u00e9e et la s\u00e9curit\u00e9 pendant le transport.<\/p>\n<\/div><\/div><\/div>\n<\/div>\n<\/div>\n\n\n\n<div id=\"wd-c9cfb75b\" class=\"wp-block-wd-column\">\n<h2 id=\"wd-ac906c5a\" class=\"wp-block-wd-title title wd-align\">\ud83d\udce9 Questions et retours<\/h2>\n\n\n\n<div id=\"wd-d3fc8a5a\" class=\"wp-block-wd-accordion wd-accordion wd-style-default wd-titles-start wd-opener-style-plus wd-opener-pos-end\" data-state=\"all\">\n<div id=\"wd-5f6b90f9\" class=\"wp-block-wd-accordion-pane wd-accordion-item\"><div class=\"wd-accordion-title\"><div class=\"wd-accordion-title-text\"><span>J&rsquo;ai re\u00e7u un article endommag\u00e9. Que dois-je faire ?<\/span><\/div><span class=\"wd-accordion-opener\"><\/span><\/div><div class=\"wd-accordion-content\"><div class=\"wd-accordion-content-inner\">\n<p id=\"wd-d4a12ce2\" class=\"wp-block-wd-paragraph\">Contactez le service d&rsquo;assistance par le biais du formulaire.<\/p>\n<\/div><\/div><\/div>\n\n\n\n<div id=\"wd-2e3d3d26\" class=\"wp-block-wd-accordion-pane wd-accordion-item\"><div class=\"wd-accordion-title\"><div class=\"wd-accordion-title-text\"><span>Puis-je retourner mon produit ?<\/span><\/div><span class=\"wd-accordion-opener\"><\/span><\/div><div class=\"wd-accordion-content\"><div class=\"wd-accordion-content-inner\">\n<p id=\"wd-4bab4373\" class=\"wp-block-wd-paragraph\">En raison de la nature de nos produits, les retours ne sont pas accept\u00e9s, sauf si l&rsquo;article est d\u00e9fectueux.<\/p>\n<\/div><\/div><\/div>\n<\/div>\n<\/div>\n<\/div>\n<\/div>\n","protected":false},"excerpt":{"rendered":"","protected":false},"author":1,"featured_media":0,"parent":0,"menu_order":0,"comment_status":"closed","ping_status":"closed","template":"","meta":{"footnotes":""},"class_list":["post-3044","page","type-page","status-publish","hentry"],"_links":{"self":[{"href":"https:\/\/herbalhorizons.co\/fr\/wp-json\/wp\/v2\/pages\/3044","targetHints":{"allow":["GET"]}}],"collection":[{"href":"https:\/\/herbalhorizons.co\/fr\/wp-json\/wp\/v2\/pages"}],"about":[{"href":"https:\/\/herbalhorizons.co\/fr\/wp-json\/wp\/v2\/types\/page"}],"author":[{"embeddable":true,"href":"https:\/\/herbalhorizons.co\/fr\/wp-json\/wp\/v2\/users\/1"}],"replies":[{"embeddable":true,"href":"https:\/\/herbalhorizons.co\/fr\/wp-json\/wp\/v2\/comments?post=3044"}],"version-history":[{"count":1,"href":"https:\/\/herbalhorizons.co\/fr\/wp-json\/wp\/v2\/pages\/3044\/revisions"}],"predecessor-version":[{"id":3050,"href":"https:\/\/herbalhorizons.co\/fr\/wp-json\/wp\/v2\/pages\/3044\/revisions\/3050"}],"wp:attachment":[{"href":"https:\/\/herbalhorizons.co\/fr\/wp-json\/wp\/v2\/media?parent=3044"}],"curies":[{"name":"wp","href":"https:\/\/api.w.org\/{rel}","templated":true}]}}