{"id":3008,"date":"2024-07-22T14:34:58","date_gmt":"2024-07-22T14:34:58","guid":{"rendered":"https:\/\/herbalhorizons.co\/about-us\/"},"modified":"2025-04-23T14:22:52","modified_gmt":"2025-04-23T14:22:52","slug":"about-us","status":"publish","type":"page","link":"https:\/\/herbalhorizons.co\/fr\/about-us\/","title":{"rendered":"\u00c0 propos de nous"},"content":{"rendered":"\n<div id=\"wd-3af4124f\" class=\"wp-block-wd-row\">\n<div id=\"wd-85afa8ce\" class=\"wp-block-wd-column wd-align\">\n<h2 id=\"wd-26d3e984\" class=\"wp-block-wd-title title\">Concentration naturelle. Soutenu par la science. S\u00e9lectionn\u00e9s de mani\u00e8re r\u00e9fl\u00e9chie.  <\/h2>\n\n\n\n<p id=\"wd-9982ce2c\" class=\"wp-block-wd-paragraph\">Herbal Horizons a \u00e9t\u00e9 cr\u00e9\u00e9 pour apporter de la clart\u00e9 dans un espace qui est souvent confus. Bas\u00e9s aux Pays-Bas, nous proposons des g\u00e9n\u00e9tiques de cannabis soigneusement s\u00e9lectionn\u00e9es, des truffes \u00e0 la psilocybine et des compl\u00e9ments de bien-\u00eatre con\u00e7us pour les personnes qui souhaitent se sentir mieux, penser plus clairement ou simplement se reconnecter avec elles-m\u00eames. <\/p>\n\n\n\n<p id=\"wd-6ae632e2\" class=\"wp-block-wd-paragraph\">Nous ne croyons pas aux effets d&rsquo;annonce, mais seulement aux produits qui fonctionnent, qui sont s\u00fbrs et qui proviennent de sources fiables.<\/p>\n\n\n\n<h2 id=\"wd-19c5aa21\" class=\"wp-block-wd-title title\"><br\/>Ce que nous offrons<\/h2>\n\n\n\n<p id=\"wd-179501dc\" class=\"wp-block-wd-paragraph\">Notre s\u00e9lection comprend des graines autoflorissantes de nouvelle g\u00e9n\u00e9ration, des truffes \u00e0 haute puissance et des suppl\u00e9ments cibl\u00e9s, tous choisis pour leur qualit\u00e9, leur coh\u00e9rence et leur utilit\u00e9. Que vous cultiviez vos propres plantes ou que vous choisissiez une microdose pour votre \u00e9quilibre mental, tout ici a une raison d&rsquo;\u00eatre. <\/p>\n<\/div>\n<\/div>\n\n\n\n<div id=\"wd-d4d825fd\" class=\"wp-block-wd-video wd-el-video wd-action-without wd-video-hosted wd-with-aspect-ratio\"><video playsinline loop muted autoplay src=\"https:\/\/herbalhorizons.co\/wp-content\/uploads\/2025\/04\/8139466-hd_1920_1080_30fps.mp4\"><\/video><\/div>\n\n\n\n<div id=\"wd-b380f935\" class=\"wp-block-wd-section\">\n<h2 id=\"wd-30f48cf9\" class=\"wp-block-wd-title title wd-align\">Nos valeurs<\/h2>\n\n\n\n<p id=\"wd-1fe5dc8e\" class=\"wp-block-wd-paragraph wd-align wd-custom-width wd-align-s-center\">Herbal Horizons a \u00e9t\u00e9 fond\u00e9 avec un objectif simple et puissant : reconnecter les gens avec des \u00e9tats naturels de bien-\u00eatre, de clart\u00e9 et de cr\u00e9ativit\u00e9 &#8211; sans le bruit du battage m\u00e9diatique ou de la d\u00e9sinformation. Notre objectif est d&rsquo;\u00e9duquer, d&rsquo;inspirer et d&rsquo;\u00e9lever gr\u00e2ce \u00e0 des produits con\u00e7us par des experts et \u00e0 une exp\u00e9rience client fond\u00e9e sur l&rsquo;attention, la clart\u00e9 et le respect. <\/p>\n\n\n\n<div id=\"wd-cc593c84\" class=\"wp-block-wd-row\">\n<div id=\"wd-1622a87d\" class=\"wp-block-wd-column\">\n<h2 id=\"wd-2f660fd7\" class=\"wp-block-wd-title title\">Transparence Toujours<\/h2>\n\n\n\n<p id=\"wd-8e376d67\" class=\"wp-block-wd-paragraph\">Nous pensons que les clients ne devraient jamais avoir \u00e0 deviner ce qu&rsquo;ils prennent. Chaque produit sur notre site comprend des informations claires sur son origine, son contenu et ses effets escompt\u00e9s. Nous \u00e9vitons les all\u00e9gations vagues et privil\u00e9gions les descriptions honn\u00eates, afin que vous puissiez faire des choix \u00e9clair\u00e9s sans avoir \u00e0 vous poser de questions.  <\/p>\n<\/div>\n\n\n\n<div id=\"wd-a46ac551\" class=\"wp-block-wd-column\">\n<h2 id=\"wd-1f5c2dc3\" class=\"wp-block-wd-title title\">Une qualit\u00e9 ax\u00e9e sur les objectifs<\/h2>\n\n\n\n<p id=\"wd-94dd2431\" class=\"wp-block-wd-paragraph\">Nous ne proposons pas des centaines d&rsquo;articles, mais ce qui r\u00e9pond \u00e0 nos crit\u00e8res. Notre processus de s\u00e9lection comprend une v\u00e9rification d\u00e9taill\u00e9e des fournisseurs, des tests en laboratoire (le cas \u00e9ch\u00e9ant) et un contr\u00f4le r\u00e9gulier de la qualit\u00e9. Si un produit ne r\u00e9pond pas \u00e0 nos attentes en mati\u00e8re de s\u00e9curit\u00e9, de puissance et de coh\u00e9rence, il ne figure pas dans notre catalogue.  <\/p>\n<\/div>\n<\/div>\n\n\n\n<div id=\"wd-254109ee\" class=\"wp-block-wd-row\">\n<div id=\"wd-0cdc2774\" class=\"wp-block-wd-column\">\n<h2 id=\"wd-c0468936\" class=\"wp-block-wd-title title\">Respect des besoins individuels<\/h2>\n\n\n\n<p>Le chemin vers le bien-\u00eatre est diff\u00e9rent pour chacun. Certains cherchent \u00e0 se lib\u00e9rer du stress, d&rsquo;autres veulent cultiver des plantes, am\u00e9liorer leur concentration ou se reconnecter \u00e0 eux-m\u00eames. Nous nous effor\u00e7ons de r\u00e9pondre \u00e0 ces besoins sans porter de jugement. C&rsquo;est pourquoi notre gamme comprend \u00e0 la fois des produits fonctionnels et des produits destin\u00e9s au d\u00e9veloppement personnel ou au repos.   <\/p>\n<\/div>\n\n\n\n<div id=\"wd-3b7c3076\" class=\"wp-block-wd-column\">\n<h2 id=\"wd-3dcfa84d\" class=\"wp-block-wd-title title\">L&rsquo;exp\u00e9rience client est importante<\/h2>\n\n\n\n<p id=\"wd-64094c55\" class=\"wp-block-wd-paragraph\">Nous concevons chaque partie de l&rsquo;exp\u00e9rience d&rsquo;achat &#8211; de l&#8217;emballage discret \u00e0 la bo\u00eete de r\u00e9ception de notre service d&rsquo;assistance &#8211; en gardant \u00e0 l&rsquo;esprit votre vie priv\u00e9e, votre facilit\u00e9 et votre satisfaction. Des questions ? Des inqui\u00e9tudes ? Nous y r\u00e9pondons personnellement. Notre objectif n&rsquo;est pas seulement de vendre des produits, mais d&rsquo;\u00eatre une source fiable de clart\u00e9 et de confiance.    <\/p>\n<\/div>\n<\/div>\n\n\n\n<div id=\"wd-cb673397\" class=\"wp-block-wd-row\">\n<div id=\"wd-b4625a23\" class=\"wp-block-wd-column\">\n<h2 id=\"wd-59bf2df7\" class=\"wp-block-wd-title title wd-align\">Notre emplacement et notre soutien<br\/><\/h2>\n\n\n\n<p id=\"wd-467caa12\" class=\"wp-block-wd-paragraph wd-align\"><\/p>\n\n\n\n<p id=\"wd-6848a245\" class=\"wp-block-wd-paragraph wd-align\">Adresse :<br>Herbal Horizons<br>Omroepweg 11<br>1324 KT, Almere<br>Pays-Bas<br>Heures d&rsquo;ouverture :<br>Du lundi au vendredi &#8211; 09:00 \u00e0 17:00 CET<br>Si vous avez besoin d&rsquo;aide,<br>Nous sommes joignables par courriel \u00e0 tout moment \u00e0 l&rsquo;adresse suivante : info@herbalhorizons.co<\/p>\n<\/div>\n<\/div>\n<\/div>\n","protected":false},"excerpt":{"rendered":"","protected":false},"author":1,"featured_media":0,"parent":0,"menu_order":0,"comment_status":"closed","ping_status":"closed","template":"","meta":{"footnotes":""},"class_list":["post-3008","page","type-page","status-publish","hentry"],"_links":{"self":[{"href":"https:\/\/herbalhorizons.co\/fr\/wp-json\/wp\/v2\/pages\/3008","targetHints":{"allow":["GET"]}}],"collection":[{"href":"https:\/\/herbalhorizons.co\/fr\/wp-json\/wp\/v2\/pages"}],"about":[{"href":"https:\/\/herbalhorizons.co\/fr\/wp-json\/wp\/v2\/types\/page"}],"author":[{"embeddable":true,"href":"https:\/\/herbalhorizons.co\/fr\/wp-json\/wp\/v2\/users\/1"}],"replies":[{"embeddable":true,"href":"https:\/\/herbalhorizons.co\/fr\/wp-json\/wp\/v2\/comments?post=3008"}],"version-history":[{"count":3,"href":"https:\/\/herbalhorizons.co\/fr\/wp-json\/wp\/v2\/pages\/3008\/revisions"}],"predecessor-version":[{"id":3027,"href":"https:\/\/herbalhorizons.co\/fr\/wp-json\/wp\/v2\/pages\/3008\/revisions\/3027"}],"wp:attachment":[{"href":"https:\/\/herbalhorizons.co\/fr\/wp-json\/wp\/v2\/media?parent=3008"}],"curies":[{"name":"wp","href":"https:\/\/api.w.org\/{rel}","templated":true}]}}