{"id":2926,"date":"2025-04-13T09:48:55","date_gmt":"2025-04-13T09:48:55","guid":{"rendered":"https:\/\/herbalhorizons.co\/product\/mexicana-kit-de-cultivo-de-setas-magicas\/"},"modified":"2025-04-23T11:22:42","modified_gmt":"2025-04-23T11:22:42","slug":"mexicana-kit-de-cultivo-de-setas-magicas","status":"publish","type":"product","link":"https:\/\/herbalhorizons.co\/es\/producto\/mexicana-kit-de-cultivo-de-setas-magicas\/","title":{"rendered":"Mexicana &#8211; Kit de cultivo de setas m\u00e1gicas"},"content":{"rendered":"\n<div id=\"wd-67ebcd5c\" class=\"wp-block-wd-row\">\n<div id=\"wd-af8a8c9f\" class=\"wp-block-wd-column\">\n<h2 id=\"wd-3cbb8ed8\" class=\"wp-block-wd-title title\">\u00bfPor qu\u00e9 Mexicana?<\/h2>\n\n\n\n<ul class=\"wp-block-list\">\n<li><strong>Perfil del viaje:<\/strong> Calma, euforia, expansi\u00f3n del pensamiento: un gran compa\u00f1ero para la creatividad en solitario o los viajes sociales ligeros.<\/li>\n\n\n\n<li><strong>Cosecha media: <\/strong>400-500g con los cuidados adecuados y m\u00faltiples brotes<\/li>\n\n\n\n<li><strong>Origen: <\/strong>Am\u00e9rica Central &#8211; ra\u00edces espirituales, percepciones universales.<\/li>\n<\/ul>\n<\/div>\n\n\n\n<div id=\"wd-33e24f4e\" class=\"wp-block-wd-column\">\n<div id=\"wd-cf5fd1b7\" class=\"wp-block-wd-table\">\n<figure class=\"wp-block-table\"><table><thead><tr><th>Especificaciones Breves<\/th><\/tr><\/thead><tbody><tr><td><strong>Cepa: <\/strong>Psilocybe Cubensis Mexicana<\/td><\/tr><tr><td><strong>Dificultad<\/strong>: F\u00e1cil<\/td><\/tr><tr><td><strong>Fuerza:<\/strong> Moderada<\/td><\/tr><tr><td><strong>Colonizaci\u00f3n: <\/strong>10-14 d\u00edas a 28-30\u00b0C<\/td><\/tr><tr><td><strong>Fructificaci\u00f3n:<\/strong> 14-21 d\u00edas a 18-27\u00b0C<\/td><\/tr><tr><td><strong>Almacenamiento: <\/strong>Utilizar inmediatamente o refrigerar (m\u00e1ximo 1 mes)<\/td><\/tr><\/tbody><\/table><\/figure>\n<\/div>\n<\/div>\n\n\n\n<div id=\"wd-c78be697\" class=\"wp-block-wd-column\">\n<h2 id=\"wd-491a5234\" class=\"wp-block-wd-title title\">Contenido del Kit<\/h2>\n\n\n\n<ul class=\"wp-block-list\">\n<li>Growbox de 1200cc de sustrato (100% micelio activo)<\/li>\n\n\n\n<li>Bolsa de cultivo filtrada para mantener un microclima ideal<\/li>\n\n\n\n<li>Clips para un cierre limpio<\/li>\n\n\n\n<li>Instrucciones f\u00e1ciles de seguir para un cultivo completo<\/li>\n<\/ul>\n<\/div>\n<\/div>\n","protected":false},"excerpt":{"rendered":"<p class=\"\" data-start=\"269\" data-end=\"382\"><strong data-start=\"269\" data-end=\"325\">El cl\u00e1sico. Suave, claro y espiritualmente curioso. <\/strong><br data-start=\"325\" data-end=\"328\">Amado por m\u00e1s de <strong data-start=\"342\" data-end=\"382\">100 mic\u00f3logos y exploradores de mentes<\/strong>.<\/p>\n<h4 class=\"\" data-start=\"592\" data-end=\"619\">Conoce a la Mexicana<\/h4>\n<p class=\"\" data-start=\"620\" data-end=\"927\">Ad\u00e9ntrate en el suave y dorado camino de la psicodelia con nuestro kit de cultivo de Mexicana <strong data-start=\"679\" data-end=\"718\">Psilocybe Cubensis<\/strong>.<br data-start=\"719\" data-end=\"722\">F\u00e1cil de cultivar. Profundamente gratificante. Conocida por su energ\u00eda c\u00e1lida e introspectiva y sus frutos bellamente estructurados, este kit es perfecto tanto para principiantes como para cultivadores experimentados que buscan claridad por encima del caos.  <\/p>\n<p class=\"\" data-start=\"929\" data-end=\"1046\">Esta es tu entrada al arquetipo psicod\u00e9lico: subidones suaves, pensamientos resplandecientes y una vibraci\u00f3n interior que hace clic.<\/p>\n","protected":false},"featured_media":2308,"comment_status":"open","ping_status":"closed","template":"","meta":[],"product_brand":[],"product_cat":[130],"product_tag":[213,212,214],"class_list":{"0":"post-2926","1":"product","2":"type-product","3":"status-publish","4":"has-post-thumbnail","6":"product_cat-mushroom-kits-es-2","7":"product_tag-kits-de-cultivo","8":"product_tag-kits-de-hongos","9":"product_tag-psilocibina-es","11":"first","12":"outofstock","13":"shipping-taxable","14":"purchasable","15":"product-type-simple"},"_links":{"self":[{"href":"https:\/\/herbalhorizons.co\/es\/wp-json\/wp\/v2\/product\/2926","targetHints":{"allow":["GET"]}}],"collection":[{"href":"https:\/\/herbalhorizons.co\/es\/wp-json\/wp\/v2\/product"}],"about":[{"href":"https:\/\/herbalhorizons.co\/es\/wp-json\/wp\/v2\/types\/product"}],"replies":[{"embeddable":true,"href":"https:\/\/herbalhorizons.co\/es\/wp-json\/wp\/v2\/comments?post=2926"}],"wp:featuredmedia":[{"embeddable":true,"href":"https:\/\/herbalhorizons.co\/es\/wp-json\/wp\/v2\/media\/2308"}],"wp:attachment":[{"href":"https:\/\/herbalhorizons.co\/es\/wp-json\/wp\/v2\/media?parent=2926"}],"wp:term":[{"taxonomy":"product_brand","embeddable":true,"href":"https:\/\/herbalhorizons.co\/es\/wp-json\/wp\/v2\/product_brand?post=2926"},{"taxonomy":"product_cat","embeddable":true,"href":"https:\/\/herbalhorizons.co\/es\/wp-json\/wp\/v2\/product_cat?post=2926"},{"taxonomy":"product_tag","embeddable":true,"href":"https:\/\/herbalhorizons.co\/es\/wp-json\/wp\/v2\/product_tag?post=2926"}],"curies":[{"name":"wp","href":"https:\/\/api.w.org\/{rel}","templated":true}]}}