{"id":2920,"date":"2025-04-13T09:54:23","date_gmt":"2025-04-13T09:54:23","guid":{"rendered":"https:\/\/herbalhorizons.co\/product\/mckennaii-kit-de-cultivo-de-hongos-magicos\/"},"modified":"2025-04-23T11:00:31","modified_gmt":"2025-04-23T11:00:31","slug":"mckennaii-kit-de-cultivo-de-hongos-magicos","status":"publish","type":"product","link":"https:\/\/herbalhorizons.co\/es\/producto\/mckennaii-kit-de-cultivo-de-hongos-magicos\/","title":{"rendered":"McKennaii &#8211; Kit de cultivo de hongos m\u00e1gicos"},"content":{"rendered":"\n<div id=\"wd-67ebcd5c\" class=\"wp-block-wd-row\">\n<div id=\"wd-af8a8c9f\" class=\"wp-block-wd-column\">\n<h2 id=\"wd-3cbb8ed8\" class=\"wp-block-wd-title title\">\u00bfPor qu\u00e9 McKennaii?<\/h2>\n\n\n\n<ul class=\"wp-block-list\">\n<li><strong>Efectos<\/strong>: Alucinaciones v\u00edvidas, deformaci\u00f3n del tiempo, descargas c\u00f3smicas.<\/li>\n\n\n\n<li><strong>Potencia<\/strong>: Alta &#8211; para viajeros experimentados o valientes iniciados<\/li>\n\n\n\n<li><strong>Cosecha<\/strong>: 400-500g con los cuidados adecuados y m\u00faltiples lavados<\/li>\n\n\n\n<li><strong>Vibe<\/strong>: Crecimiento r\u00e1pido, fructificaci\u00f3n fuerte, impacto intenso<\/li>\n<\/ul>\n<\/div>\n\n\n\n<div id=\"wd-33e24f4e\" class=\"wp-block-wd-column\">\n<div id=\"wd-cf5fd1b7\" class=\"wp-block-wd-table\">\n<figure class=\"wp-block-table\"><table><thead><tr><th>Especificaciones Breves<\/th><\/tr><\/thead><tbody><tr><td><strong>Cepa<\/strong>: Psilocybe McKennaii<\/td><\/tr><tr><td><strong>Dificultad<\/strong>: F\u00e1cil<\/td><\/tr><tr><td><strong>Potencia<\/strong>: Alta<\/td><\/tr><tr><td><strong>Tiempo de colonizaci\u00f3n:<\/strong> 12-14 d\u00edas (28-30\u00b0C)<\/td><\/tr><tr><td><strong>\u00c9poca de fructificaci\u00f3n:<\/strong> 14-21 d\u00edas (18-27\u00b0C)<\/td><\/tr><tr><td><strong>Almacenamiento:<\/strong> Refrigerar hasta 1 mes antes de usar<\/td><\/tr><\/tbody><\/table><\/figure>\n<\/div>\n<\/div>\n\n\n\n<div id=\"wd-c78be697\" class=\"wp-block-wd-column\">\n<h2 id=\"wd-491a5234\" class=\"wp-block-wd-title title\">Contenido del Kit<\/h2>\n\n\n\n<ul class=\"wp-block-list\">\n<li>1200cc growbox (100% micelio activo)<\/li>\n\n\n\n<li>Bolsa de cultivo filtrada para crear el microclima adecuado<\/li>\n\n\n\n<li>Clips para un cierre sencillo<\/li>\n\n\n\n<li>Instrucciones de cultivo completas de principio a fin<\/li>\n<\/ul>\n<\/div>\n<\/div>\n","protected":false},"excerpt":{"rendered":"<p class=\"\" data-start=\"271\" data-end=\"305\"><strong data-start=\"273\" data-end=\"338\">Im\u00e1genes intensas. Introspecci\u00f3n radical. Lleva el nombre de una leyenda.  <\/strong><\/p>\n<p class=\"\" data-start=\"627\" data-end=\"883\">Esta variedad es un tributo a <strong data-start=\"655\" data-end=\"674\">Terence McKenna<\/strong>, psiconauta, fil\u00f3sofo y padrino del pensamiento psicod\u00e9lico profundo. Espera lo inesperado: efectos visuales intensos, distorsi\u00f3n del ego y visiones agudas y en espiral. Esta es una variedad para atrevidos, no para curiosos.  <\/p>\n<p data-start=\"627\" data-end=\"883\"><strong data-start=\"1735\" data-end=\"1780\">No para los d\u00e9biles. Este es el verdadero viaje. <\/strong><br data-start=\"1780\" data-end=\"1783\">Las setas McKennaii son para quienes buscan algo m\u00e1s que im\u00e1genes: son para quienes persiguen la verdad en estado puro.<\/p>\n","protected":false},"featured_media":2314,"comment_status":"open","ping_status":"closed","template":"","meta":[],"product_brand":[],"product_cat":[130],"product_tag":[213,212,214],"class_list":{"0":"post-2920","1":"product","2":"type-product","3":"status-publish","4":"has-post-thumbnail","6":"product_cat-mushroom-kits-es-2","7":"product_tag-kits-de-cultivo","8":"product_tag-kits-de-hongos","9":"product_tag-psilocibina-es","11":"first","12":"outofstock","13":"shipping-taxable","14":"purchasable","15":"product-type-simple"},"_links":{"self":[{"href":"https:\/\/herbalhorizons.co\/es\/wp-json\/wp\/v2\/product\/2920","targetHints":{"allow":["GET"]}}],"collection":[{"href":"https:\/\/herbalhorizons.co\/es\/wp-json\/wp\/v2\/product"}],"about":[{"href":"https:\/\/herbalhorizons.co\/es\/wp-json\/wp\/v2\/types\/product"}],"replies":[{"embeddable":true,"href":"https:\/\/herbalhorizons.co\/es\/wp-json\/wp\/v2\/comments?post=2920"}],"wp:featuredmedia":[{"embeddable":true,"href":"https:\/\/herbalhorizons.co\/es\/wp-json\/wp\/v2\/media\/2314"}],"wp:attachment":[{"href":"https:\/\/herbalhorizons.co\/es\/wp-json\/wp\/v2\/media?parent=2920"}],"wp:term":[{"taxonomy":"product_brand","embeddable":true,"href":"https:\/\/herbalhorizons.co\/es\/wp-json\/wp\/v2\/product_brand?post=2920"},{"taxonomy":"product_cat","embeddable":true,"href":"https:\/\/herbalhorizons.co\/es\/wp-json\/wp\/v2\/product_cat?post=2920"},{"taxonomy":"product_tag","embeddable":true,"href":"https:\/\/herbalhorizons.co\/es\/wp-json\/wp\/v2\/product_tag?post=2920"}],"curies":[{"name":"wp","href":"https:\/\/api.w.org\/{rel}","templated":true}]}}