{"id":2914,"date":"2025-04-14T15:56:05","date_gmt":"2025-04-14T15:56:05","guid":{"rendered":"https:\/\/herbalhorizons.co\/product\/bruce-banner-semillas-de-cannabis-autoflorecientes\/"},"modified":"2025-04-23T10:29:12","modified_gmt":"2025-04-23T10:29:12","slug":"bruce-banner-semillas-de-cannabis-autoflorecientes","status":"publish","type":"product","link":"https:\/\/herbalhorizons.co\/es\/producto\/bruce-banner-semillas-de-cannabis-autoflorecientes\/","title":{"rendered":"Bruce Banner \u2013 Semillas de Cannabis Autoflorecientes"},"content":{"rendered":"\n<div id=\"wd-67ebcd5c\" class=\"wp-block-wd-row\">\n<div id=\"wd-af8a8c9f\" class=\"wp-block-wd-column\">\n<h2 id=\"wd-3cbb8ed8\" class=\"wp-block-wd-title title\">Efectos:<\/h2>\n\n\n\n<ul class=\"wp-block-list\">\n<li>Efecto mental euf\u00f3rico y estimulante<\/li>\n\n\n\n<li>Potencia la creatividad y la concentraci\u00f3n<\/li>\n\n\n\n<li>Excelente para tareas activas o flujo art\u00edstico<\/li>\n\n\n\n<li>Claridad duradera con energ\u00eda jubilosa<\/li>\n<\/ul>\n\n\n\n<h2 id=\"wd-58fbe819\" class=\"wp-block-wd-title title\">Sabor y aroma:<\/h2>\n\n\n\n<ul class=\"wp-block-list\">\n<li>Predominantemente a di\u00e9sel con matices terrosos y dulces<\/li>\n\n\n\n<li>Notas de frutas florales y pino<\/li>\n\n\n\n<li>Humo denso con fuerte aroma<\/li>\n<\/ul>\n<\/div>\n\n\n\n<div id=\"wd-33e24f4e\" class=\"wp-block-wd-column\">\n<div id=\"wd-cf5fd1b7\" class=\"wp-block-wd-table\">\n<figure class=\"wp-block-table\"><table><thead><tr><th>Lo que obtiene:<\/th><\/tr><\/thead><tbody><tr><td><strong>Gen\u00e9tica:<\/strong> Bruce Banner x Gorilla Girl XL  <\/td><\/tr><tr><td><strong>Tipo de semilla:<\/strong> Autofloreciente<\/td><\/tr><tr><td><strong>Proporci\u00f3n Sativa\/\u00cdndica:<\/strong> 60% Sativa \/ 40% \u00cdndica<\/td><\/tr><tr><td><strong>Rendimiento en Exterior:<\/strong> 50\u2013150g por planta<\/td><\/tr><tr><td><strong>Tiempo de Floraci\u00f3n:<\/strong> 9 semanas desde la semilla<\/td><\/tr><tr><td><strong>Altura:<\/strong> 50\u2013110cm<\/td><\/tr><tr><td><strong>Clima:<\/strong> Adaptable a cultivo interior\/exterior<\/td><\/tr><tr><td><strong>THC:<\/strong> 18\u201325%+ \/ <strong>CBD:<\/strong> 0.1%<\/td><\/tr><tr><td><strong>Resistencia al Moho:<\/strong> Buena<\/td><\/tr><\/tbody><\/table><\/figure>\n<\/div>\n<\/div>\n\n\n\n<div id=\"wd-c78be697\" class=\"wp-block-wd-column\">\n<h2 id=\"wd-5b579f2e\" class=\"wp-block-wd-title title\">\u00bfPor qu\u00e9 elegir Bruce Banner Auto?<\/h2>\n\n\n\n<ul class=\"wp-block-list\">\n<li>Autofloreciente oficial de 7\u00aa generaci\u00f3n \u2014 r\u00e1pida y estable<\/li>\n\n\n\n<li>Coloc\u00f3n legendario del clon de \u00e9lite original<\/li>\n\n\n\n<li>Linaje de Gorilla Girl XL = producci\u00f3n de resina de siguiente nivel<\/li>\n\n\n\n<li>Potente, compacta y muy arom\u00e1tica<\/li>\n<\/ul>\n\n\n\n<h2 id=\"wd-f4daca0b\" class=\"wp-block-wd-title title\">Consejos de cultivo:<\/h2>\n\n\n\n<ul class=\"wp-block-list\">\n<li>El entrenamiento de bajo estr\u00e9s (LST) temprano mejora la expansi\u00f3n del dosel<\/li>\n\n\n\n<li>Terpenos a di\u00e9sel = fuerte olor \u2014 use filtros en interiores<\/li>\n\n\n\n<li>Alimente bien durante la floraci\u00f3n \u2014 ama el potasio y el f\u00f3sforo<\/li>\n\n\n\n<li>Excelente para cultivos r\u00e1pidos y discretos en interior<\/li>\n\n\n\n<li>M\u00e1ximo sabor si se cosecha a las 9 semanas completas de madurez<\/li>\n<\/ul>\n\n\n\n<h2 id=\"wd-37c5c520\" class=\"wp-block-wd-title title\">Ideal Para:<\/h2>\n\n\n\n<ul class=\"wp-block-list\">\n<li>Aficionados a la gen\u00e9tica de la Costa Oeste de EE. UU.<\/li>\n\n\n\n<li>Proyectos creativos diurnos<\/li>\n\n\n\n<li>Cultivadores que buscan potencia en espacios reducidos<\/li>\n\n\n\n<li>Fan\u00e1ticos del sabor a combustible<\/li>\n<\/ul>\n<\/div>\n<\/div>\n","protected":false},"excerpt":{"rendered":"<h4 class=\"\" data-start=\"397\" data-end=\"434\"><strong data-start=\"222\" data-end=\"273\">\ud83d\udd25 La leyenda se vuelve autom\u00e1tica. R\u00e1pida, feroz y llena de sabor. <br data-start=\"258\" data-end=\"261\"><\/strong><\/h4>\n<p>Hasta 25% de THC | 60% Sativa | Euf\u00f3rico, creativo, coloc\u00f3n con aroma a di\u00e9sel<\/p>\n<p class=\"\" data-start=\"496\" data-end=\"796\"><strong data-start=\"496\" data-end=\"526\">Bruce Banner <\/strong> es una versi\u00f3n autofloreciente de s\u00e9ptima generaci\u00f3n del ic\u00f3nico <strong data-start=\"583\" data-end=\"599\">Bruce Banner<\/strong>, cruzada con <strong data-start=\"611\" data-end=\"636\">Gorilla Girl XL Auto\u00ae<\/strong> para obtener a\u00fan m\u00e1s resina y aroma. Desarrollada en Colorado y repleta de intensidad afrutada con notas a di\u00e9sel, esta es una variedad potente para creativos y amantes de las sativas por igual. <\/p>\n","protected":false},"featured_media":2554,"comment_status":"open","ping_status":"closed","template":"","meta":[],"product_brand":[],"product_cat":[116,124],"product_tag":[165,163,164],"class_list":{"0":"post-2914","1":"product","2":"type-product","3":"status-publish","4":"has-post-thumbnail","6":"product_cat-cannabis-seeds-es-2","7":"product_cat-autoflowering-seeds-es-2","8":"product_tag-autofloreciente","9":"product_tag-cannabis-es","10":"product_tag-semillas","12":"first","13":"outofstock","14":"shipping-taxable","15":"purchasable","16":"product-type-simple"},"_links":{"self":[{"href":"https:\/\/herbalhorizons.co\/es\/wp-json\/wp\/v2\/product\/2914","targetHints":{"allow":["GET"]}}],"collection":[{"href":"https:\/\/herbalhorizons.co\/es\/wp-json\/wp\/v2\/product"}],"about":[{"href":"https:\/\/herbalhorizons.co\/es\/wp-json\/wp\/v2\/types\/product"}],"replies":[{"embeddable":true,"href":"https:\/\/herbalhorizons.co\/es\/wp-json\/wp\/v2\/comments?post=2914"}],"wp:featuredmedia":[{"embeddable":true,"href":"https:\/\/herbalhorizons.co\/es\/wp-json\/wp\/v2\/media\/2554"}],"wp:attachment":[{"href":"https:\/\/herbalhorizons.co\/es\/wp-json\/wp\/v2\/media?parent=2914"}],"wp:term":[{"taxonomy":"product_brand","embeddable":true,"href":"https:\/\/herbalhorizons.co\/es\/wp-json\/wp\/v2\/product_brand?post=2914"},{"taxonomy":"product_cat","embeddable":true,"href":"https:\/\/herbalhorizons.co\/es\/wp-json\/wp\/v2\/product_cat?post=2914"},{"taxonomy":"product_tag","embeddable":true,"href":"https:\/\/herbalhorizons.co\/es\/wp-json\/wp\/v2\/product_tag?post=2914"}],"curies":[{"name":"wp","href":"https:\/\/api.w.org\/{rel}","templated":true}]}}