{"id":2909,"date":"2025-04-14T15:53:02","date_gmt":"2025-04-14T15:53:02","guid":{"rendered":"https:\/\/herbalhorizons.co\/product\/semillas-de-cannabis-autoflorecientes-purple-sunset\/"},"modified":"2025-04-23T10:29:11","modified_gmt":"2025-04-23T10:29:11","slug":"semillas-de-cannabis-autoflorecientes-purple-sunset","status":"publish","type":"product","link":"https:\/\/herbalhorizons.co\/es\/producto\/semillas-de-cannabis-autoflorecientes-purple-sunset\/","title":{"rendered":"Semillas de Cannabis Autoflorecientes Purple Sunset"},"content":{"rendered":"\n<div id=\"wd-67ebcd5c\" class=\"wp-block-wd-row\">\n<div id=\"wd-af8a8c9f\" class=\"wp-block-wd-column\">\n<h2 id=\"wd-3cbb8ed8\" class=\"wp-block-wd-title title\">Efectos:<\/h2>\n\n\n\n<ul class=\"wp-block-list\">\n<li>Elevaci\u00f3n euf\u00f3rica con una disminuci\u00f3n suave<\/li>\n\n\n\n<li>Estimulaci\u00f3n mental equilibrada + relajaci\u00f3n corporal<\/li>\n\n\n\n<li>Excelente para mejorar el estado de \u00e1nimo y aliviar el estr\u00e9s<\/li>\n\n\n\n<li>De larga duraci\u00f3n sin ser abrumador<\/li>\n<\/ul>\n\n\n\n<h2 id=\"wd-58fbe819\" class=\"wp-block-wd-title title\">Sabor y aroma:<\/h2>\n\n\n\n<ul class=\"wp-block-list\">\n<li>Base cremosa de galleta con capas de frutas tropicales<\/li>\n\n\n\n<li>Notas de bayas, c\u00edtricos y vainilla<\/li>\n\n\n\n<li>Inhalaci\u00f3n suave, exhalaci\u00f3n dulce \u2014 postre en cada calada<\/li>\n<\/ul>\n<\/div>\n\n\n\n<div id=\"wd-33e24f4e\" class=\"wp-block-wd-column\">\n<div id=\"wd-cf5fd1b7\" class=\"wp-block-wd-table\">\n<figure class=\"wp-block-table\"><table><thead><tr><th>Lo que obtiene:<\/th><\/tr><\/thead><tbody><tr><td><strong>Gen\u00e9tica:<\/strong> Purple Punch x Sunset Sherbet<\/td><\/tr><tr><td><strong>Tipo de semilla:<\/strong> Autofloreciente<\/td><\/tr><tr><td><strong>Ratio Sativa\/Indica:<\/strong> 50% Sativa \/ 50% Indica<\/td><\/tr><tr><td><strong>Rendimiento en Interior:<\/strong> 550\u2013650g\/m\u00b2<\/td><\/tr><tr><td><strong>Rendimiento en Exterior:<\/strong> 100\u2013200g por planta<\/td><\/tr><tr><td><strong>Tiempo de floraci\u00f3n:<\/strong> 11 semanas desde la semilla<\/td><\/tr><tr><td><strong>Altura en Interior:<\/strong> 80\u2013110cm \/ <strong>Altura en Exterior:<\/strong> 80\u2013110cm<\/td><\/tr><tr><td><strong>THC:<\/strong> 27\u201330% \/ <strong>CBD:<\/strong> Medio<\/td><\/tr><tr><td><strong>Resistencia al Moho:<\/strong> Promedio<\/td><\/tr><\/tbody><\/table><\/figure>\n<\/div>\n<\/div>\n\n\n\n<div id=\"wd-c78be697\" class=\"wp-block-wd-column\">\n<h2 id=\"wd-5b579f2e\" class=\"wp-block-wd-title title\">\u00bfPor qu\u00e9 elegir Purple Sunset Auto?<\/h2>\n\n\n\n<ul class=\"wp-block-list\">\n<li>Perfil de sabor audaz, similar a un postre<\/li>\n\n\n\n<li>Efectos potentes pero equilibrados<\/li>\n\n\n\n<li>Cogollos altamente est\u00e9ticos con tonos morados profundos<\/li>\n\n\n\n<li>F\u00e1cil de cultivar con rendimiento satisfactorio<\/li>\n<\/ul>\n\n\n\n<h2 id=\"wd-f4daca0b\" class=\"wp-block-wd-title title\">Consejos de cultivo:<\/h2>\n\n\n\n<ul class=\"wp-block-list\">\n<li>Responde bien a la LST ligera al principio<\/li>\n\n\n\n<li>Espere tonos morados en la floraci\u00f3n tard\u00eda bajo temperaturas frescas<\/li>\n\n\n\n<li>Asegure un flujo de aire s\u00f3lido para prevenir el moho<\/li>\n\n\n\n<li>Utilice alimentaci\u00f3n rica en terpenos para mejorar el sabor<\/li>\n\n\n\n<li>Deje pasar las 11 semanas completas para maximizar el THC y el sabor<\/li>\n<\/ul>\n\n\n\n<h2 id=\"wd-37c5c520\" class=\"wp-block-wd-title title\">Ideal Para:<\/h2>\n\n\n\n<ul class=\"wp-block-list\">\n<li>Amantes del sabor y buscadores de terpenos<\/li>\n\n\n\n<li>Uso equilibrado diurno o nocturno<\/li>\n\n\n\n<li>Cultivadores que buscan cepas de color y aroma \u00fanicos<\/li>\n\n\n\n<li>Fan\u00e1ticos de los cogollos escarchados, dignos de Instagram<\/li>\n<\/ul>\n<\/div>\n<\/div>\n","protected":false},"excerpt":{"rendered":"<h4 class=\"\" data-start=\"397\" data-end=\"434\"><strong data-start=\"222\" data-end=\"273\">\ud83d\udd25 Vibraciones tropicales. Elevaciones de crema de galleta. <br data-start=\"258\" data-end=\"261\"><\/strong><\/h4>\n<p>27\u201330% THC | Purple Punch x Sunset Sherbet | Sabor audaz, efecto equilibrado.<\/p>\n<p class=\"\" data-start=\"460\" data-end=\"718\">La <strong data-start=\"460\" data-end=\"482\">Purple Sunset Auto<\/strong> combina el golpe recubierto de caramelo de la <strong data-start=\"516\" data-end=\"532\">Purple Punch<\/strong> con el funk c\u00edtrico cremoso de la <strong data-start=\"564\" data-end=\"582\">Sunset Sherbet<\/strong>. Este h\u00edbrido perfectamente equilibrado 50\/50 ofrece un sabor exuberante, efectos potentes y un atractivo visual impresionante en un formato autofloreciente f\u00e1cil de cultivar. <\/p>\n","protected":false},"featured_media":2548,"comment_status":"open","ping_status":"closed","template":"","meta":[],"product_brand":[],"product_cat":[116,124],"product_tag":[165,163,164],"class_list":{"0":"post-2909","1":"product","2":"type-product","3":"status-publish","4":"has-post-thumbnail","6":"product_cat-cannabis-seeds-es-2","7":"product_cat-autoflowering-seeds-es-2","8":"product_tag-autofloreciente","9":"product_tag-cannabis-es","10":"product_tag-semillas","12":"first","13":"outofstock","14":"shipping-taxable","15":"purchasable","16":"product-type-simple"},"_links":{"self":[{"href":"https:\/\/herbalhorizons.co\/es\/wp-json\/wp\/v2\/product\/2909","targetHints":{"allow":["GET"]}}],"collection":[{"href":"https:\/\/herbalhorizons.co\/es\/wp-json\/wp\/v2\/product"}],"about":[{"href":"https:\/\/herbalhorizons.co\/es\/wp-json\/wp\/v2\/types\/product"}],"replies":[{"embeddable":true,"href":"https:\/\/herbalhorizons.co\/es\/wp-json\/wp\/v2\/comments?post=2909"}],"wp:featuredmedia":[{"embeddable":true,"href":"https:\/\/herbalhorizons.co\/es\/wp-json\/wp\/v2\/media\/2548"}],"wp:attachment":[{"href":"https:\/\/herbalhorizons.co\/es\/wp-json\/wp\/v2\/media?parent=2909"}],"wp:term":[{"taxonomy":"product_brand","embeddable":true,"href":"https:\/\/herbalhorizons.co\/es\/wp-json\/wp\/v2\/product_brand?post=2909"},{"taxonomy":"product_cat","embeddable":true,"href":"https:\/\/herbalhorizons.co\/es\/wp-json\/wp\/v2\/product_cat?post=2909"},{"taxonomy":"product_tag","embeddable":true,"href":"https:\/\/herbalhorizons.co\/es\/wp-json\/wp\/v2\/product_tag?post=2909"}],"curies":[{"name":"wp","href":"https:\/\/api.w.org\/{rel}","templated":true}]}}