{"id":2874,"date":"2025-04-14T14:36:08","date_gmt":"2025-04-14T14:36:08","guid":{"rendered":"https:\/\/herbalhorizons.co\/product\/la-autentica-amnesia-semillas-de-cannabis-feminizadas\/"},"modified":"2025-04-23T10:27:47","modified_gmt":"2025-04-23T10:27:47","slug":"la-autentica-amnesia-semillas-de-cannabis-feminizadas","status":"publish","type":"product","link":"https:\/\/herbalhorizons.co\/es\/producto\/la-autentica-amnesia-semillas-de-cannabis-feminizadas\/","title":{"rendered":"La Aut\u00e9ntica Amnesia \u2013 Semillas de Cannabis Feminizadas"},"content":{"rendered":"\n<div id=\"wd-67ebcd5c\" class=\"wp-block-wd-row\">\n<div id=\"wd-af8a8c9f\" class=\"wp-block-wd-column\">\n<h2 id=\"wd-3cbb8ed8\" class=\"wp-block-wd-title title\">Efectos:<\/h2>\n\n\n\n<ul class=\"wp-block-list\">\n<li>Potente efecto cerebral con energ\u00eda duradera<\/li>\n\n\n\n<li>Poderosa estimulaci\u00f3n mental sin ansiedad<\/li>\n\n\n\n<li>Excelente para la creatividad, conversaciones profundas o d\u00edas ocupados<\/li>\n\n\n\n<li>Euforia al estilo sativa con aterrizajes suaves<\/li>\n<\/ul>\n\n\n\n<h2 id=\"wd-58fbe819\" class=\"wp-block-wd-title title\">Sabor y aroma:<\/h2>\n\n\n\n<ul class=\"wp-block-list\">\n<li>Cl\u00e1sica <strong>haze de lim\u00f3n penetrante<\/strong><\/li>\n\n\n\n<li>Base picante y herb\u00e1cea con compleja dulzura de haze<\/li>\n\n\n\n<li>Fiel al clon original de Amnesia holandesa<\/li>\n\n\n\n<li>Sabor intenso que perdura y despierta los sentidos<\/li>\n<\/ul>\n<\/div>\n\n\n\n<div id=\"wd-33e24f4e\" class=\"wp-block-wd-column\">\n<div id=\"wd-cf5fd1b7\" class=\"wp-block-wd-table\">\n<figure class=\"wp-block-table\"><table><thead><tr><th>Lo que obtiene:<\/th><\/tr><\/thead><tbody><tr><td><strong>Gen\u00e9tica:<\/strong> Amnesia x Amnesia<\/td><\/tr><tr><td><strong>Tipo de semilla:<\/strong> Feminizada<\/td><\/tr><tr><td><strong>Rendimiento en interior:<\/strong> 650\u2013750g\/m\u00b2<\/td><\/tr><tr><td><strong>Rendimiento en Exterior:<\/strong> 750g+ por planta<\/td><\/tr><tr><td><strong>Tiempo de Floraci\u00f3n:<\/strong> 9 semanas (Interior)<\/td><\/tr><tr><td><strong>Mes de Cosecha:<\/strong> Finales de octubre (Exterior)<\/td><\/tr><tr><td><strong>Altura:<\/strong> 130\u2013160cm Interior \/ 200\u2013240cm Exterior<\/td><\/tr><tr><td><strong>THC:<\/strong> 24\u201326%, <strong>CBD:<\/strong> Bajo<\/td><\/tr><tr><td><strong>Resistencia al moho:<\/strong> Alta<\/td><\/tr><\/tbody><\/table><\/figure>\n<\/div>\n<\/div>\n\n\n\n<div id=\"wd-c78be697\" class=\"wp-block-wd-column\">\n<h2 id=\"wd-5b579f2e\" class=\"wp-block-wd-title title\">Apariencia del cogollo<\/h2>\n\n\n\n<ul class=\"wp-block-list\">\n<li>Cogollos verde esmeralda con tonos rosas y p\u00farpuras<\/li>\n\n\n\n<li>Gruesa capa de tricomas relucientes<\/li>\n\n\n\n<li>Pistilos naranja fuego<\/li>\n\n\n\n<li>Una obra maestra visual escarchada y resplandeciente<\/li>\n<\/ul>\n\n\n\n<h2 id=\"wd-f4daca0b\" class=\"wp-block-wd-title title\">Consejos de cultivo:<\/h2>\n\n\n\n<ul class=\"wp-block-list\">\n<li>Sativa expansiva \u2014 puede necesitar soporte en interior<\/li>\n\n\n\n<li>Se adapta f\u00e1cilmente a climas c\u00e1lidos y fr\u00edos<\/li>\n\n\n\n<li>Estructura gratificante con colas densas y resina resplandeciente<\/li>\n\n\n\n<li>Fuerte resistencia al moho, ideal para cosechas exteriores a finales de octubre<\/li>\n<\/ul>\n\n\n\n<h2 id=\"wd-37c5c520\" class=\"wp-block-wd-title title\">Ideal Para:<\/h2>\n\n\n\n<ul class=\"wp-block-list\">\n<li>Cannasseurs en busca del aut\u00e9ntico sabor de la Amnesia holandesa<\/li>\n\n\n\n<li>Cultivadores que desean altos rendimientos con rasgos aut\u00e9nticos de haze<\/li>\n\n\n\n<li>Enfoque mental y estimulaci\u00f3n diurna<\/li>\n\n\n\n<li>Criadores en busca de gen\u00e9tica haze pura \u2014 sin variedades blancas involucradas<\/li>\n<\/ul>\n<\/div>\n<\/div>\n","protected":false},"excerpt":{"rendered":"<h4 class=\"\" data-start=\"397\" data-end=\"434\"><strong data-start=\"222\" data-end=\"273\">\ud83d\udd25 Leyenda renacida. Pura haze holandesa. Sin cruce blanco.  <br data-start=\"258\" data-end=\"261\"><\/strong><\/h4>\n<p>La \u00fanica Amnesia verdadera proveniente del linaje original de clones holandeses.<\/p>\n<p class=\"\" data-start=\"526\" data-end=\"797\">Tras 1,5 a\u00f1os de meticulosa reproducci\u00f3n, <strong data-start=\"566\" data-end=\"586\">La Aut\u00e9ntica Amnesia<\/strong> est\u00e1 aqu\u00ed \u2014 no es un h\u00edbrido, ni un cruce, sino la genuina <strong data-start=\"640\" data-end=\"668\">Amnesia holandesa solo de clon<\/strong>, ahora en forma de semilla. Sin White Widow. Sin diluci\u00f3n. Solo 100% aut\u00e9ntica haze con sabor explosivo a c\u00edtricos y especias y poder estimulante.   <\/p>\n<p data-start=\"526\" data-end=\"797\"><strong data-start=\"2456\" data-end=\"2543\">No acepte imitaciones. Esta es la verdadera Amnesia \u2014 directamente del clon holand\u00e9s a semilla. <\/strong><\/p>\n","protected":false},"featured_media":2506,"comment_status":"open","ping_status":"closed","template":"","meta":[],"product_brand":[],"product_cat":[116,127],"product_tag":[163,211,164],"class_list":{"0":"post-2874","1":"product","2":"type-product","3":"status-publish","4":"has-post-thumbnail","6":"product_cat-cannabis-seeds-es-2","7":"product_cat-feminized-seeds-es-2","8":"product_tag-cannabis-es","9":"product_tag-feminizada-es","10":"product_tag-semillas","12":"first","13":"outofstock","14":"shipping-taxable","15":"purchasable","16":"product-type-simple"},"_links":{"self":[{"href":"https:\/\/herbalhorizons.co\/es\/wp-json\/wp\/v2\/product\/2874","targetHints":{"allow":["GET"]}}],"collection":[{"href":"https:\/\/herbalhorizons.co\/es\/wp-json\/wp\/v2\/product"}],"about":[{"href":"https:\/\/herbalhorizons.co\/es\/wp-json\/wp\/v2\/types\/product"}],"replies":[{"embeddable":true,"href":"https:\/\/herbalhorizons.co\/es\/wp-json\/wp\/v2\/comments?post=2874"}],"wp:featuredmedia":[{"embeddable":true,"href":"https:\/\/herbalhorizons.co\/es\/wp-json\/wp\/v2\/media\/2506"}],"wp:attachment":[{"href":"https:\/\/herbalhorizons.co\/es\/wp-json\/wp\/v2\/media?parent=2874"}],"wp:term":[{"taxonomy":"product_brand","embeddable":true,"href":"https:\/\/herbalhorizons.co\/es\/wp-json\/wp\/v2\/product_brand?post=2874"},{"taxonomy":"product_cat","embeddable":true,"href":"https:\/\/herbalhorizons.co\/es\/wp-json\/wp\/v2\/product_cat?post=2874"},{"taxonomy":"product_tag","embeddable":true,"href":"https:\/\/herbalhorizons.co\/es\/wp-json\/wp\/v2\/product_tag?post=2874"}],"curies":[{"name":"wp","href":"https:\/\/api.w.org\/{rel}","templated":true}]}}