{"id":2868,"date":"2025-04-14T15:38:47","date_gmt":"2025-04-14T15:38:47","guid":{"rendered":"https:\/\/herbalhorizons.co\/product\/red-jack-semillas-de-cannabis-autoflorecientes\/"},"modified":"2025-04-23T10:27:29","modified_gmt":"2025-04-23T10:27:29","slug":"red-jack-semillas-de-cannabis-autoflorecientes","status":"publish","type":"product","link":"https:\/\/herbalhorizons.co\/es\/producto\/red-jack-semillas-de-cannabis-autoflorecientes\/","title":{"rendered":"Red Jack \u2013 Semillas de Cannabis Autoflorecientes"},"content":{"rendered":"\n<div id=\"wd-67ebcd5c\" class=\"wp-block-wd-row\">\n<div id=\"wd-af8a8c9f\" class=\"wp-block-wd-column\">\n<h2 id=\"wd-3cbb8ed8\" class=\"wp-block-wd-title title\">Efectos:<\/h2>\n\n\n\n<ul class=\"wp-block-list\">\n<li>Cl\u00e1sico efecto cerebral con claridad estimulante<\/li>\n\n\n\n<li>Potencia la creatividad y la energ\u00eda<\/li>\n\n\n\n<li>Sensaci\u00f3n corporal ligera \u2014 sin efecto sedante<\/li>\n\n\n\n<li>Perfecta para actividades diurnas y concentraci\u00f3n<\/li>\n<\/ul>\n\n\n\n<h2 id=\"wd-58fbe819\" class=\"wp-block-wd-title title\">Sabor y aroma:<\/h2>\n\n\n\n<ul class=\"wp-block-list\">\n<li>Aroma herb\u00e1ceo y brumoso con notas frutales<\/li>\n\n\n\n<li>Regusto dulce a skunk con nitidez sativa<\/li>\n\n\n\n<li>Sabor nost\u00e1lgico para los aficionados al haze<\/li>\n<\/ul>\n<\/div>\n\n\n\n<div id=\"wd-33e24f4e\" class=\"wp-block-wd-column\">\n<div id=\"wd-cf5fd1b7\" class=\"wp-block-wd-table\">\n<figure class=\"wp-block-table\"><table><thead><tr><th>Lo que obtiene:<\/th><\/tr><\/thead><tbody><tr><td><strong>Gen\u00e9tica:<\/strong> Jack Herer x Red Durban<\/td><\/tr><tr><td><strong>Tipo de semilla:<\/strong> Autofloreciente<\/td><\/tr><tr><td><strong>Ratio Sativa\/Indica:<\/strong> 70% Sativa \/ 30% Indica<\/td><\/tr><tr><td><strong>Rendimiento en Interior:<\/strong> 550\u2013650g\/m\u00b2<\/td><\/tr><tr><td><strong>Altura en Interior:<\/strong> 60\u201390cm \/ <strong>Altura en Exterior:<\/strong> 60\u201390cm<\/td><\/tr><tr><td><strong>Tiempo de floraci\u00f3n:<\/strong> 11 semanas desde la semilla<\/td><\/tr><tr><td><strong>Clima:<\/strong> Apto para entornos c\u00e1lidos y fr\u00edos<\/td><\/tr><tr><td><strong>THC:<\/strong> 21\u201323% \/ <strong>CBD:<\/strong> Medio<\/td><\/tr><tr><td><strong>Resistencia al moho:<\/strong> Alta<\/td><\/tr><\/tbody><\/table><\/figure>\n<\/div>\n<\/div>\n\n\n\n<div id=\"wd-c78be697\" class=\"wp-block-wd-column\">\n<h2 id=\"wd-5b579f2e\" class=\"wp-block-wd-title title\">\u00bfPor qu\u00e9 elegir Red Jack?<\/h2>\n\n\n\n<ul class=\"wp-block-list\">\n<li>Coloraci\u00f3n roja \u00fanica en el 60% de las plantas<\/li>\n\n\n\n<li>Linaje cl\u00e1sico de haze Jack Herer<\/li>\n\n\n\n<li>Alta energ\u00eda sin ansiedad<\/li>\n\n\n\n<li>Excelente resistencia al moho + crecimiento estable<\/li>\n\n\n\n<li>Fenotipo raro con caracter\u00edsticas visuales y efectos destacados<\/li>\n<\/ul>\n\n\n\n<h2 id=\"wd-f4daca0b\" class=\"wp-block-wd-title title\">Consejos de cultivo:<\/h2>\n\n\n\n<ul class=\"wp-block-list\">\n<li>Mantener el ciclo de luz constante \u2014 se beneficia de 20\/4 en interior<\/li>\n\n\n\n<li>Un flujo de aire fuerte mejora la expresi\u00f3n de terpenos<\/li>\n\n\n\n<li>Las temperaturas m\u00e1s fr\u00edas ayudan a intensificar los tonos rojos en la floraci\u00f3n<\/li>\n\n\n\n<li>Poda m\u00ednima necesaria \u2014 crece esbelta y manejable<\/li>\n\n\n\n<li>Dejar madurar las 11 semanas completas para m\u00e1xima potencia y color<\/li>\n<\/ul>\n\n\n\n<h2 id=\"wd-37c5c520\" class=\"wp-block-wd-title title\">Ideal Para:<\/h2>\n\n\n\n<ul class=\"wp-block-list\">\n<li>Cultivadores que buscan fenotipos rojos + sensaci\u00f3n sativa cl\u00e1sica<\/li>\n\n\n\n<li>Espacios de cultivo compactos o configuraciones discretas<\/li>\n\n\n\n<li>Trabajo creativo, m\u00fasica o d\u00edas sociales<\/li>\n\n\n\n<li>Aficionados al sabor y efecto del cl\u00e1sico estilo Jack Herer<\/li>\n<\/ul>\n<\/div>\n<\/div>\n","protected":false},"excerpt":{"rendered":"<h4 class=\"\" data-start=\"397\" data-end=\"434\"><strong data-start=\"222\" data-end=\"273\">\ud83d\udd25 El cl\u00e1sico haze se encuentra con la magia roja.<br data-start=\"258\" data-end=\"261\"><\/strong><\/h4>\n<p>21\u201323% THC | 60% de fenotipos de tendencia roja | Efecto sativa energizante.<\/p>\n<p class=\"\" data-start=\"438\" data-end=\"697\"><strong data-start=\"438\" data-end=\"455\">Red Jack Auto<\/strong> es un v\u00edvido h\u00edbrido 70% Sativa, obtenido del cruce de <strong data-start=\"496\" data-end=\"523\">Jack Herer x Red Durban<\/strong>. Conocida por sus tonalidades rojas que aparecen en el <strong data-start=\"563\" data-end=\"580\">60% de los fenotipos<\/strong> alrededor de la semana 4 de floraci\u00f3n, esta variedad es un deleite visual con efectos edificantes y cerebrales, y un sabor haze de la vieja escuela. <\/p>\n","protected":false},"featured_media":2524,"comment_status":"open","ping_status":"closed","template":"","meta":[],"product_brand":[],"product_cat":[116,124],"product_tag":[165,163,164],"class_list":{"0":"post-2868","1":"product","2":"type-product","3":"status-publish","4":"has-post-thumbnail","6":"product_cat-cannabis-seeds-es-2","7":"product_cat-autoflowering-seeds-es-2","8":"product_tag-autofloreciente","9":"product_tag-cannabis-es","10":"product_tag-semillas","12":"first","13":"outofstock","14":"shipping-taxable","15":"purchasable","16":"product-type-simple"},"_links":{"self":[{"href":"https:\/\/herbalhorizons.co\/es\/wp-json\/wp\/v2\/product\/2868","targetHints":{"allow":["GET"]}}],"collection":[{"href":"https:\/\/herbalhorizons.co\/es\/wp-json\/wp\/v2\/product"}],"about":[{"href":"https:\/\/herbalhorizons.co\/es\/wp-json\/wp\/v2\/types\/product"}],"replies":[{"embeddable":true,"href":"https:\/\/herbalhorizons.co\/es\/wp-json\/wp\/v2\/comments?post=2868"}],"wp:featuredmedia":[{"embeddable":true,"href":"https:\/\/herbalhorizons.co\/es\/wp-json\/wp\/v2\/media\/2524"}],"wp:attachment":[{"href":"https:\/\/herbalhorizons.co\/es\/wp-json\/wp\/v2\/media?parent=2868"}],"wp:term":[{"taxonomy":"product_brand","embeddable":true,"href":"https:\/\/herbalhorizons.co\/es\/wp-json\/wp\/v2\/product_brand?post=2868"},{"taxonomy":"product_cat","embeddable":true,"href":"https:\/\/herbalhorizons.co\/es\/wp-json\/wp\/v2\/product_cat?post=2868"},{"taxonomy":"product_tag","embeddable":true,"href":"https:\/\/herbalhorizons.co\/es\/wp-json\/wp\/v2\/product_tag?post=2868"}],"curies":[{"name":"wp","href":"https:\/\/api.w.org\/{rel}","templated":true}]}}