{"id":2855,"date":"2025-04-14T14:13:15","date_gmt":"2025-04-14T14:13:15","guid":{"rendered":"https:\/\/herbalhorizons.co\/product\/tropicana-cherry-semillas-feminizadas-triploides-f1\/"},"modified":"2025-04-23T10:27:03","modified_gmt":"2025-04-23T10:27:03","slug":"tropicana-cherry-semillas-feminizadas-triploides-f1","status":"publish","type":"product","link":"https:\/\/herbalhorizons.co\/es\/producto\/tropicana-cherry-semillas-feminizadas-triploides-f1\/","title":{"rendered":"Tropicana Cherry \u2013 Semillas feminizadas triploides F1"},"content":{"rendered":"\n<div id=\"wd-67ebcd5c\" class=\"wp-block-wd-row\">\n<div id=\"wd-af8a8c9f\" class=\"wp-block-wd-column\">\n<h2 id=\"wd-3cbb8ed8\" class=\"wp-block-wd-title title\">Efectos:<\/h2>\n\n\n\n<ul class=\"wp-block-list\">\n<li>Estimulaci\u00f3n mental creativa<\/li>\n\n\n\n<li>Elevaci\u00f3n del estado de \u00e1nimo con efectos corporales relajantes<\/li>\n\n\n\n<li>Excelente para aliviar el estr\u00e9s, la tensi\u00f3n y la bruma emocional<\/li>\n\n\n\n<li>Equilibrio perfecto entre claridad y calma<\/li>\n<\/ul>\n\n\n\n<h2 id=\"wd-58fbe819\" class=\"wp-block-wd-title title\">Sabor y aroma:<\/h2>\n\n\n\n<ul class=\"wp-block-list\">\n<li>Notas frontales de cereza dulce y bayas<\/li>\n\n\n\n<li>Matiz c\u00edtrico y con toques de nuez al final<\/li>\n\n\n\n<li>El aroma a galleta cremosa perdura en el paladar<\/li>\n\n\n\n<li>Compleja, sabrosa y memorable<\/li>\n<\/ul>\n<\/div>\n\n\n\n<div id=\"wd-33e24f4e\" class=\"wp-block-wd-column\">\n<div id=\"wd-cf5fd1b7\" class=\"wp-block-wd-table\">\n<figure class=\"wp-block-table\"><table><thead><tr><th>Lo que obtiene:<\/th><\/tr><\/thead><tbody><tr><td><strong>Gen\u00e9tica Triploide F1<\/strong> = mayor rendimiento, sin semillas<\/td><\/tr><tr><td><strong>Tipo de Semilla:<\/strong> Feminizada, Triploide F1<\/td><\/tr><tr><td><strong>Rendimiento en interior:<\/strong> 750+ g\/m\u00b2<\/td><\/tr><tr><td><strong>Rendimiento en exterior:<\/strong> 600\u2013750g por planta<\/td><\/tr><tr><td><strong>Tiempo de floraci\u00f3n:<\/strong> 8 semanas (Interior)<\/td><\/tr><tr><td><strong>Mes de cosecha:<\/strong> Septiembre (Exterior)<\/td><\/tr><tr><td><strong>Altura:<\/strong> 80\u2013100cm Interior \/ 150\u2013200cm Exterior<\/td><\/tr><tr><td><strong>THC:<\/strong> 30%+, <strong>CBD:<\/strong> Bajo<\/td><\/tr><tr><td><strong>Resistencia al moho:<\/strong> Alta<\/td><\/tr><\/tbody><\/table><\/figure>\n<\/div>\n<\/div>\n\n\n\n<div id=\"wd-c78be697\" class=\"wp-block-wd-column\">\n<h2 id=\"wd-5b579f2e\" class=\"wp-block-wd-title title\">\u00bfPor qu\u00e9 Triploide F1?<\/h2>\n\n\n\n<ul class=\"wp-block-list\">\n<li><strong>Gen\u00e9tica sin semillas<\/strong> = m\u00e1s cannabinoides, m\u00e1s sabor, sin riesgo de polinizaci\u00f3n<\/li>\n\n\n\n<li><strong>Ciclo de crecimiento m\u00e1s r\u00e1pido<\/strong> = finalizaci\u00f3n r\u00e1pida en 8 semanas<\/li>\n\n\n\n<li><strong>Cogollos densos y de alto rendimiento<\/strong> perfectos para uso personal o producci\u00f3n premium<\/li>\n<\/ul>\n\n\n\n<h2 id=\"wd-f4daca0b\" class=\"wp-block-wd-title title\">Consejos de cultivo:<\/h2>\n\n\n\n<ul class=\"wp-block-list\">\n<li>Planta frondosa con pesadas colas en las ramas laterales<\/li>\n\n\n\n<li>Responde bien al flujo de aire y a una ligera defoliaci\u00f3n<\/li>\n\n\n\n<li>Estructura compacta ideal para configuraciones de interior<\/li>\n<\/ul>\n\n\n\n<h2 id=\"wd-37c5c520\" class=\"wp-block-wd-title title\">Ideal Para:<\/h2>\n\n\n\n<ul class=\"wp-block-list\">\n<li>Sesiones creativas y fluidez art\u00edstica<\/li>\n\n\n\n<li>Relajaci\u00f3n vespertina o distensi\u00f3n social<\/li>\n\n\n\n<li>Mejora del estado de \u00e1nimo y claridad mental<\/li>\n\n\n\n<li>Cultivadores que buscan flores sabrosas y sin semillas con una enorme producci\u00f3n de resina<\/li>\n\n\n\n<li>Amantes de la resina en busca de material premium para rosin, hash y aceites que buscan gen\u00e9tica triploide rara y de alto rendimiento<\/li>\n<\/ul>\n<\/div>\n<\/div>\n","protected":false},"excerpt":{"rendered":"<h4 class=\"\" data-start=\"397\" data-end=\"434\"><strong data-start=\"222\" data-end=\"273\">\ud83d\udd25 Sabor a cereza y bayas. Cogollos sin semillas. Potencia de THC superior al 30%.  <br data-start=\"258\" data-end=\"261\"><\/strong><\/h4>\n<p>El h\u00edbrido perfecto 50\/50 para la creatividad, la calma y una sobrecarga de sabor<\/p>\n<p class=\"\" data-start=\"511\" data-end=\"844\">La <strong data-start=\"511\" data-end=\"543\">Tropicana Cherry Triploide F1<\/strong> es un h\u00edbrido rico en resina y visualmente impactante con un intenso sabor a cereza y c\u00edtricos, y suaves notas subyacentes de galleta cremosa. Creada mediante el cruce de <strong data-start=\"676\" data-end=\"718\">Tropicana Cookies x Black Cherry Punch<\/strong>, este h\u00edbrido 50\/50 proporciona una concentraci\u00f3n mental duradera y un confort corporal completo. Perfecta para una elevaci\u00f3n en cualquier momento sin sensaci\u00f3n de pesadez.  <\/p>\n<p data-start=\"511\" data-end=\"844\"><strong data-start=\"2428\" data-end=\"2521\">Tropicana Cherry no es solo sabrosa \u2014 es rica en terpenos, de alto impacto y dise\u00f1ada para impresionar.<\/strong><\/p>\n","protected":false},"featured_media":2482,"comment_status":"open","ping_status":"closed","template":"","meta":[],"product_brand":[],"product_cat":[116,127],"product_tag":[163,211,164],"class_list":{"0":"post-2855","1":"product","2":"type-product","3":"status-publish","4":"has-post-thumbnail","6":"product_cat-cannabis-seeds-es-2","7":"product_cat-feminized-seeds-es-2","8":"product_tag-cannabis-es","9":"product_tag-feminizada-es","10":"product_tag-semillas","12":"first","13":"outofstock","14":"shipping-taxable","15":"purchasable","16":"product-type-simple"},"_links":{"self":[{"href":"https:\/\/herbalhorizons.co\/es\/wp-json\/wp\/v2\/product\/2855","targetHints":{"allow":["GET"]}}],"collection":[{"href":"https:\/\/herbalhorizons.co\/es\/wp-json\/wp\/v2\/product"}],"about":[{"href":"https:\/\/herbalhorizons.co\/es\/wp-json\/wp\/v2\/types\/product"}],"replies":[{"embeddable":true,"href":"https:\/\/herbalhorizons.co\/es\/wp-json\/wp\/v2\/comments?post=2855"}],"wp:featuredmedia":[{"embeddable":true,"href":"https:\/\/herbalhorizons.co\/es\/wp-json\/wp\/v2\/media\/2482"}],"wp:attachment":[{"href":"https:\/\/herbalhorizons.co\/es\/wp-json\/wp\/v2\/media?parent=2855"}],"wp:term":[{"taxonomy":"product_brand","embeddable":true,"href":"https:\/\/herbalhorizons.co\/es\/wp-json\/wp\/v2\/product_brand?post=2855"},{"taxonomy":"product_cat","embeddable":true,"href":"https:\/\/herbalhorizons.co\/es\/wp-json\/wp\/v2\/product_cat?post=2855"},{"taxonomy":"product_tag","embeddable":true,"href":"https:\/\/herbalhorizons.co\/es\/wp-json\/wp\/v2\/product_tag?post=2855"}],"curies":[{"name":"wp","href":"https:\/\/api.w.org\/{rel}","templated":true}]}}