{"id":2851,"date":"2025-04-14T13:20:38","date_gmt":"2025-04-14T13:20:38","guid":{"rendered":"https:\/\/herbalhorizons.co\/product\/sticky-wasabi-semillas-feminizadas-triploides-f1\/"},"modified":"2025-04-23T10:26:59","modified_gmt":"2025-04-23T10:26:59","slug":"sticky-wasabi-semillas-feminizadas-triploides-f1","status":"publish","type":"product","link":"https:\/\/herbalhorizons.co\/es\/producto\/sticky-wasabi-semillas-feminizadas-triploides-f1\/","title":{"rendered":"Sticky Wasabi \u2013 Semillas Feminizadas Triploides F1"},"content":{"rendered":"\n<div id=\"wd-67ebcd5c\" class=\"wp-block-wd-row\">\n<div id=\"wd-af8a8c9f\" class=\"wp-block-wd-column\">\n<h2 id=\"wd-3cbb8ed8\" class=\"wp-block-wd-title title\">Efectos:<\/h2>\n\n\n\n<ul class=\"wp-block-list\">\n<li>Efecto cerebral energizante con un final corporal relajado<\/li>\n\n\n\n<li>Ideal para la concentraci\u00f3n, la creatividad y el uso diurno<\/li>\n\n\n\n<li>Excelente para aliviar el estr\u00e9s, manejar el dolor y elevar el estado de \u00e1nimo<\/li>\n\n\n\n<li>Social y cerebral sin pesadez<\/li>\n<\/ul>\n\n\n\n<h2 id=\"wd-58fbe819\" class=\"wp-block-wd-title title\">Aroma y Sabor:<\/h2>\n\n\n\n<ul class=\"wp-block-list\">\n<li>Patada picante de wasabi<\/li>\n\n\n\n<li>Notas terrosas con un toque c\u00edtrico<\/li>\n\n\n\n<li>Giro gaseoso y picante<\/li>\n\n\n\n<li>Explosi\u00f3n de terpenos de larga duraci\u00f3n que estimula el paladar<\/li>\n<\/ul>\n<\/div>\n\n\n\n<div id=\"wd-33e24f4e\" class=\"wp-block-wd-column\">\n<div id=\"wd-cf5fd1b7\" class=\"wp-block-wd-table\">\n<figure class=\"wp-block-table\"><table><thead><tr><th>Lo que obtiene:<\/th><\/tr><\/thead><tbody><tr><td><strong>Gen\u00e9tica Triploide F1<\/strong> = mayor rendimiento, sin semillas<\/td><\/tr><tr><td><strong>Tipo de Semilla:<\/strong> Feminizada, Triploide F1<\/td><\/tr><tr><td><strong>Rendimiento en interior:<\/strong> 750+ g\/m\u00b2<\/td><\/tr><tr><td><strong>Rendimiento en exterior:<\/strong> 600\u2013750g por planta<\/td><\/tr><tr><td><strong>Tiempo de floraci\u00f3n:<\/strong> 8 semanas (Interior)<\/td><\/tr><tr><td><strong>Mes de cosecha:<\/strong> Septiembre (Exterior)<\/td><\/tr><tr><td><strong>Altura:<\/strong> 80\u2013100cm Interior \/ 150\u2013200cm Exterior<\/td><\/tr><tr><td><strong>THC:<\/strong> 30%+, <strong>CBD:<\/strong> Bajo<\/td><\/tr><tr><td><strong>Resistencia al moho:<\/strong> Alta<\/td><\/tr><\/tbody><\/table><\/figure>\n<\/div>\n<\/div>\n\n\n\n<div id=\"wd-c78be697\" class=\"wp-block-wd-column\">\n<h2 id=\"wd-5b579f2e\" class=\"wp-block-wd-title title\">\u00bfPor qu\u00e9 Triploide F1?<\/h2>\n\n\n\n<ul class=\"wp-block-list\">\n<li><strong>Gen\u00e9tica sin semillas<\/strong> = m\u00e1s cannabinoides, m\u00e1s sabor, sin riesgo de polinizaci\u00f3n<\/li>\n\n\n\n<li><strong>Ciclo de crecimiento m\u00e1s r\u00e1pido<\/strong> = finalizaci\u00f3n r\u00e1pida en 8 semanas<\/li>\n\n\n\n<li><strong>Cogollos densos y de alto rendimiento<\/strong> perfectos para uso personal o producci\u00f3n premium<\/li>\n<\/ul>\n\n\n\n<h2 id=\"wd-f4daca0b\" class=\"wp-block-wd-title title\">Consejos de cultivo:<\/h2>\n\n\n\n<ul class=\"wp-block-list\">\n<li>Responde bien a la <strong>defoliaci\u00f3n ligera<\/strong> y al flujo de aire<\/li>\n\n\n\n<li>Se adapta f\u00e1cilmente a cultivos interiores, exteriores o de invernadero<\/li>\n\n\n\n<li>Apta para principiantes pero de rendimiento \u00e9lite<\/li>\n<\/ul>\n\n\n\n<h2 id=\"wd-37c5c520\" class=\"wp-block-wd-title title\">Ideal Para:<\/h2>\n\n\n\n<ul class=\"wp-block-list\">\n<li>Enfoque creativo y trabajo profundo<\/li>\n\n\n\n<li>Fabricantes de extractos de cannabis (hach\u00eds, resina, aceites)<\/li>\n\n\n\n<li>Fumadores que priorizan el sabor en busca de perfiles de terpenos intensos<\/li>\n\n\n\n<li>Usuarios diurnos que necesitan energ\u00eda y equilibrio<\/li>\n\n\n\n<li>Coleccionistas en busca de gen\u00e9tica triploide rara y de alto rendimiento<\/li>\n<\/ul>\n<\/div>\n<\/div>\n","protected":false},"excerpt":{"rendered":"<h4 class=\"\" data-start=\"397\" data-end=\"434\"><strong data-start=\"222\" data-end=\"273\">\ud83d\udd25 Escarchada. Picante. Potencia de nueva generaci\u00f3n.  <br data-start=\"258\" data-end=\"261\"><\/strong><\/h4>\n<p class=\"\" data-start=\"541\" data-end=\"854\">Presentamos <strong data-start=\"553\" data-end=\"582\">Sticky Wasabi Triploide F1<\/strong>, un h\u00edbrido perfectamente equilibrado <strong data-start=\"605\" data-end=\"628\">50\/50 \u00cdndica-Sativa<\/strong> con una potencia que funde la mente y un sabor que golpea como una patada de wasabi. Esta cepa <strong data-start=\"722\" data-end=\"741\">Triploide<\/strong> de nueva generaci\u00f3n ofrece rendimientos masivos, cogollos sin semillas y resina densa, ideal para extractores, fumadores y coleccionistas conocedores. <\/p>\n<p data-start=\"428\" data-end=\"672\"><strong data-start=\"1934\" data-end=\"2003\">Cultivada para cultivadores audaces. Impulsada por la innovaci\u00f3n. Saborizada como el fuego.  <\/strong><\/p>\n","protected":false},"featured_media":2476,"comment_status":"open","ping_status":"closed","template":"","meta":[],"product_brand":[],"product_cat":[116,127],"product_tag":[163,211,164],"class_list":{"0":"post-2851","1":"product","2":"type-product","3":"status-publish","4":"has-post-thumbnail","6":"product_cat-cannabis-seeds-es-2","7":"product_cat-feminized-seeds-es-2","8":"product_tag-cannabis-es","9":"product_tag-feminizada-es","10":"product_tag-semillas","12":"first","13":"outofstock","14":"shipping-taxable","15":"purchasable","16":"product-type-simple"},"_links":{"self":[{"href":"https:\/\/herbalhorizons.co\/es\/wp-json\/wp\/v2\/product\/2851","targetHints":{"allow":["GET"]}}],"collection":[{"href":"https:\/\/herbalhorizons.co\/es\/wp-json\/wp\/v2\/product"}],"about":[{"href":"https:\/\/herbalhorizons.co\/es\/wp-json\/wp\/v2\/types\/product"}],"replies":[{"embeddable":true,"href":"https:\/\/herbalhorizons.co\/es\/wp-json\/wp\/v2\/comments?post=2851"}],"wp:featuredmedia":[{"embeddable":true,"href":"https:\/\/herbalhorizons.co\/es\/wp-json\/wp\/v2\/media\/2476"}],"wp:attachment":[{"href":"https:\/\/herbalhorizons.co\/es\/wp-json\/wp\/v2\/media?parent=2851"}],"wp:term":[{"taxonomy":"product_brand","embeddable":true,"href":"https:\/\/herbalhorizons.co\/es\/wp-json\/wp\/v2\/product_brand?post=2851"},{"taxonomy":"product_cat","embeddable":true,"href":"https:\/\/herbalhorizons.co\/es\/wp-json\/wp\/v2\/product_cat?post=2851"},{"taxonomy":"product_tag","embeddable":true,"href":"https:\/\/herbalhorizons.co\/es\/wp-json\/wp\/v2\/product_tag?post=2851"}],"curies":[{"name":"wp","href":"https:\/\/api.w.org\/{rel}","templated":true}]}}