{"id":2835,"date":"2025-04-14T11:47:29","date_gmt":"2025-04-14T11:47:29","guid":{"rendered":"https:\/\/herbalhorizons.co\/product\/wedding-cake-vaporizador-de-hhc\/"},"modified":"2025-04-23T10:26:48","modified_gmt":"2025-04-23T10:26:48","slug":"wedding-cake-vaporizador-de-hhc","status":"publish","type":"product","link":"https:\/\/herbalhorizons.co\/es\/producto\/wedding-cake-vaporizador-de-hhc\/","title":{"rendered":"Wedding Cake \u2013 Vaporizador de HHC"},"content":{"rendered":"\n<div id=\"wd-67ebcd5c\" class=\"wp-block-wd-row\">\n<div id=\"wd-af8a8c9f\" class=\"wp-block-wd-column\">\n<h2 id=\"wd-3cbb8ed8\" class=\"wp-block-wd-title title\">Efectos:<\/h2>\n\n\n\n<ul class=\"wp-block-list\">\n<li>Energ\u00eda centrada y creativa<\/li>\n\n\n\n<li>Suave calma corporal con claridad euf\u00f3rica<\/li>\n\n\n\n<li>Excelente para conversaciones, listas de reproducci\u00f3n o rituales de relajaci\u00f3n<\/li>\n\n\n\n<li>Acabado suave y limpio sin pesadez<\/li>\n<\/ul>\n<\/div>\n\n\n\n<div id=\"wd-33e24f4e\" class=\"wp-block-wd-column\">\n<div id=\"wd-cf5fd1b7\" class=\"wp-block-wd-table\">\n<figure class=\"wp-block-table\"><table><thead><tr><th>Lo que obtiene:<\/th><\/tr><\/thead><tbody><tr><td>1000mg de <strong>Hexahidrocannabinol (HHC)<\/strong><\/td><\/tr><tr><td><strong>600\u2013800 inhalaciones<\/strong> por vaporizador desechable<\/td><\/tr><tr><td><strong>0% THC<\/strong> \u2013 legal en la mayor\u00eda de los pa\u00edses<\/td><\/tr><tr><td>Aromatizaci\u00f3n completamente natural<\/td><\/tr><tr><td>Sin rellenos sint\u00e9ticos ni aditivos<\/td><\/tr><\/tbody><\/table><\/figure>\n<\/div>\n<\/div>\n\n\n\n<div id=\"wd-c78be697\" class=\"wp-block-wd-column\">\n<h2 id=\"wd-58fbe819\" class=\"wp-block-wd-title title\">\u00bfPor qu\u00e9 elegir este vapeador?<\/h2>\n\n\n\n<ul class=\"wp-block-list\">\n<li><strong>Sabor est\u00e9tico para momentos placenteros<\/strong><\/li>\n\n\n\n<li>Uso duradero y de bajo mantenimiento<\/li>\n\n\n\n<li>Potencia sutil en un formato de bolsillo<\/li>\n<\/ul>\n<\/div>\n<\/div>\n","protected":false},"excerpt":{"rendered":"<h4 class=\"\" data-start=\"397\" data-end=\"434\">\u26a1  <strong data-start=\"248\" data-end=\"305\">Sabor elegante. Calma euf\u00f3rica. Celebraci\u00f3n en una inhalaci\u00f3n  <\/strong><\/h4>\n<p class=\"\" data-start=\"458\" data-end=\"674\"><strong data-start=\"458\" data-end=\"474\">Wedding Cake<\/strong> ofrece una rica dulzura de vainilla con sutiles notas terrosas, proporcionando una experiencia elevada suave y satisfactoria, ideal para momentos trascendentales o para el disfrute en solitario. Relajante, equilibrada y con el nivel justo de elevaci\u00f3n. <\/p>\n<p data-start=\"458\" data-end=\"674\"><strong data-start=\"1410\" data-end=\"1472\">D\u00e9se un capricho. Brinde por el presente. Vaporice el lado dulce de la experiencia elevada.  <\/strong><\/p>\n","protected":false},"featured_media":2428,"comment_status":"open","ping_status":"closed","template":"","meta":[],"product_brand":[],"product_cat":[140],"product_tag":[195,194],"class_list":{"0":"post-2835","1":"product","2":"type-product","3":"status-publish","4":"has-post-thumbnail","6":"product_cat-vapes-es-2","7":"product_tag-vapeador","8":"product_tag-vapeadores","10":"first","11":"outofstock","12":"shipping-taxable","13":"purchasable","14":"product-type-simple"},"_links":{"self":[{"href":"https:\/\/herbalhorizons.co\/es\/wp-json\/wp\/v2\/product\/2835","targetHints":{"allow":["GET"]}}],"collection":[{"href":"https:\/\/herbalhorizons.co\/es\/wp-json\/wp\/v2\/product"}],"about":[{"href":"https:\/\/herbalhorizons.co\/es\/wp-json\/wp\/v2\/types\/product"}],"replies":[{"embeddable":true,"href":"https:\/\/herbalhorizons.co\/es\/wp-json\/wp\/v2\/comments?post=2835"}],"wp:featuredmedia":[{"embeddable":true,"href":"https:\/\/herbalhorizons.co\/es\/wp-json\/wp\/v2\/media\/2428"}],"wp:attachment":[{"href":"https:\/\/herbalhorizons.co\/es\/wp-json\/wp\/v2\/media?parent=2835"}],"wp:term":[{"taxonomy":"product_brand","embeddable":true,"href":"https:\/\/herbalhorizons.co\/es\/wp-json\/wp\/v2\/product_brand?post=2835"},{"taxonomy":"product_cat","embeddable":true,"href":"https:\/\/herbalhorizons.co\/es\/wp-json\/wp\/v2\/product_cat?post=2835"},{"taxonomy":"product_tag","embeddable":true,"href":"https:\/\/herbalhorizons.co\/es\/wp-json\/wp\/v2\/product_tag?post=2835"}],"curies":[{"name":"wp","href":"https:\/\/api.w.org\/{rel}","templated":true}]}}