{"id":2811,"date":"2025-04-14T08:37:15","date_gmt":"2025-04-14T08:37:15","guid":{"rendered":"https:\/\/herbalhorizons.co\/product\/golden-teacher-trufas-magicas-de-psilocybe\/"},"modified":"2025-04-23T10:26:12","modified_gmt":"2025-04-23T10:26:12","slug":"golden-teacher-trufas-magicas-de-psilocybe","status":"publish","type":"product","link":"https:\/\/herbalhorizons.co\/es\/producto\/golden-teacher-trufas-magicas-de-psilocybe\/","title":{"rendered":"Golden Teacher \u2013 Trufas M\u00e1gicas de Psilocybe"},"content":{"rendered":"\n<div id=\"wd-67ebcd5c\" class=\"wp-block-wd-row\">\n<div id=\"wd-af8a8c9f\" class=\"wp-block-wd-column\">\n<h2 id=\"wd-3cbb8ed8\" class=\"wp-block-wd-title title\">Efectos:<\/h2>\n\n\n\n<ul class=\"wp-block-list\">\n<li>Alucinaciones visuales y realce del color<\/li>\n\n\n\n<li>Apertura emocional y empat\u00eda<\/li>\n\n\n\n<li>Incremento de la creatividad, estimulaci\u00f3n sensorial<\/li>\n\n\n\n<li>Euforia y leve sensaci\u00f3n corporal<\/li>\n\n\n\n<li>Inicio: 30\u201360 minutos<\/li>\n\n\n\n<li>Duraci\u00f3n: 4\u20138 horas<\/li>\n\n\n\n<li>Descenso suave y gradual<\/li>\n<\/ul>\n<\/div>\n\n\n\n<div id=\"wd-33e24f4e\" class=\"wp-block-wd-column\">\n<div id=\"wd-cf5fd1b7\" class=\"wp-block-wd-table\">\n<figure class=\"wp-block-table\"><table><thead><tr><th>Intensidad del Viaje<\/th><th>Cantidad<\/th><\/tr><\/thead><tbody><tr><td>Claro<\/td><td>5\u20138g<\/td><\/tr><tr><td>Medianos<\/td><td>8\u201314g<\/td><\/tr><tr><td>Fuerte<\/td><td>14\u201320g<\/td><\/tr><\/tbody><\/table><\/figure>\n<\/div>\n\n\n\n<p id=\"wd-23181eb4\" class=\"wp-block-wd-paragraph\">Siempre comience con una dosis baja y eval\u00fae c\u00f3mo responden su cuerpo y mente.<\/p>\n<\/div>\n\n\n\n<div id=\"wd-c78be697\" class=\"wp-block-wd-column\">\n<h2 id=\"wd-491a5234\" class=\"wp-block-wd-title title\">C\u00f3mo Utilizar:<\/h2>\n\n\n\n<ul class=\"wp-block-list\">\n<li>Se recomienda consumir en crudo con el <strong>est\u00f3mago vac\u00edo<\/strong><\/li>\n\n\n\n<li>Mastique minuciosamente o prepare en infusi\u00f3n (sin az\u00facar)<\/li>\n\n\n\n<li>Prepare un espacio c\u00f3modo y seguro<\/li>\n\n\n\n<li>Se recomienda un <strong>acompa\u00f1ante de viaje<\/strong> para dosis m\u00e1s profundas<\/li>\n<\/ul>\n\n\n\n<h2 id=\"wd-58fbe819\" class=\"wp-block-wd-title title\">Almacenamiento:<\/h2>\n\n\n\n<ul class=\"wp-block-list\">\n<li>Conservar en el refrigerador (2\u20138\u00b0C)<\/li>\n\n\n\n<li>Los paquetes sin abrir duran 1 mes; consumir fresco para m\u00e1xima potencia<\/li>\n\n\n\n<li>Para almacenamiento a largo plazo: <strong>secar completamente<\/strong>, luego sellar en un espacio fresco y seco (dura hasta 6 meses)<\/li>\n<\/ul>\n<\/div>\n<\/div>\n","protected":false},"excerpt":{"rendered":"<h4 class=\"\" data-start=\"459\" data-end=\"491\">\u26a1 Nivel de Intensidad: Suave + Expansivo<\/h4>\n<p class=\"\" data-start=\"492\" data-end=\"741\"><strong data-start=\"280\" data-end=\"326\">Inspiraci\u00f3n. Conexi\u00f3n. Claridad euf\u00f3rica.  <\/strong><\/p>\n<p class=\"\" data-start=\"573\" data-end=\"792\">Las trufas Golden Teacher son ideales tanto para psiconautas novatos como experimentados que buscan introspecci\u00f3n reflexiva, visualizaciones c\u00e1lidas y percepci\u00f3n aumentada. Perfectas para el flujo creativo, la claridad emocional y la sintonizaci\u00f3n con la naturaleza. <br \/><strong data-start=\"1884\" data-end=\"1961\">Permita que Golden Teacher gu\u00ede su pr\u00f3ximo viaje hacia la creatividad, la alegr\u00eda y el asombro.<\/strong><br data-start=\"1961\" data-end=\"1964\"><\/p>\n","protected":false},"featured_media":2356,"comment_status":"open","ping_status":"closed","template":"","meta":[],"product_brand":[],"product_cat":[134],"product_tag":[214,216,217],"class_list":{"0":"post-2811","1":"product","2":"type-product","3":"status-publish","4":"has-post-thumbnail","6":"product_cat-truffles-es-2","7":"product_tag-psilocibina-es","8":"product_tag-psilocybe-es","9":"product_tag-trufas-es","11":"first","12":"outofstock","13":"shipping-taxable","14":"purchasable","15":"product-type-simple"},"_links":{"self":[{"href":"https:\/\/herbalhorizons.co\/es\/wp-json\/wp\/v2\/product\/2811","targetHints":{"allow":["GET"]}}],"collection":[{"href":"https:\/\/herbalhorizons.co\/es\/wp-json\/wp\/v2\/product"}],"about":[{"href":"https:\/\/herbalhorizons.co\/es\/wp-json\/wp\/v2\/types\/product"}],"replies":[{"embeddable":true,"href":"https:\/\/herbalhorizons.co\/es\/wp-json\/wp\/v2\/comments?post=2811"}],"wp:featuredmedia":[{"embeddable":true,"href":"https:\/\/herbalhorizons.co\/es\/wp-json\/wp\/v2\/media\/2356"}],"wp:attachment":[{"href":"https:\/\/herbalhorizons.co\/es\/wp-json\/wp\/v2\/media?parent=2811"}],"wp:term":[{"taxonomy":"product_brand","embeddable":true,"href":"https:\/\/herbalhorizons.co\/es\/wp-json\/wp\/v2\/product_brand?post=2811"},{"taxonomy":"product_cat","embeddable":true,"href":"https:\/\/herbalhorizons.co\/es\/wp-json\/wp\/v2\/product_cat?post=2811"},{"taxonomy":"product_tag","embeddable":true,"href":"https:\/\/herbalhorizons.co\/es\/wp-json\/wp\/v2\/product_tag?post=2811"}],"curies":[{"name":"wp","href":"https:\/\/api.w.org\/{rel}","templated":true}]}}