{"id":2805,"date":"2025-04-14T11:04:11","date_gmt":"2025-04-14T11:04:11","guid":{"rendered":"https:\/\/herbalhorizons.co\/product\/utopia-psilocybe-utopia\/"},"modified":"2025-04-23T10:25:56","modified_gmt":"2025-04-23T10:25:56","slug":"utopia-psilocybe-utopia","status":"publish","type":"product","link":"https:\/\/herbalhorizons.co\/es\/producto\/utopia-psilocybe-utopia\/","title":{"rendered":"Utop\u00eda \u2013 Psilocybe Utopia"},"content":{"rendered":"\n<div id=\"wd-67ebcd5c\" class=\"wp-block-wd-row\">\n<div id=\"wd-af8a8c9f\" class=\"wp-block-wd-column\">\n<h2 id=\"wd-3cbb8ed8\" class=\"wp-block-wd-title title\">Efectos:<\/h2>\n\n\n\n<ul class=\"wp-block-list\">\n<li>Visuales explosivas, estelas de color radiantes<\/li>\n\n\n\n<li>Inmersi\u00f3n euf\u00f3rica y empat\u00eda m\u00e1xima<\/li>\n\n\n\n<li>\u00c9xtasis corporal y profundo gozo sensorial<\/li>\n\n\n\n<li>Percepci\u00f3n espiritual y conexi\u00f3n universal<\/li>\n\n\n\n<li>Inicio: 30\u201345 minutos<\/li>\n\n\n\n<li>Duraci\u00f3n: 4\u20136 horas<\/li>\n<\/ul>\n<\/div>\n\n\n\n<div id=\"wd-33e24f4e\" class=\"wp-block-wd-column\">\n<div id=\"wd-cf5fd1b7\" class=\"wp-block-wd-table\">\n<figure class=\"wp-block-table\"><table><thead><tr><th>Intensidad del Viaje<\/th><th>Cantidad<\/th><\/tr><\/thead><tbody><tr><td>Claro<\/td><td>5\u20138g<\/td><\/tr><tr><td>Medianos<\/td><td>8\u201310g<\/td><\/tr><tr><td>Fuerte<\/td><td>12\u201315g<\/td><\/tr><\/tbody><\/table><\/figure>\n<\/div>\n\n\n\n<p id=\"wd-23181eb4\" class=\"wp-block-wd-paragraph\">Este paquete proporciona m\u00faltiples sesiones o una experiencia colectiva a gran escala.<\/p>\n<\/div>\n\n\n\n<div id=\"wd-c78be697\" class=\"wp-block-wd-column\">\n<h2 id=\"wd-491a5234\" class=\"wp-block-wd-title title\">C\u00f3mo Utilizar:<\/h2>\n\n\n\n<ul class=\"wp-block-list\">\n<li>Consumir <strong>crudo<\/strong> con el est\u00f3mago vac\u00edo<\/li>\n\n\n\n<li>Masticar lentamente o preparar como infusi\u00f3n sin az\u00facar<\/li>\n\n\n\n<li>Elegir un entorno relajado, divertido y seguro<\/li>\n\n\n\n<li>Un <strong>acompa\u00f1ante de viaje<\/strong> es opcional pero \u00fatil en dosis fuertes<\/li>\n<\/ul>\n\n\n\n<h2 id=\"wd-58fbe819\" class=\"wp-block-wd-title title\">Almacenamiento:<\/h2>\n\n\n\n<ul class=\"wp-block-list\">\n<li>Trufas frescas: Refrigerador (2\u20138\u00b0C) durante 2\u20133 semanas<\/li>\n\n\n\n<li>Secar completamente para almacenamiento a largo plazo (hasta 6 meses en un contenedor sellado y fresco)<\/li>\n<\/ul>\n<\/div>\n<\/div>\n","protected":false},"excerpt":{"rendered":"<h4 class=\"\" data-start=\"397\" data-end=\"434\">\u26a1 Nivel de intensidad: Muy elevado + Espiritualmente expansivo<\/h4>\n<p><strong data-start=\"229\" data-end=\"302\">Visuales de alta potencia. Elevaci\u00f3n espiritual profunda. Espacio mental ilimitado.  <\/strong><\/p>\n<p class=\"\" data-start=\"481\" data-end=\"696\"><strong data-start=\"481\" data-end=\"501\">Psilocybe Utopia<\/strong> no es solo un nombre, es un estado de conciencia. Una de las cepas de trufas de psilocibina m\u00e1s potentes disponibles, est\u00e1 destinada a aquellos que est\u00e1n preparados para disolverse en pura conexi\u00f3n, color y asombro c\u00f3smico. <\/p>\n<p class=\"\" data-start=\"698\" data-end=\"724\">No es un viaje. Es una reinicializaci\u00f3n total. <\/p>\n","protected":false},"featured_media":2392,"comment_status":"open","ping_status":"closed","template":"","meta":[],"product_brand":[],"product_cat":[134],"product_tag":[214,216,217],"class_list":{"0":"post-2805","1":"product","2":"type-product","3":"status-publish","4":"has-post-thumbnail","6":"product_cat-truffles-es-2","7":"product_tag-psilocibina-es","8":"product_tag-psilocybe-es","9":"product_tag-trufas-es","11":"first","12":"outofstock","13":"shipping-taxable","14":"purchasable","15":"product-type-simple"},"_links":{"self":[{"href":"https:\/\/herbalhorizons.co\/es\/wp-json\/wp\/v2\/product\/2805","targetHints":{"allow":["GET"]}}],"collection":[{"href":"https:\/\/herbalhorizons.co\/es\/wp-json\/wp\/v2\/product"}],"about":[{"href":"https:\/\/herbalhorizons.co\/es\/wp-json\/wp\/v2\/types\/product"}],"replies":[{"embeddable":true,"href":"https:\/\/herbalhorizons.co\/es\/wp-json\/wp\/v2\/comments?post=2805"}],"wp:featuredmedia":[{"embeddable":true,"href":"https:\/\/herbalhorizons.co\/es\/wp-json\/wp\/v2\/media\/2392"}],"wp:attachment":[{"href":"https:\/\/herbalhorizons.co\/es\/wp-json\/wp\/v2\/media?parent=2805"}],"wp:term":[{"taxonomy":"product_brand","embeddable":true,"href":"https:\/\/herbalhorizons.co\/es\/wp-json\/wp\/v2\/product_brand?post=2805"},{"taxonomy":"product_cat","embeddable":true,"href":"https:\/\/herbalhorizons.co\/es\/wp-json\/wp\/v2\/product_cat?post=2805"},{"taxonomy":"product_tag","embeddable":true,"href":"https:\/\/herbalhorizons.co\/es\/wp-json\/wp\/v2\/product_tag?post=2805"}],"curies":[{"name":"wp","href":"https:\/\/api.w.org\/{rel}","templated":true}]}}