{"id":2800,"date":"2025-04-14T11:06:58","date_gmt":"2025-04-14T11:06:58","guid":{"rendered":"https:\/\/herbalhorizons.co\/product\/vanir-trufas-magicas-de-psilocybe\/"},"modified":"2025-08-05T06:43:31","modified_gmt":"2025-08-05T06:43:31","slug":"vanir-trufas-magicas-de-psilocybe","status":"publish","type":"product","link":"https:\/\/herbalhorizons.co\/es\/producto\/vanir-trufas-magicas-de-psilocybe\/","title":{"rendered":"Vanir \u2013 Trufas M\u00e1gicas de Psilocybe"},"content":{"rendered":"\n<div id=\"wd-67ebcd5c\" class=\"wp-block-wd-row\">\n<div id=\"wd-af8a8c9f\" class=\"wp-block-wd-column\">\n<h2 id=\"wd-3cbb8ed8\" class=\"wp-block-wd-title title\">Efectos:<\/h2>\n\n\n\n<ul class=\"wp-block-list\">\n<li> Visualizaciones que distorsionan la realidad y viajes con los ojos cerrados<\/li>\n\n\n\n<li>Profundos sentimientos de conexi\u00f3n y verdad interior<\/li>\n\n\n\n<li>Oleadas de euforia, vibraci\u00f3n en todo el cuerpo<\/li>\n\n\n\n<li>Ataques de risa, largos silencios reflexivos<\/li>\n\n\n\n<li>Inicio: 30\u201360 minutos<\/li>\n\n\n\n<li>Duraci\u00f3n: 4\u20138 horas (con ecos persistentes)<\/li>\n<\/ul>\n<\/div>\n\n\n\n<div id=\"wd-33e24f4e\" class=\"wp-block-wd-column\">\n<div id=\"wd-cf5fd1b7\" class=\"wp-block-wd-table\">\n<figure class=\"wp-block-table\"><table><thead><tr><th>Intensidad del Viaje<\/th><th>Cantidad<\/th><\/tr><\/thead><tbody><tr><td>Claro<\/td><td>5\u20138g<\/td><\/tr><tr><td>Medianos<\/td><td>8\u201312g<\/td><\/tr><tr><td>Fuerte<\/td><td>12\u201315g<\/td><\/tr><\/tbody><\/table><\/figure>\n<\/div>\n\n\n\n<p id=\"wd-23181eb4\" class=\"wp-block-wd-paragraph\"><strong>No apto para principiantes.<\/strong> Esta variedad est\u00e1 dise\u00f1ada para un compromiso total.<\/p>\n<\/div>\n\n\n\n<div id=\"wd-c78be697\" class=\"wp-block-wd-column\">\n<h2 id=\"wd-491a5234\" class=\"wp-block-wd-title title\">C\u00f3mo Utilizar:<\/h2>\n\n\n\n<ul class=\"wp-block-list\">\n<li>Consumir <strong>crudo<\/strong> con el est\u00f3mago vac\u00edo<\/li>\n\n\n\n<li>Masticar lentamente o preparar como infusi\u00f3n sin az\u00facar<\/li>\n\n\n\n<li>Elegir un entorno relajado, divertido y seguro<\/li>\n\n\n\n<li>Un <strong>acompa\u00f1ante de viaje<\/strong> es opcional pero \u00fatil en dosis fuertes<\/li>\n<\/ul>\n\n\n\n<h2 id=\"wd-58fbe819\" class=\"wp-block-wd-title title\">Almacenamiento:<\/h2>\n\n\n\n<ul class=\"wp-block-list\">\n<li>Trufas frescas: Refrigerador (2\u20138\u00b0C) durante 2\u20133 semanas<\/li>\n\n\n\n<li>Secar completamente para almacenamiento a largo plazo (hasta 6 meses en un contenedor sellado y fresco)<\/li>\n<\/ul>\n<\/div>\n<\/div>\n","protected":false},"excerpt":{"rendered":"<h4 class=\"\" data-start=\"397\" data-end=\"434\">\u26a1 Nivel de Intensidad: Extremo + Espectro Completo<\/h4>\n<p><strong data-start=\"237\" data-end=\"296\">Visualizaciones de nivel divino. Introspecci\u00f3n profunda. Fuerza c\u00f3smica.  <\/strong><\/p>\n<p class=\"\" data-start=\"462\" data-end=\"746\"><strong data-start=\"462\" data-end=\"471\">Vanir<\/strong> se encuentra entre las <strong data-start=\"485\" data-end=\"526\">trufas m\u00e1gicas m\u00e1s potentes del mundo<\/strong>, cultivadas exclusivamente para buscadores serios. Masivas en forma y energ\u00eda, esta variedad induce visualizaciones abrumadoras, disoluci\u00f3n del ego y gravedad espiritual. Una dosis le recordar\u00e1 que no est\u00e1 simplemente experimentando, sino siendo testigo.  <\/p>\n<p data-start=\"462\" data-end=\"746\"><strong data-start=\"1843\" data-end=\"1935\">Para los valientes. Para los que se han abierto completamente. Para aquellos dispuestos a disolverse y regresar transformados.  <\/strong><\/p>\n","protected":false},"featured_media":2398,"comment_status":"open","ping_status":"closed","template":"","meta":[],"product_brand":[],"product_cat":[134],"product_tag":[214,216,217],"class_list":{"0":"post-2800","1":"product","2":"type-product","3":"status-publish","4":"has-post-thumbnail","6":"product_cat-truffles-es-2","7":"product_tag-psilocibina-es","8":"product_tag-psilocybe-es","9":"product_tag-trufas-es","11":"first","12":"outofstock","13":"shipping-taxable","14":"purchasable","15":"product-type-simple"},"_links":{"self":[{"href":"https:\/\/herbalhorizons.co\/es\/wp-json\/wp\/v2\/product\/2800","targetHints":{"allow":["GET"]}}],"collection":[{"href":"https:\/\/herbalhorizons.co\/es\/wp-json\/wp\/v2\/product"}],"about":[{"href":"https:\/\/herbalhorizons.co\/es\/wp-json\/wp\/v2\/types\/product"}],"replies":[{"embeddable":true,"href":"https:\/\/herbalhorizons.co\/es\/wp-json\/wp\/v2\/comments?post=2800"}],"wp:featuredmedia":[{"embeddable":true,"href":"https:\/\/herbalhorizons.co\/es\/wp-json\/wp\/v2\/media\/2398"}],"wp:attachment":[{"href":"https:\/\/herbalhorizons.co\/es\/wp-json\/wp\/v2\/media?parent=2800"}],"wp:term":[{"taxonomy":"product_brand","embeddable":true,"href":"https:\/\/herbalhorizons.co\/es\/wp-json\/wp\/v2\/product_brand?post=2800"},{"taxonomy":"product_cat","embeddable":true,"href":"https:\/\/herbalhorizons.co\/es\/wp-json\/wp\/v2\/product_cat?post=2800"},{"taxonomy":"product_tag","embeddable":true,"href":"https:\/\/herbalhorizons.co\/es\/wp-json\/wp\/v2\/product_tag?post=2800"}],"curies":[{"name":"wp","href":"https:\/\/api.w.org\/{rel}","templated":true}]}}