{"id":2797,"date":"2025-04-14T10:56:07","date_gmt":"2025-04-14T10:56:07","guid":{"rendered":"https:\/\/herbalhorizons.co\/product\/psilocybe-mexicana-carne-de-los-dioses\/"},"modified":"2025-04-23T10:25:46","modified_gmt":"2025-04-23T10:25:46","slug":"psilocybe-mexicana-carne-de-los-dioses","status":"publish","type":"product","link":"https:\/\/herbalhorizons.co\/es\/producto\/psilocybe-mexicana-carne-de-los-dioses\/","title":{"rendered":"Psilocybe Mexicana \u2013 Carne de los Dioses"},"content":{"rendered":"\n<div id=\"wd-67ebcd5c\" class=\"wp-block-wd-row\">\n<div id=\"wd-af8a8c9f\" class=\"wp-block-wd-column\">\n<h2 id=\"wd-3cbb8ed8\" class=\"wp-block-wd-title title\">Efectos:<\/h2>\n\n\n\n<ul class=\"wp-block-list\">\n<li>Euforia y conciencia apacible<\/li>\n\n\n\n<li>Visualizaciones suaves y cambios de color<\/li>\n\n\n\n<li>Creatividad mejorada y conexi\u00f3n con la naturaleza<\/li>\n\n\n\n<li>Risa, empat\u00eda y energ\u00eda c\u00e1lida<\/li>\n\n\n\n<li>Inicio: 30\u201345 minutos<\/li>\n\n\n\n<li>Duraci\u00f3n: 4\u20136 horas<\/li>\n<\/ul>\n<\/div>\n\n\n\n<div id=\"wd-33e24f4e\" class=\"wp-block-wd-column\">\n<div id=\"wd-cf5fd1b7\" class=\"wp-block-wd-table\">\n<figure class=\"wp-block-table\"><table><thead><tr><th>Intensidad del Viaje<\/th><th>Cantidad<\/th><\/tr><\/thead><tbody><tr><td>Claro<\/td><td>6\u201310g<\/td><\/tr><tr><td>Medianos<\/td><td>10\u201315g<\/td><\/tr><tr><td>Fuerte<\/td><td>15\u201320g<\/td><\/tr><\/tbody><\/table><\/figure>\n<\/div>\n\n\n\n<p id=\"wd-23181eb4\" class=\"wp-block-wd-paragraph\">Para los exploradores al aire libre, esta es una opci\u00f3n predilecta. Pru\u00e9bela bajo los \u00e1rboles o a la luz del sol. <\/p>\n<\/div>\n\n\n\n<div id=\"wd-c78be697\" class=\"wp-block-wd-column\">\n<h2 id=\"wd-491a5234\" class=\"wp-block-wd-title title\">C\u00f3mo Utilizar:<\/h2>\n\n\n\n<ul class=\"wp-block-list\">\n<li>\u00d3ptimo con el <strong>est\u00f3mago vac\u00edo<\/strong><\/li>\n\n\n\n<li>Mastique minuciosamente o prepare en infusi\u00f3n (sin az\u00facar)<\/li>\n\n\n\n<li>Elija un <strong>entorno seguro y de confianza<\/strong><\/li>\n\n\n\n<li>Se recomienda encarecidamente un gu\u00eda para dosis de m\u00e1xima potencia<\/li>\n<\/ul>\n\n\n\n<h2 id=\"wd-58fbe819\" class=\"wp-block-wd-title title\">Almacenamiento:<\/h2>\n\n\n\n<ul class=\"wp-block-list\">\n<li>Conservar en refrigeraci\u00f3n a 2\u20138\u00b0C (hasta 3 semanas en fresco)<\/li>\n\n\n\n<li>Para almacenamiento prolongado: <strong>secar completamente<\/strong> y sellar herm\u00e9ticamente hasta por 6 meses<\/li>\n<\/ul>\n<\/div>\n<\/div>\n","protected":false},"excerpt":{"rendered":"<h4 class=\"\" data-start=\"397\" data-end=\"434\">\u26a1 Nivel de Intensidad: Moderado + En\u00e9rgico<\/h4>\n<p><strong data-start=\"1824\" data-end=\"1901\">De origen ancestral. De perspicacia eterna. Cultivado para aquellos dispuestos a recordar.  <\/strong><\/p>\n<p class=\"\" data-start=\"535\" data-end=\"800\"><strong data-start=\"535\" data-end=\"557\">Psilocybe Mexicana<\/strong> proporciona una experiencia elevadora y suave, arraigada en el uso ceremonial ancestral. Conocida como <em data-start=\"635\" data-end=\"648\">teonan\u00e1catl<\/em> por los aztecas \u2014 \u00abcarne de los dioses\u00bb \u2014 esta trufa es id\u00f3nea para exploradores espirituales que buscan conexi\u00f3n, visualizaciones sutiles y un viaje centrado en el coraz\u00f3n. <\/p>\n","protected":false},"featured_media":2380,"comment_status":"open","ping_status":"closed","template":"","meta":[],"product_brand":[],"product_cat":[134],"product_tag":[214,216,217],"class_list":{"0":"post-2797","1":"product","2":"type-product","3":"status-publish","4":"has-post-thumbnail","6":"product_cat-truffles-es-2","7":"product_tag-psilocibina-es","8":"product_tag-psilocybe-es","9":"product_tag-trufas-es","11":"first","12":"outofstock","13":"shipping-taxable","14":"purchasable","15":"product-type-simple"},"_links":{"self":[{"href":"https:\/\/herbalhorizons.co\/es\/wp-json\/wp\/v2\/product\/2797","targetHints":{"allow":["GET"]}}],"collection":[{"href":"https:\/\/herbalhorizons.co\/es\/wp-json\/wp\/v2\/product"}],"about":[{"href":"https:\/\/herbalhorizons.co\/es\/wp-json\/wp\/v2\/types\/product"}],"replies":[{"embeddable":true,"href":"https:\/\/herbalhorizons.co\/es\/wp-json\/wp\/v2\/comments?post=2797"}],"wp:featuredmedia":[{"embeddable":true,"href":"https:\/\/herbalhorizons.co\/es\/wp-json\/wp\/v2\/media\/2380"}],"wp:attachment":[{"href":"https:\/\/herbalhorizons.co\/es\/wp-json\/wp\/v2\/media?parent=2797"}],"wp:term":[{"taxonomy":"product_brand","embeddable":true,"href":"https:\/\/herbalhorizons.co\/es\/wp-json\/wp\/v2\/product_brand?post=2797"},{"taxonomy":"product_cat","embeddable":true,"href":"https:\/\/herbalhorizons.co\/es\/wp-json\/wp\/v2\/product_cat?post=2797"},{"taxonomy":"product_tag","embeddable":true,"href":"https:\/\/herbalhorizons.co\/es\/wp-json\/wp\/v2\/product_tag?post=2797"}],"curies":[{"name":"wp","href":"https:\/\/api.w.org\/{rel}","templated":true}]}}