{"id":2788,"date":"2025-04-14T10:52:39","date_gmt":"2025-04-14T10:52:39","guid":{"rendered":"https:\/\/herbalhorizons.co\/product\/psilocybe-atlantis-trufas-magicas\/"},"modified":"2025-04-23T10:25:45","modified_gmt":"2025-04-23T10:25:45","slug":"psilocybe-atlantis-trufas-magicas","status":"publish","type":"product","link":"https:\/\/herbalhorizons.co\/es\/producto\/psilocybe-atlantis-trufas-magicas\/","title":{"rendered":"Psilocybe Atlantis \u2013 Trufas M\u00e1gicas"},"content":{"rendered":"\n<div id=\"wd-67ebcd5c\" class=\"wp-block-wd-row\">\n<div id=\"wd-af8a8c9f\" class=\"wp-block-wd-column\">\n<h2 id=\"wd-3cbb8ed8\" class=\"wp-block-wd-title title\">Efectos:<\/h2>\n\n\n\n<ul class=\"wp-block-list\">\n<li>Elevaci\u00f3n euf\u00f3rica, calidez corporal generalizada<\/li>\n\n\n\n<li>Calma introspectiva y claridad emocional<\/li>\n\n\n\n<li>Visuales que se perciben suaves, surreales e impregnadas de ensue\u00f1o<\/li>\n\n\n\n<li>Empat\u00eda intensificada y apreciaci\u00f3n musical aumentada<\/li>\n\n\n\n<li>Inicio: 30\u201345 minutos<\/li>\n\n\n\n<li>Duraci\u00f3n: 4\u20136 horas (+ postefectos suaves 2\u20136 horas)<\/li>\n<\/ul>\n<\/div>\n\n\n\n<div id=\"wd-33e24f4e\" class=\"wp-block-wd-column\">\n<div id=\"wd-cf5fd1b7\" class=\"wp-block-wd-table\">\n<figure class=\"wp-block-table\"><table><thead><tr><th>Intensidad del Viaje<\/th><th>Cantidad<\/th><\/tr><\/thead><tbody><tr><td>Claro<\/td><td>6g<\/td><\/tr><tr><td>Medianos<\/td><td>9g<\/td><\/tr><tr><td>Fuerte<\/td><td>10\u201315g<\/td><\/tr><\/tbody><\/table><\/figure>\n<\/div>\n\n\n\n<p id=\"wd-23181eb4\" class=\"wp-block-wd-paragraph\">Comience con dosis bajas si es su primera vez con esta cepa \u2014 Atlantis es tranquila, pero no superficial.<\/p>\n<\/div>\n\n\n\n<div id=\"wd-c78be697\" class=\"wp-block-wd-column\">\n<h2 id=\"wd-491a5234\" class=\"wp-block-wd-title title\">C\u00f3mo Utilizar:<\/h2>\n\n\n\n<ul class=\"wp-block-list\">\n<li>\u00d3ptimo con el <strong>est\u00f3mago vac\u00edo<\/strong><\/li>\n\n\n\n<li>Mastique minuciosamente o prepare en infusi\u00f3n (sin az\u00facar)<\/li>\n\n\n\n<li>Elija un <strong>entorno seguro y de confianza<\/strong><\/li>\n\n\n\n<li>Se recomienda encarecidamente un gu\u00eda para dosis de m\u00e1xima potencia<\/li>\n<\/ul>\n\n\n\n<h2 id=\"wd-58fbe819\" class=\"wp-block-wd-title title\">Almacenamiento:<\/h2>\n\n\n\n<ul class=\"wp-block-list\">\n<li>Conservar en el refrigerador (2\u20138\u00b0C)<\/li>\n\n\n\n<li>Los paquetes sin abrir duran 1 mes; consumir fresco para m\u00e1xima potencia<\/li>\n\n\n\n<li>Para almacenamiento a largo plazo: <strong>secar completamente<\/strong>, luego sellar en un espacio fresco y seco (dura hasta 6 meses)<\/li>\n<\/ul>\n<\/div>\n<\/div>\n","protected":false},"excerpt":{"rendered":"<h4 class=\"\" data-start=\"397\" data-end=\"434\">\u26a1 Nivel de Intensidad: Moderadamente Profundo + On\u00edrico<\/h4>\n<p><strong data-start=\"1916\" data-end=\"1989\">Una inmersi\u00f3n l\u00facida hacia el interior. Una deriva surreal y emocional. Bienvenido a Atlantis.  <\/strong><\/p>\n<p class=\"\" data-start=\"540\" data-end=\"834\"><strong data-start=\"540\" data-end=\"562\">Psilocybe Atlantis<\/strong> ofrece una experiencia reflexiva, emocional e inmersiva \u2014 una de las cepas m\u00e1s introspectivas de la familia <strong data-start=\"667\" data-end=\"682\">Tampanensis<\/strong>.<br \/>Conocida por sus visuales on\u00edricas, percepciones sutiles y conexi\u00f3n euf\u00f3rica. Atlantis es un viaje suave y encantador, m\u00e1s adecuado para mentes experimentadas. <\/p>\n","protected":false},"featured_media":2374,"comment_status":"open","ping_status":"closed","template":"","meta":[],"product_brand":[],"product_cat":[134],"product_tag":[214,216,217],"class_list":{"0":"post-2788","1":"product","2":"type-product","3":"status-publish","4":"has-post-thumbnail","6":"product_cat-truffles-es-2","7":"product_tag-psilocibina-es","8":"product_tag-psilocybe-es","9":"product_tag-trufas-es","11":"first","12":"outofstock","13":"shipping-taxable","14":"purchasable","15":"product-type-simple"},"_links":{"self":[{"href":"https:\/\/herbalhorizons.co\/es\/wp-json\/wp\/v2\/product\/2788","targetHints":{"allow":["GET"]}}],"collection":[{"href":"https:\/\/herbalhorizons.co\/es\/wp-json\/wp\/v2\/product"}],"about":[{"href":"https:\/\/herbalhorizons.co\/es\/wp-json\/wp\/v2\/types\/product"}],"replies":[{"embeddable":true,"href":"https:\/\/herbalhorizons.co\/es\/wp-json\/wp\/v2\/comments?post=2788"}],"wp:featuredmedia":[{"embeddable":true,"href":"https:\/\/herbalhorizons.co\/es\/wp-json\/wp\/v2\/media\/2374"}],"wp:attachment":[{"href":"https:\/\/herbalhorizons.co\/es\/wp-json\/wp\/v2\/media?parent=2788"}],"wp:term":[{"taxonomy":"product_brand","embeddable":true,"href":"https:\/\/herbalhorizons.co\/es\/wp-json\/wp\/v2\/product_brand?post=2788"},{"taxonomy":"product_cat","embeddable":true,"href":"https:\/\/herbalhorizons.co\/es\/wp-json\/wp\/v2\/product_cat?post=2788"},{"taxonomy":"product_tag","embeddable":true,"href":"https:\/\/herbalhorizons.co\/es\/wp-json\/wp\/v2\/product_tag?post=2788"}],"curies":[{"name":"wp","href":"https:\/\/api.w.org\/{rel}","templated":true}]}}