{"id":2778,"date":"2025-04-14T10:38:13","date_gmt":"2025-04-14T10:38:13","guid":{"rendered":"https:\/\/herbalhorizons.co\/product\/pajateros-psilocybe-tampanensis-gigante\/"},"modified":"2025-04-23T10:25:36","modified_gmt":"2025-04-23T10:25:36","slug":"pajateros-psilocybe-tampanensis-gigante","status":"publish","type":"product","link":"https:\/\/herbalhorizons.co\/es\/producto\/pajateros-psilocybe-tampanensis-gigante\/","title":{"rendered":"Pajateros \u2013 Psilocybe Tampanensis Gigante"},"content":{"rendered":"\n<div id=\"wd-67ebcd5c\" class=\"wp-block-wd-row\">\n<div id=\"wd-af8a8c9f\" class=\"wp-block-wd-column\">\n<h2 id=\"wd-3cbb8ed8\" class=\"wp-block-wd-title title\">Efectos:<\/h2>\n\n\n\n<ul class=\"wp-block-list\">\n<li>Energ\u00eda euf\u00f3rica y conexi\u00f3n profunda<\/li>\n\n\n\n<li>Inmersi\u00f3n en la naturaleza, claridad emocional<\/li>\n\n\n\n<li>Empat\u00eda y creatividad mejoradas<\/li>\n\n\n\n<li>Fuertes visuales, hormigueo corporal, ataques de risa<\/li>\n\n\n\n<li>Inicio: 30\u201345 minutos<\/li>\n\n\n\n<li>Duraci\u00f3n: 4\u20136 horas (m\u00e1s resplandor residual)<\/li>\n<\/ul>\n<\/div>\n\n\n\n<div id=\"wd-33e24f4e\" class=\"wp-block-wd-column\">\n<div id=\"wd-cf5fd1b7\" class=\"wp-block-wd-table\">\n<figure class=\"wp-block-table\"><table><thead><tr><th>Intensidad del Viaje<\/th><th>Cantidad<\/th><\/tr><\/thead><tbody><tr><td>Claro<\/td><td>5g<\/td><\/tr><tr><td>Medianos<\/td><td>7,5g<\/td><\/tr><tr><td>Fuerte<\/td><td>10g<\/td><\/tr><\/tbody><\/table><\/figure>\n<\/div>\n\n\n\n<p id=\"wd-23181eb4\" class=\"wp-block-wd-paragraph\">Las dosis m\u00e1s ligeras ofrecen elevaci\u00f3n y estimulaci\u00f3n; las dosis m\u00e1s altas se vuelven completamente visuales e introspectivas.<\/p>\n<\/div>\n\n\n\n<div id=\"wd-c78be697\" class=\"wp-block-wd-column\">\n<h2 id=\"wd-491a5234\" class=\"wp-block-wd-title title\">C\u00f3mo Utilizar:<\/h2>\n\n\n\n<ul class=\"wp-block-list\">\n<li>\u00d3ptimo con el <strong>est\u00f3mago vac\u00edo<\/strong><\/li>\n\n\n\n<li>Mastique minuciosamente o prepare en infusi\u00f3n (sin az\u00facar)<\/li>\n\n\n\n<li>Elija un <strong>entorno seguro y de confianza<\/strong><\/li>\n\n\n\n<li>Se recomienda encarecidamente un gu\u00eda para dosis de m\u00e1xima potencia<\/li>\n<\/ul>\n\n\n\n<h2 id=\"wd-58fbe819\" class=\"wp-block-wd-title title\">Almacenamiento:<\/h2>\n\n\n\n<ul class=\"wp-block-list\">\n<li>Conservar en el refrigerador (2\u20138\u00b0C)<\/li>\n\n\n\n<li>Los paquetes sin abrir duran 1 mes; consumir fresco para m\u00e1xima potencia<\/li>\n\n\n\n<li>Para almacenamiento a largo plazo: <strong>secar completamente<\/strong>, luego sellar en un espacio fresco y seco (dura hasta 6 meses)<\/li>\n<\/ul>\n<\/div>\n<\/div>\n","protected":false},"excerpt":{"rendered":"<h4 class=\"\" data-start=\"397\" data-end=\"434\">\u26a1 Nivel de Intensidad: Alto + R\u00e1pido<\/h4>\n<p class=\"\" data-start=\"492\" data-end=\"741\"><strong data-start=\"213\" data-end=\"261\">La Experiencia del Gran Jefe. Forma gigante. Energ\u00eda gigante.  <\/strong><\/p>\n<p class=\"\" data-start=\"521\" data-end=\"736\">Los <strong data-start=\"521\" data-end=\"534\">Pajateros<\/strong> son los campeones de peso pesado de la familia <strong data-start=\"567\" data-end=\"592\">Psilocybe Tampanensis<\/strong> \u2014 m\u00e1s grandes, m\u00e1s fuertes y m\u00e1s profundos. Ideales para buscadores que persiguen descargas filos\u00f3ficas, introspecci\u00f3n emocional y estimulaci\u00f3n visual de alto grado. <\/p>\n<p class=\"\" data-start=\"738\" data-end=\"814\">Esto no es una trufa para principiantes \u2014 es combustible sagrado para viajes serios.<\/p>\n<p data-start=\"738\" data-end=\"814\"><strong data-start=\"1886\" data-end=\"1946\">Energ\u00eda masiva. Introspecci\u00f3n real. La experiencia de las leyendas.  <\/strong><\/p>\n","protected":false},"featured_media":2368,"comment_status":"open","ping_status":"closed","template":"","meta":[],"product_brand":[],"product_cat":[134],"product_tag":[214,216,217],"class_list":{"0":"post-2778","1":"product","2":"type-product","3":"status-publish","4":"has-post-thumbnail","6":"product_cat-truffles-es-2","7":"product_tag-psilocibina-es","8":"product_tag-psilocybe-es","9":"product_tag-trufas-es","11":"first","12":"outofstock","13":"shipping-taxable","14":"purchasable","15":"product-type-simple"},"_links":{"self":[{"href":"https:\/\/herbalhorizons.co\/es\/wp-json\/wp\/v2\/product\/2778","targetHints":{"allow":["GET"]}}],"collection":[{"href":"https:\/\/herbalhorizons.co\/es\/wp-json\/wp\/v2\/product"}],"about":[{"href":"https:\/\/herbalhorizons.co\/es\/wp-json\/wp\/v2\/types\/product"}],"replies":[{"embeddable":true,"href":"https:\/\/herbalhorizons.co\/es\/wp-json\/wp\/v2\/comments?post=2778"}],"wp:featuredmedia":[{"embeddable":true,"href":"https:\/\/herbalhorizons.co\/es\/wp-json\/wp\/v2\/media\/2368"}],"wp:attachment":[{"href":"https:\/\/herbalhorizons.co\/es\/wp-json\/wp\/v2\/media?parent=2778"}],"wp:term":[{"taxonomy":"product_brand","embeddable":true,"href":"https:\/\/herbalhorizons.co\/es\/wp-json\/wp\/v2\/product_brand?post=2778"},{"taxonomy":"product_cat","embeddable":true,"href":"https:\/\/herbalhorizons.co\/es\/wp-json\/wp\/v2\/product_cat?post=2778"},{"taxonomy":"product_tag","embeddable":true,"href":"https:\/\/herbalhorizons.co\/es\/wp-json\/wp\/v2\/product_tag?post=2778"}],"curies":[{"name":"wp","href":"https:\/\/api.w.org\/{rel}","templated":true}]}}