{"id":2777,"date":"2025-04-14T10:27:35","date_gmt":"2025-04-14T10:27:35","guid":{"rendered":"https:\/\/herbalhorizons.co\/product\/dragons-dynamite-psilocybe-pajateros\/"},"modified":"2025-04-23T10:25:27","modified_gmt":"2025-04-23T10:25:27","slug":"dragons-dynamite-psilocybe-pajateros","status":"publish","type":"product","link":"https:\/\/herbalhorizons.co\/es\/producto\/dragons-dynamite-psilocybe-pajateros\/","title":{"rendered":"Dragon&#8217;s Dynamite \u2013 Psilocybe Pajateros"},"content":{"rendered":"\n<div id=\"wd-67ebcd5c\" class=\"wp-block-wd-row\">\n<div id=\"wd-af8a8c9f\" class=\"wp-block-wd-column\">\n<h2 id=\"wd-3cbb8ed8\" class=\"wp-block-wd-title title\">Efectos:<\/h2>\n\n\n\n<ul class=\"wp-block-list\">\n<li>Inicio r\u00e1pido (30\u201345 minutos)<\/li>\n\n\n\n<li>Visuales surreales y cinematogr\u00e1ficas<\/li>\n\n\n\n<li>Alta energ\u00eda, risas y sensaciones corporales c\u00e1lidas<\/li>\n\n\n\n<li>Emociones intensificadas y chispas creativas<\/li>\n\n\n\n<li>Duraci\u00f3n total: 4\u20136 horas<\/li>\n<\/ul>\n<\/div>\n\n\n\n<div id=\"wd-33e24f4e\" class=\"wp-block-wd-column\">\n<div id=\"wd-cf5fd1b7\" class=\"wp-block-wd-table\">\n<figure class=\"wp-block-table\"><table><thead><tr><th>Intensidad del Viaje<\/th><th>Cantidad<\/th><\/tr><\/thead><tbody><tr><td>Claro<\/td><td>7g<\/td><\/tr><tr><td>Medianos<\/td><td>10g<\/td><\/tr><tr><td>Fuerte<\/td><td>15g<\/td><\/tr><\/tbody><\/table><\/figure>\n<\/div>\n\n\n\n<p id=\"wd-23181eb4\" class=\"wp-block-wd-paragraph\">Siempre mida cuidadosamente \u2014 esta variedad impacta con intensidad.<\/p>\n<\/div>\n\n\n\n<div id=\"wd-c78be697\" class=\"wp-block-wd-column\">\n<h2 id=\"wd-491a5234\" class=\"wp-block-wd-title title\">C\u00f3mo Utilizar:<\/h2>\n\n\n\n<ul class=\"wp-block-list\">\n<li>\u00d3ptimo con el <strong>est\u00f3mago vac\u00edo<\/strong><\/li>\n\n\n\n<li>Mastique minuciosamente o prepare en infusi\u00f3n (sin az\u00facar)<\/li>\n\n\n\n<li>Elija un <strong>entorno seguro y de confianza<\/strong><\/li>\n\n\n\n<li>Se recomienda encarecidamente un gu\u00eda para dosis de m\u00e1xima potencia<\/li>\n<\/ul>\n\n\n\n<h2 id=\"wd-58fbe819\" class=\"wp-block-wd-title title\">Almacenamiento:<\/h2>\n\n\n\n<ul class=\"wp-block-list\">\n<li>Conservar en el refrigerador (2\u20138\u00b0C)<\/li>\n\n\n\n<li>Los paquetes sin abrir duran 1 mes; consumir fresco para m\u00e1xima potencia<\/li>\n\n\n\n<li>Para almacenamiento a largo plazo: <strong>secar completamente<\/strong>, luego sellar en un espacio fresco y seco (dura hasta 6 meses)<\/li>\n<\/ul>\n<\/div>\n<\/div>\n","protected":false},"excerpt":{"rendered":"<h4 class=\"\" data-start=\"397\" data-end=\"434\">\u26a1 Nivel de Intensidad: Alto + R\u00e1pido<\/h4>\n<p class=\"\" data-start=\"492\" data-end=\"741\"><strong data-start=\"229\" data-end=\"286\">Claridad explosiva. Visuales feroces. No apto para pusil\u00e1nimes.  <\/strong><\/p>\n<p class=\"\" data-start=\"435\" data-end=\"667\"><strong data-start=\"435\" data-end=\"456\">Dragon&#8217;s Dynamite<\/strong> es conocido por su efecto r\u00e1pido e intenso. Anticipe visuales n\u00edtidas, alta energ\u00eda, r\u00e1fagas creativas y una sensaci\u00f3n surreal de control. Este es un viaje para aquellos preparados para encender la mecha y sumergirse directamente en el fuego.  <br \/><strong data-start=\"1666\" data-end=\"1720\">Libere al drag\u00f3n. Domine el viaje. Incinere el mapa.  <\/strong><br data-start=\"1720\" data-end=\"1723\"><\/p>\n","protected":false},"featured_media":2362,"comment_status":"open","ping_status":"closed","template":"","meta":[],"product_brand":[],"product_cat":[134],"product_tag":[214,216,217],"class_list":{"0":"post-2777","1":"product","2":"type-product","3":"status-publish","4":"has-post-thumbnail","6":"product_cat-truffles-es-2","7":"product_tag-psilocibina-es","8":"product_tag-psilocybe-es","9":"product_tag-trufas-es","11":"first","12":"outofstock","13":"shipping-taxable","14":"purchasable","15":"product-type-simple"},"_links":{"self":[{"href":"https:\/\/herbalhorizons.co\/es\/wp-json\/wp\/v2\/product\/2777","targetHints":{"allow":["GET"]}}],"collection":[{"href":"https:\/\/herbalhorizons.co\/es\/wp-json\/wp\/v2\/product"}],"about":[{"href":"https:\/\/herbalhorizons.co\/es\/wp-json\/wp\/v2\/types\/product"}],"replies":[{"embeddable":true,"href":"https:\/\/herbalhorizons.co\/es\/wp-json\/wp\/v2\/comments?post=2777"}],"wp:featuredmedia":[{"embeddable":true,"href":"https:\/\/herbalhorizons.co\/es\/wp-json\/wp\/v2\/media\/2362"}],"wp:attachment":[{"href":"https:\/\/herbalhorizons.co\/es\/wp-json\/wp\/v2\/media?parent=2777"}],"wp:term":[{"taxonomy":"product_brand","embeddable":true,"href":"https:\/\/herbalhorizons.co\/es\/wp-json\/wp\/v2\/product_brand?post=2777"},{"taxonomy":"product_cat","embeddable":true,"href":"https:\/\/herbalhorizons.co\/es\/wp-json\/wp\/v2\/product_cat?post=2777"},{"taxonomy":"product_tag","embeddable":true,"href":"https:\/\/herbalhorizons.co\/es\/wp-json\/wp\/v2\/product_tag?post=2777"}],"curies":[{"name":"wp","href":"https:\/\/api.w.org\/{rel}","templated":true}]}}