{"id":2771,"date":"2025-04-14T08:19:29","date_gmt":"2025-04-14T08:19:29","guid":{"rendered":"https:\/\/herbalhorizons.co\/product\/high-hawaiians-psilocybe-tampelandia\/"},"modified":"2025-04-23T10:25:26","modified_gmt":"2025-04-23T10:25:26","slug":"high-hawaiians-psilocybe-tampelandia","status":"publish","type":"product","link":"https:\/\/herbalhorizons.co\/es\/producto\/high-hawaiians-psilocybe-tampelandia\/","title":{"rendered":"High Hawaiians \u2013 Psilocybe Tampelandia"},"content":{"rendered":"\n<div id=\"wd-67ebcd5c\" class=\"wp-block-wd-row\">\n<div id=\"wd-af8a8c9f\" class=\"wp-block-wd-column\">\n<h2 id=\"wd-3cbb8ed8\" class=\"wp-block-wd-title title\">Efectos:<\/h2>\n\n\n\n<ul class=\"wp-block-list\">\n<li>Alucinaciones visuales intensas<\/li>\n\n\n\n<li>Euforia y apertura emocional<\/li>\n\n\n\n<li>Oleadas corporales y sensaciones de elevaci\u00f3n<\/li>\n\n\n\n<li>Creatividad y conexi\u00f3n mejoradas<\/li>\n\n\n\n<li>Inicio: 30\u201345 minutos<\/li>\n\n\n\n<li>Duraci\u00f3n: 4\u20136 horas<\/li>\n<\/ul>\n<\/div>\n\n\n\n<div id=\"wd-33e24f4e\" class=\"wp-block-wd-column\">\n<div id=\"wd-cf5fd1b7\" class=\"wp-block-wd-table\">\n<figure class=\"wp-block-table\"><table><thead><tr><th>Intensidad del Viaje<\/th><th>Cantidad<\/th><\/tr><\/thead><tbody><tr><td>Claro<\/td><td>7\u201310g<\/td><\/tr><tr><td>Medianos<\/td><td>10\u201315g<\/td><\/tr><tr><td>Fuerte<\/td><td>15\u201322g<\/td><\/tr><\/tbody><\/table><\/figure>\n<\/div>\n\n\n\n<p id=\"wd-23181eb4\" class=\"wp-block-wd-paragraph\">Comience con poco. <span class=\"wd-highlight\">Respete la dosis<\/span>. Estas tienen un efecto m\u00e1s potente que la mayor\u00eda. <\/p>\n<\/div>\n\n\n\n<div id=\"wd-c78be697\" class=\"wp-block-wd-column\">\n<h2 id=\"wd-491a5234\" class=\"wp-block-wd-title title\">C\u00f3mo Utilizar:<\/h2>\n\n\n\n<ul class=\"wp-block-list\">\n<li>\u00d3ptimo con el est\u00f3mago vac\u00edo<\/li>\n\n\n\n<li>Mastique minuciosamente, o infusione en un t\u00e9 sin az\u00facar<\/li>\n\n\n\n<li>Mant\u00e9ngase hidratado y <strong>prepare adecuadamente el entorno<\/strong><\/li>\n\n\n\n<li>Se <strong>recomienda un gu\u00eda de viaje<\/strong> para experiencias intensas por primera vez<\/li>\n<\/ul>\n\n\n\n<h2 id=\"wd-0d008b22\" class=\"wp-block-wd-title title\">Almacenamiento:<\/h2>\n\n\n\n<ul class=\"wp-block-list\">\n<li>Conservar en el refrigerador (2\u20138\u00b0C)<\/li>\n\n\n\n<li>Los paquetes sin abrir duran 1 mes; consumir fresco para m\u00e1xima potencia<\/li>\n\n\n\n<li>Para almacenamiento a largo plazo: <strong>secar completamente<\/strong>, luego sellar en un espacio fresco y seco (dura hasta 6 meses)<\/li>\n<\/ul>\n<\/div>\n<\/div>\n","protected":false},"excerpt":{"rendered":"<h4 class=\"\" data-start=\"459\" data-end=\"491\">\u26a1 Nivel de intensidad: Salvaje<\/h4>\n<p class=\"\" data-start=\"492\" data-end=\"741\">Los <strong data-start=\"492\" data-end=\"510\">High Hawaiians<\/strong> no son un refrigerio psicod\u00e9lico com\u00fan. Estas trufas est\u00e1n cargadas de psilocibina y son conocidas por proporcionar experiencias de alta intensidad y plenitud. Visiones profundas, oleadas emocionales, euforia corporal \u2014 y horas de energ\u00eda para recorrer el universo.  <\/p>\n<p class=\"\" data-start=\"743\" data-end=\"849\">Ideales para <strong data-start=\"755\" data-end=\"780\">exploradores experimentados<\/strong>, buscadores profundos del alma, o aquellos dispuestos a encontrarse consigo mismos en el l\u00edmite.<\/p>\n","protected":false},"featured_media":2350,"comment_status":"open","ping_status":"closed","template":"","meta":[],"product_brand":[],"product_cat":[134],"product_tag":[214,216,217],"class_list":{"0":"post-2771","1":"product","2":"type-product","3":"status-publish","4":"has-post-thumbnail","6":"product_cat-truffles-es-2","7":"product_tag-psilocibina-es","8":"product_tag-psilocybe-es","9":"product_tag-trufas-es","11":"first","12":"outofstock","13":"shipping-taxable","14":"purchasable","15":"product-type-simple"},"_links":{"self":[{"href":"https:\/\/herbalhorizons.co\/es\/wp-json\/wp\/v2\/product\/2771","targetHints":{"allow":["GET"]}}],"collection":[{"href":"https:\/\/herbalhorizons.co\/es\/wp-json\/wp\/v2\/product"}],"about":[{"href":"https:\/\/herbalhorizons.co\/es\/wp-json\/wp\/v2\/types\/product"}],"replies":[{"embeddable":true,"href":"https:\/\/herbalhorizons.co\/es\/wp-json\/wp\/v2\/comments?post=2771"}],"wp:featuredmedia":[{"embeddable":true,"href":"https:\/\/herbalhorizons.co\/es\/wp-json\/wp\/v2\/media\/2350"}],"wp:attachment":[{"href":"https:\/\/herbalhorizons.co\/es\/wp-json\/wp\/v2\/media?parent=2771"}],"wp:term":[{"taxonomy":"product_brand","embeddable":true,"href":"https:\/\/herbalhorizons.co\/es\/wp-json\/wp\/v2\/product_brand?post=2771"},{"taxonomy":"product_cat","embeddable":true,"href":"https:\/\/herbalhorizons.co\/es\/wp-json\/wp\/v2\/product_cat?post=2771"},{"taxonomy":"product_tag","embeddable":true,"href":"https:\/\/herbalhorizons.co\/es\/wp-json\/wp\/v2\/product_tag?post=2771"}],"curies":[{"name":"wp","href":"https:\/\/api.w.org\/{rel}","templated":true}]}}