{"id":2746,"date":"2025-04-14T14:30:14","date_gmt":"2025-04-14T14:30:14","guid":{"rendered":"https:\/\/herbalhorizons.co\/product\/pink-glitterbomb-semillas-de-cannabis-feminizadas\/"},"modified":"2025-04-23T10:24:51","modified_gmt":"2025-04-23T10:24:51","slug":"pink-glitterbomb-semillas-de-cannabis-feminizadas","status":"publish","type":"product","link":"https:\/\/herbalhorizons.co\/es\/producto\/pink-glitterbomb-semillas-de-cannabis-feminizadas\/","title":{"rendered":"Pink Glitterbomb \u2013 Semillas de Cannabis Feminizadas"},"content":{"rendered":"\n<div id=\"wd-67ebcd5c\" class=\"wp-block-wd-row\">\n<div id=\"wd-af8a8c9f\" class=\"wp-block-wd-column\">\n<h2 id=\"wd-3cbb8ed8\" class=\"wp-block-wd-title title\">Efectos:<\/h2>\n\n\n\n<ul class=\"wp-block-list\">\n<li>Elevaci\u00f3n cerebral euf\u00f3rica<\/li>\n\n\n\n<li>Calma relajante de cuerpo completo<\/li>\n\n\n\n<li>Alivia los cambios de humor, el estr\u00e9s y el insomnio<\/li>\n\n\n\n<li>Combinaci\u00f3n perfecta de claridad mental y comodidad propicia para el sof\u00e1<\/li>\n<\/ul>\n\n\n\n<h2 id=\"wd-58fbe819\" class=\"wp-block-wd-title title\">Sabor y aroma:<\/h2>\n\n\n\n<ul class=\"wp-block-list\">\n<li>Vainilla cremosa y suaves notas florales<\/li>\n\n\n\n<li>Fondo ligero a pino y tierra<\/li>\n\n\n\n<li>Inhalaci\u00f3n suave, similar a un postre<\/li>\n\n\n\n<li>Final dulce y persistente<\/li>\n<\/ul>\n<\/div>\n\n\n\n<div id=\"wd-33e24f4e\" class=\"wp-block-wd-column\">\n<div id=\"wd-cf5fd1b7\" class=\"wp-block-wd-table\">\n<figure class=\"wp-block-table\"><table><thead><tr><th>Lo que obtiene:<\/th><\/tr><\/thead><tbody><tr><td><strong>Gen\u00e9tica<\/strong> = \u00cdndica\/Sativa<\/td><\/tr><tr><td><strong>Tipo de semilla:<\/strong> Feminizada<\/td><\/tr><tr><td><strong>Rendimiento en interior:<\/strong> 750+ g\/m\u00b2<\/td><\/tr><tr><td><strong>Rendimiento en exterior:<\/strong> 600\u2013750g por planta<\/td><\/tr><tr><td><strong>Tiempo de floraci\u00f3n:<\/strong> 8 semanas (Interior)<\/td><\/tr><tr><td><strong>Mes de cosecha:<\/strong> Septiembre (Exterior)<\/td><\/tr><tr><td><strong>Altura:<\/strong> 80\u2013100cm Interior \/ 150\u2013200cm Exterior<\/td><\/tr><tr><td><strong>THC:<\/strong> 30%+, <strong>CBD:<\/strong> Medio (1\u20135%)<\/td><\/tr><tr><td><strong>Resistencia al moho:<\/strong> Alta<\/td><\/tr><\/tbody><\/table><\/figure>\n<\/div>\n<\/div>\n\n\n\n<div id=\"wd-c78be697\" class=\"wp-block-wd-column\">\n<h2 id=\"wd-5b579f2e\" class=\"wp-block-wd-title title\">Apariencia del cogollo<\/h2>\n\n\n\n<ul class=\"wp-block-list\">\n<li>Cogollos verde esmeralda con tonos rosas y p\u00farpuras<\/li>\n\n\n\n<li>Gruesa capa de tricomas relucientes<\/li>\n\n\n\n<li>Pistilos naranja fuego<\/li>\n\n\n\n<li>Una obra maestra visual escarchada y resplandeciente<\/li>\n<\/ul>\n\n\n\n<h2 id=\"wd-f4daca0b\" class=\"wp-block-wd-title title\">Consejos de cultivo:<\/h2>\n\n\n\n<ul class=\"wp-block-list\">\n<li>Se desarrolla bien en configuraciones de interior e invernadero<\/li>\n\n\n\n<li>Mantener baja la humedad durante las \u00faltimas semanas para maximizar el brillo de los tricomas<\/li>\n\n\n\n<li>Responde maravillosamente a una ligera defoliaci\u00f3n<\/li>\n<\/ul>\n\n\n\n<h2 id=\"wd-37c5c520\" class=\"wp-block-wd-title title\">Ideal Para:<\/h2>\n\n\n\n<ul class=\"wp-block-list\">\n<li>Relajaci\u00f3n vespertina y calma corporal total<\/li>\n\n\n\n<li>Cultivadores est\u00e9ticos que aprecian el color vibrante de los cogollos<\/li>\n\n\n\n<li>Equilibrio del estado de \u00e1nimo, alivio del estr\u00e9s y sedaci\u00f3n suave<\/li>\n\n\n\n<li>Relajaci\u00f3n recreativa o uso medicinal leve<\/li>\n\n\n\n<li>Aficionados al sabor y coleccionistas de cogollos exclusivos<\/li>\n<\/ul>\n<\/div>\n<\/div>\n","protected":false},"excerpt":{"rendered":"<h4 class=\"\" data-start=\"397\" data-end=\"434\"><strong data-start=\"222\" data-end=\"273\">\ud83d\udd25 Vainilla cremosa. Escarcha rosa. Potencia masiva.  <br data-start=\"258\" data-end=\"261\"><\/strong><\/h4>\n<p>30%+ THC | Cogollos resplandecientes con tonos rosados | Efectos euf\u00f3ricos de cuerpo completo<\/p>\n<p class=\"\" data-start=\"488\" data-end=\"815\"><strong data-start=\"488\" data-end=\"508\">Pink Glitterbomb<\/strong> es una rareza cultivada a partir de <strong data-start=\"536\" data-end=\"569\">Starfighter x Cookies  Cream<\/strong>, que ofrece impresionantes cogollos con tintes rosados y un delicioso sabor a vainilla cremosa. Con hasta un <strong data-start=\"658\" data-end=\"669\">30% de THC<\/strong>, esta variedad proporciona una euforia cerebral seguida de un efecto corporal profundamente relajante \u2014 ideal para desconectar o disipar el estr\u00e9s y la tensi\u00f3n. <\/p>\n","protected":false},"featured_media":2494,"comment_status":"open","ping_status":"closed","template":"","meta":[],"product_brand":[],"product_cat":[116,127],"product_tag":[163,211,164],"class_list":{"0":"post-2746","1":"product","2":"type-product","3":"status-publish","4":"has-post-thumbnail","6":"product_cat-cannabis-seeds-es-2","7":"product_cat-feminized-seeds-es-2","8":"product_tag-cannabis-es","9":"product_tag-feminizada-es","10":"product_tag-semillas","12":"first","13":"outofstock","14":"shipping-taxable","15":"purchasable","16":"product-type-simple"},"_links":{"self":[{"href":"https:\/\/herbalhorizons.co\/es\/wp-json\/wp\/v2\/product\/2746","targetHints":{"allow":["GET"]}}],"collection":[{"href":"https:\/\/herbalhorizons.co\/es\/wp-json\/wp\/v2\/product"}],"about":[{"href":"https:\/\/herbalhorizons.co\/es\/wp-json\/wp\/v2\/types\/product"}],"replies":[{"embeddable":true,"href":"https:\/\/herbalhorizons.co\/es\/wp-json\/wp\/v2\/comments?post=2746"}],"wp:featuredmedia":[{"embeddable":true,"href":"https:\/\/herbalhorizons.co\/es\/wp-json\/wp\/v2\/media\/2494"}],"wp:attachment":[{"href":"https:\/\/herbalhorizons.co\/es\/wp-json\/wp\/v2\/media?parent=2746"}],"wp:term":[{"taxonomy":"product_brand","embeddable":true,"href":"https:\/\/herbalhorizons.co\/es\/wp-json\/wp\/v2\/product_brand?post=2746"},{"taxonomy":"product_cat","embeddable":true,"href":"https:\/\/herbalhorizons.co\/es\/wp-json\/wp\/v2\/product_cat?post=2746"},{"taxonomy":"product_tag","embeddable":true,"href":"https:\/\/herbalhorizons.co\/es\/wp-json\/wp\/v2\/product_tag?post=2746"}],"curies":[{"name":"wp","href":"https:\/\/api.w.org\/{rel}","templated":true}]}}