{"id":2730,"date":"2025-04-14T11:37:37","date_gmt":"2025-04-14T11:37:37","guid":{"rendered":"https:\/\/herbalhorizons.co\/product\/bruce-banner-vapeador-de-hhc\/"},"modified":"2025-04-23T10:24:30","modified_gmt":"2025-04-23T10:24:30","slug":"bruce-banner-vapeador-de-hhc","status":"publish","type":"product","link":"https:\/\/herbalhorizons.co\/es\/producto\/bruce-banner-vapeador-de-hhc\/","title":{"rendered":"Bruce Banner \u2013 Vapeador de HHC"},"content":{"rendered":"\n<div id=\"wd-67ebcd5c\" class=\"wp-block-wd-row\">\n<div id=\"wd-af8a8c9f\" class=\"wp-block-wd-column\">\n<h2 id=\"wd-3cbb8ed8\" class=\"wp-block-wd-title title\">Efectos:<\/h2>\n\n\n\n<ul class=\"wp-block-list\">\n<li>Energ\u00eda potenciada y claridad mental<\/li>\n\n\n\n<li>Estado de \u00e1nimo elevado y enfoque preciso<\/li>\n\n\n\n<li>Sutil sensaci\u00f3n corporal sin decaimiento<\/li>\n\n\n\n<li>Ideal para uso diurno, ejecuci\u00f3n de tareas y fluidez social<\/li>\n<\/ul>\n<\/div>\n\n\n\n<div id=\"wd-33e24f4e\" class=\"wp-block-wd-column\">\n<div id=\"wd-cf5fd1b7\" class=\"wp-block-wd-table\">\n<figure class=\"wp-block-table\"><table><thead><tr><th>Lo que obtiene:<\/th><\/tr><\/thead><tbody><tr><td>1000mg de <strong>Hexahidrocannabinol (HHC)<\/strong><\/td><\/tr><tr><td>Hasta <strong>800 inhalaciones sabrosas por vapeador<\/strong><\/td><\/tr><tr><td><strong>0% THC<\/strong> \u2013 disfrute legalmente y sin preocupaciones<\/td><\/tr><tr><td>Terpenos y sabores totalmente naturales<\/td><\/tr><tr><td>Sin aditivos sint\u00e9ticos ni compuestos de relleno<\/td><\/tr><\/tbody><\/table><\/figure>\n<\/div>\n<\/div>\n\n\n\n<div id=\"wd-c78be697\" class=\"wp-block-wd-column\">\n<h2 id=\"wd-58fbe819\" class=\"wp-block-wd-title title\">\u00bfPor qu\u00e9 elegir este vapeador?<\/h2>\n\n\n\n<ul class=\"wp-block-list\">\n<li><strong>Potencia de bolsillo<\/strong> para usuarios de alto funcionamiento<\/li>\n\n\n\n<li><strong>Inhalaciones limpias y consistentes<\/strong> desde la primera hasta la \u00faltima<\/li>\n\n\n\n<li><strong>Sabor a di\u00e9sel terroso<\/strong> para el paladar audaz<\/li>\n<\/ul>\n<\/div>\n<\/div>\n","protected":false},"excerpt":{"rendered":"<h4 class=\"\" data-start=\"397\" data-end=\"434\">\u26a1  <strong data-start=\"217\" data-end=\"262\">Terroso. Energ\u00e9tico. Dise\u00f1ado para aplastar el estr\u00e9s.  <\/strong><\/h4>\n<p class=\"\" data-start=\"443\" data-end=\"676\"><strong data-start=\"443\" data-end=\"459\">Bruce Banner<\/strong> no juega. Espere un sabor audaz a di\u00e9sel y tierra con un efecto estimulante de acci\u00f3n r\u00e1pida que alimenta la creatividad, agudiza el enfoque y aplasta el estr\u00e9s. Para d\u00edas de alto rendimiento o para impulsar proyectos apasionantes.  <\/p>\n","protected":false},"featured_media":2410,"comment_status":"open","ping_status":"closed","template":"","meta":[],"product_brand":[],"product_cat":[140],"product_tag":[195,194],"class_list":{"0":"post-2730","1":"product","2":"type-product","3":"status-publish","4":"has-post-thumbnail","6":"product_cat-vapes-es-2","7":"product_tag-vapeador","8":"product_tag-vapeadores","10":"first","11":"outofstock","12":"shipping-taxable","13":"purchasable","14":"product-type-simple"},"_links":{"self":[{"href":"https:\/\/herbalhorizons.co\/es\/wp-json\/wp\/v2\/product\/2730","targetHints":{"allow":["GET"]}}],"collection":[{"href":"https:\/\/herbalhorizons.co\/es\/wp-json\/wp\/v2\/product"}],"about":[{"href":"https:\/\/herbalhorizons.co\/es\/wp-json\/wp\/v2\/types\/product"}],"replies":[{"embeddable":true,"href":"https:\/\/herbalhorizons.co\/es\/wp-json\/wp\/v2\/comments?post=2730"}],"wp:featuredmedia":[{"embeddable":true,"href":"https:\/\/herbalhorizons.co\/es\/wp-json\/wp\/v2\/media\/2410"}],"wp:attachment":[{"href":"https:\/\/herbalhorizons.co\/es\/wp-json\/wp\/v2\/media?parent=2730"}],"wp:term":[{"taxonomy":"product_brand","embeddable":true,"href":"https:\/\/herbalhorizons.co\/es\/wp-json\/wp\/v2\/product_brand?post=2730"},{"taxonomy":"product_cat","embeddable":true,"href":"https:\/\/herbalhorizons.co\/es\/wp-json\/wp\/v2\/product_cat?post=2730"},{"taxonomy":"product_tag","embeddable":true,"href":"https:\/\/herbalhorizons.co\/es\/wp-json\/wp\/v2\/product_tag?post=2730"}],"curies":[{"name":"wp","href":"https:\/\/api.w.org\/{rel}","templated":true}]}}