{"id":2721,"date":"2025-04-14T11:14:37","date_gmt":"2025-04-14T11:14:37","guid":{"rendered":"https:\/\/herbalhorizons.co\/product\/cherry-zkittlez-vaporizador-de-hhc\/"},"modified":"2025-04-23T10:24:20","modified_gmt":"2025-04-23T10:24:20","slug":"cherry-zkittlez-vaporizador-de-hhc","status":"publish","type":"product","link":"https:\/\/herbalhorizons.co\/es\/producto\/cherry-zkittlez-vaporizador-de-hhc\/","title":{"rendered":"Cherry Zkittlez \u2013 Vaporizador de HHC"},"content":{"rendered":"\n<div id=\"wd-67ebcd5c\" class=\"wp-block-wd-row\">\n<div id=\"wd-af8a8c9f\" class=\"wp-block-wd-column\">\n<h2 id=\"wd-3cbb8ed8\" class=\"wp-block-wd-title title\">Efectos:<\/h2>\n\n\n\n<ul class=\"wp-block-list\">\n<li>Sensaci\u00f3n de relajaci\u00f3n profunda y euforia mental<\/li>\n\n\n\n<li>Leve sensaci\u00f3n de flotaci\u00f3n corporal<\/li>\n\n\n\n<li>Incremento del estado de \u00e1nimo y la sociabilidad<\/li>\n\n\n\n<li>Estimulaci\u00f3n suave con claridad mental serena<\/li>\n\n\n\n<li>Ideal para so\u00f1ar despierto, escuchar listas de reproducci\u00f3n o pintar con amigos<\/li>\n<\/ul>\n<\/div>\n\n\n\n<div id=\"wd-33e24f4e\" class=\"wp-block-wd-column\">\n<div id=\"wd-cf5fd1b7\" class=\"wp-block-wd-table\">\n<figure class=\"wp-block-table\"><table><thead><tr><th>Lo que obtiene:<\/th><\/tr><\/thead><tbody><tr><td>1000mg de <strong>Hexahidrocannabinol (HHC)<\/strong><\/td><\/tr><tr><td>Hasta <strong>800 inhalaciones sabrosas por vapeador<\/strong><\/td><\/tr><tr><td><strong>0% THC<\/strong> \u2013 disfrute legalmente y sin preocupaciones<\/td><\/tr><tr><td>Perfiles de sabor completamente naturales<\/td><\/tr><tr><td>Sin aditivos qu\u00edmicos<\/td><\/tr><\/tbody><\/table><\/figure>\n<\/div>\n<\/div>\n\n\n\n<div id=\"wd-c78be697\" class=\"wp-block-wd-column\">\n<h2 id=\"wd-58fbe819\" class=\"wp-block-wd-title title\">\u00bfPor qu\u00e9 elegir este vapeador?<\/h2>\n\n\n\n<ul class=\"wp-block-list\">\n<li><strong>Discreto y port\u00e1til<\/strong> \u2013 tama\u00f1o de bolsillo para sesiones en movimiento<\/li>\n\n\n\n<li><strong>Alta potencia<\/strong> \u2013 1000mg de HHC para un uso prolongado<\/li>\n\n\n\n<li><strong>Sabor a caramelo, efecto similar al cannabis<\/strong><\/li>\n<\/ul>\n<\/div>\n<\/div>\n","protected":false},"excerpt":{"rendered":"<h4 class=\"\" data-start=\"397\" data-end=\"434\">\u26a1  <strong data-start=\"238\" data-end=\"276\">Predominio frutal. Euf\u00f3rico. Dulzura extrema.  <\/strong><\/h4>\n<p class=\"\" data-start=\"445\" data-end=\"674\"><strong data-start=\"445\" data-end=\"464\">Cherry Zkittlez<\/strong> aporta un giro azucarado a su experiencia psicoactiva \u2014 cereza intensa al principio con un juguet\u00f3n final de Zkittlez. Suave, dulce y garantizado para elevar el estado de \u00e1nimo. Excelente para despertar la alegr\u00eda, la creatividad o simplemente relajarse en un entorno colorido.  <\/p>\n","protected":false},"featured_media":2404,"comment_status":"open","ping_status":"closed","template":"","meta":[],"product_brand":[],"product_cat":[140],"product_tag":[195,194],"class_list":{"0":"post-2721","1":"product","2":"type-product","3":"status-publish","4":"has-post-thumbnail","6":"product_cat-vapes-es-2","7":"product_tag-vapeador","8":"product_tag-vapeadores","10":"first","11":"outofstock","12":"shipping-taxable","13":"purchasable","14":"product-type-simple"},"_links":{"self":[{"href":"https:\/\/herbalhorizons.co\/es\/wp-json\/wp\/v2\/product\/2721","targetHints":{"allow":["GET"]}}],"collection":[{"href":"https:\/\/herbalhorizons.co\/es\/wp-json\/wp\/v2\/product"}],"about":[{"href":"https:\/\/herbalhorizons.co\/es\/wp-json\/wp\/v2\/types\/product"}],"replies":[{"embeddable":true,"href":"https:\/\/herbalhorizons.co\/es\/wp-json\/wp\/v2\/comments?post=2721"}],"wp:featuredmedia":[{"embeddable":true,"href":"https:\/\/herbalhorizons.co\/es\/wp-json\/wp\/v2\/media\/2404"}],"wp:attachment":[{"href":"https:\/\/herbalhorizons.co\/es\/wp-json\/wp\/v2\/media?parent=2721"}],"wp:term":[{"taxonomy":"product_brand","embeddable":true,"href":"https:\/\/herbalhorizons.co\/es\/wp-json\/wp\/v2\/product_brand?post=2721"},{"taxonomy":"product_cat","embeddable":true,"href":"https:\/\/herbalhorizons.co\/es\/wp-json\/wp\/v2\/product_cat?post=2721"},{"taxonomy":"product_tag","embeddable":true,"href":"https:\/\/herbalhorizons.co\/es\/wp-json\/wp\/v2\/product_tag?post=2721"}],"curies":[{"name":"wp","href":"https:\/\/api.w.org\/{rel}","templated":true}]}}