{"id":2705,"date":"2025-04-14T16:24:53","date_gmt":"2025-04-14T16:24:53","guid":{"rendered":"https:\/\/herbalhorizons.co\/product\/watermelon-punch-semillas-de-cannabis-autoflorecientes\/"},"modified":"2025-04-23T10:11:09","modified_gmt":"2025-04-23T10:11:09","slug":"watermelon-punch-semillas-de-cannabis-autoflorecientes","status":"publish","type":"product","link":"https:\/\/herbalhorizons.co\/es\/producto\/watermelon-punch-semillas-de-cannabis-autoflorecientes\/","title":{"rendered":"Watermelon Punch \u2013 Semillas de Cannabis Autoflorecientes"},"content":{"rendered":"\n<div id=\"wd-67ebcd5c\" class=\"wp-block-wd-row\">\n<div id=\"wd-af8a8c9f\" class=\"wp-block-wd-column\">\n<h2 id=\"wd-3cbb8ed8\" class=\"wp-block-wd-title title\">Efectos:<\/h2>\n\n\n\n<ul class=\"wp-block-list\">\n<li>Potente efecto corporal Indica<\/li>\n\n\n\n<li>Efecto sedante, calma f\u00edsica<\/li>\n\n\n\n<li>Ideal para relajaci\u00f3n profunda y uso nocturno<\/li>\n<\/ul>\n\n\n\n<h2 id=\"wd-58fbe819\" class=\"wp-block-wd-title title\">Sabor y aroma:<\/h2>\n\n\n\n<ul class=\"wp-block-list\">\n<li>Explosi\u00f3n de sand\u00eda dulce y bayas mixtas<\/li>\n\n\n\n<li>Intensifica su aroma a medida que madura<\/li>\n\n\n\n<li>Pura delicia frutal con un toque cremoso<\/li>\n<\/ul>\n<\/div>\n\n\n\n<div id=\"wd-33e24f4e\" class=\"wp-block-wd-column\">\n<div id=\"wd-cf5fd1b7\" class=\"wp-block-wd-table\">\n<figure class=\"wp-block-table\"><table><thead><tr><th>Lo que obtiene:<\/th><\/tr><\/thead><tbody><tr><td><strong>Gen\u00e9tica:<\/strong> Watermelon Zkittlez x Purple Punch<\/td><\/tr><tr><td><strong>Tipo de semilla:<\/strong> Autofloreciente<\/td><\/tr><tr><td><strong>Proporci\u00f3n Indica\/Sativa:<\/strong> 70% Indica \/ 30% Sativa<\/td><\/tr><tr><td><strong>Rendimiento en interior:<\/strong> 650\u2013750g\/m\u00b2<\/td><\/tr><tr><td><strong>Rendimiento en exterior:<\/strong> 100\u2013200g\/planta<\/td><\/tr><tr><td><strong>Tiempo de floraci\u00f3n:<\/strong> 11 semanas desde la semilla<\/td><\/tr><tr><td><strong>Altura en interior:<\/strong> 70\u2013130cm<\/td><\/tr><tr><td><strong>THC:<\/strong> 21\u201323% \/ <strong>CBD:<\/strong> Bajo<\/td><\/tr><tr><td><strong>Resistencia al moho:<\/strong> Alta<\/td><\/tr><\/tbody><\/table><\/figure>\n<\/div>\n<\/div>\n\n\n\n<div id=\"wd-c78be697\" class=\"wp-block-wd-column\">\n<h2 id=\"wd-5b579f2e\" class=\"wp-block-wd-title title\">\u00bfPor qu\u00e9 elegir Watermelon Punch Auto?<\/h2>\n\n\n\n<ul class=\"wp-block-list\">\n<li>Producci\u00f3n de resina y sabor de primera categor\u00eda<\/li>\n\n\n\n<li>F\u00e1cil de cultivar y amigable con los nutrientes<\/li>\n\n\n\n<li>Resistente al moho y las plagas<\/li>\n\n\n\n<li>Perfecta para cepas nocturnas de sabor intenso<\/li>\n<\/ul>\n\n\n\n<h2 id=\"wd-f4daca0b\" class=\"wp-block-wd-title title\">Consejos de cultivo:<\/h2>\n\n\n\n<ul class=\"wp-block-list\">\n<li>La poda ligera aumenta el rendimiento de las ramas laterales<\/li>\n\n\n\n<li>Responde bien a la alimentaci\u00f3n m\u00ednima<\/li>\n\n\n\n<li>El mejor desarrollo de color y resina comienza alrededor de la semana 6<\/li>\n\n\n\n<li>Ideal tanto para cultivadores novatos como expertos<\/li>\n<\/ul>\n\n\n\n<h2 id=\"wd-37c5c520\" class=\"wp-block-wd-title title\">Ideal Para:<\/h2>\n\n\n\n<ul class=\"wp-block-list\">\n<li>Amantes de la Indica que buscan efectos contundentes<\/li>\n\n\n\n<li>Cultivadores en climas variables<\/li>\n\n\n\n<li>Cultivo de bajo mantenimiento con m\u00e1ximo rendimiento<\/li>\n\n\n\n<li>Aficionados a los perfiles s\u00faper afrutados<\/li>\n<\/ul>\n<\/div>\n<\/div>\n","protected":false},"excerpt":{"rendered":"<h4 class=\"\" data-start=\"397\" data-end=\"434\"><strong data-start=\"222\" data-end=\"273\">\ud83d\udd25 La bomba de fruta definitiva con potencia Indica demoledora.<br data-start=\"258\" data-end=\"261\"><\/strong><\/h4>\n<p>21\u201323% THC | Watermelon Zkittlez x Purple Punch | Afrutado. Escarchado. Potente.  <\/p>\n<p class=\"\" data-start=\"475\" data-end=\"719\"><strong data-start=\"475\" data-end=\"506\">Watermelon Punch Autofloreciente<\/strong> ofrece una experiencia centrada en el sabor envuelta en un poderoso efecto indica. Esta planta compacta y frondosa es una bestia productora de resina con aromas frutales de sand\u00eda y bayas que se intensifican con cada d\u00eda que pasa de floraci\u00f3n. <\/p>\n","protected":false},"featured_media":2578,"comment_status":"open","ping_status":"closed","template":"","meta":[],"product_brand":[],"product_cat":[116,124],"product_tag":[165,163,164],"class_list":{"0":"post-2705","1":"product","2":"type-product","3":"status-publish","4":"has-post-thumbnail","6":"product_cat-cannabis-seeds-es-2","7":"product_cat-autoflowering-seeds-es-2","8":"product_tag-autofloreciente","9":"product_tag-cannabis-es","10":"product_tag-semillas","12":"first","13":"outofstock","14":"shipping-taxable","15":"purchasable","16":"product-type-simple"},"_links":{"self":[{"href":"https:\/\/herbalhorizons.co\/es\/wp-json\/wp\/v2\/product\/2705","targetHints":{"allow":["GET"]}}],"collection":[{"href":"https:\/\/herbalhorizons.co\/es\/wp-json\/wp\/v2\/product"}],"about":[{"href":"https:\/\/herbalhorizons.co\/es\/wp-json\/wp\/v2\/types\/product"}],"replies":[{"embeddable":true,"href":"https:\/\/herbalhorizons.co\/es\/wp-json\/wp\/v2\/comments?post=2705"}],"wp:featuredmedia":[{"embeddable":true,"href":"https:\/\/herbalhorizons.co\/es\/wp-json\/wp\/v2\/media\/2578"}],"wp:attachment":[{"href":"https:\/\/herbalhorizons.co\/es\/wp-json\/wp\/v2\/media?parent=2705"}],"wp:term":[{"taxonomy":"product_brand","embeddable":true,"href":"https:\/\/herbalhorizons.co\/es\/wp-json\/wp\/v2\/product_brand?post=2705"},{"taxonomy":"product_cat","embeddable":true,"href":"https:\/\/herbalhorizons.co\/es\/wp-json\/wp\/v2\/product_cat?post=2705"},{"taxonomy":"product_tag","embeddable":true,"href":"https:\/\/herbalhorizons.co\/es\/wp-json\/wp\/v2\/product_tag?post=2705"}],"curies":[{"name":"wp","href":"https:\/\/api.w.org\/{rel}","templated":true}]}}