{"id":3012,"date":"2024-07-22T14:34:58","date_gmt":"2024-07-22T14:34:58","guid":{"rendered":"https:\/\/herbalhorizons.co\/about-us\/"},"modified":"2025-04-23T14:11:11","modified_gmt":"2025-04-23T14:11:11","slug":"about-us","status":"publish","type":"page","link":"https:\/\/herbalhorizons.co\/es\/about-us\/","title":{"rendered":"Qui\u00e9nes somos"},"content":{"rendered":"\n<div id=\"wd-3af4124f\" class=\"wp-block-wd-row\">\n<div id=\"wd-85afa8ce\" class=\"wp-block-wd-column wd-align\">\n<h2 id=\"wd-26d3e984\" class=\"wp-block-wd-title title\">Enfoque natural. Respaldado por la ciencia. Cuidadosamente seleccionados.  <\/h2>\n\n\n\n<p id=\"wd-9982ce2c\" class=\"wp-block-wd-paragraph\">Herbal Horizons se cre\u00f3 para aportar claridad en un espacio a menudo confuso. Con sede en los Pa\u00edses Bajos, ofrecemos gen\u00e9ticas de cannabis cuidadosamente seleccionadas, trufas de psilocibina y suplementos de bienestar dise\u00f1ados para personas que quieren sentirse mejor, pensar con m\u00e1s claridad o simplemente reconectar consigo mismas. <\/p>\n\n\n\n<p id=\"wd-6ae632e2\" class=\"wp-block-wd-paragraph\">No creemos en las exageraciones, s\u00f3lo en los productos que funcionan, son seguros y proceden de fuentes fiables.<\/p>\n\n\n\n<h2 id=\"wd-19c5aa21\" class=\"wp-block-wd-title title\"><br\/>Qu\u00e9 ofrecemos<\/h2>\n\n\n\n<p id=\"wd-179501dc\" class=\"wp-block-wd-paragraph\">Nuestra selecci\u00f3n incluye semillas autoflorecientes de \u00faltima generaci\u00f3n, trufas de alta potencia y suplementos espec\u00edficos, todos ellos elegidos por su calidad, consistencia y prop\u00f3sito. Tanto si cultivas tus propias plantas como si eliges una microdosis para equilibrar tu mente, aqu\u00ed todo tiene una raz\u00f3n de ser. <\/p>\n<\/div>\n<\/div>\n\n\n\n<div id=\"wd-d4d825fd\" class=\"wp-block-wd-video wd-el-video wd-action-without wd-video-hosted wd-with-aspect-ratio\"><video playsinline loop muted autoplay src=\"https:\/\/herbalhorizons.co\/wp-content\/uploads\/2025\/04\/8139466-hd_1920_1080_30fps.mp4\"><\/video><\/div>\n\n\n\n<div id=\"wd-b380f935\" class=\"wp-block-wd-section\">\n<h2 id=\"wd-30f48cf9\" class=\"wp-block-wd-title title wd-align\">Nuestros valores<\/h2>\n\n\n\n<p id=\"wd-1fe5dc8e\" class=\"wp-block-wd-paragraph wd-align wd-custom-width wd-align-s-center\">Herbal Horizons se fund\u00f3 con un objetivo sencillo y poderoso: reconectar a las personas con estados naturales de bienestar, claridad y creatividad, sin el ruido de la publicidad o la desinformaci\u00f3n. Nuestro objetivo es educar, inspirar y elevar a trav\u00e9s de productos elaborados por expertos y una experiencia del cliente basada en la atenci\u00f3n, la claridad y el respeto. <\/p>\n\n\n\n<div id=\"wd-cc593c84\" class=\"wp-block-wd-row\">\n<div id=\"wd-1622a87d\" class=\"wp-block-wd-column\">\n<h2 id=\"wd-2f660fd7\" class=\"wp-block-wd-title title\">Transparencia siempre<\/h2>\n\n\n\n<p id=\"wd-8e376d67\" class=\"wp-block-wd-paragraph\">Creemos que los consumidores nunca deber\u00edan tener que adivinar lo que est\u00e1n tomando. Todos los productos de nuestro sitio web incluyen informaci\u00f3n clara sobre su origen, contenido y efectos previstos. Evitamos las afirmaciones vagas y damos prioridad a las descripciones honestas, para que pueda tomar decisiones informadas sin dudar.  <\/p>\n<\/div>\n\n\n\n<div id=\"wd-a46ac551\" class=\"wp-block-wd-column\">\n<h2 id=\"wd-1f5c2dc3\" class=\"wp-block-wd-title title\">Calidad impulsada por objetivos<\/h2>\n\n\n\n<p id=\"wd-94dd2431\" class=\"wp-block-wd-paragraph\">No tenemos cientos de art\u00edculos, sino los que cumplen nuestras normas. Nuestro proceso de selecci\u00f3n incluye una minuciosa investigaci\u00f3n de proveedores, pruebas de laboratorio (si procede) y controles de calidad peri\u00f3dicos. Si un producto no cumple nuestras expectativas de seguridad, potencia y consistencia, no entra en nuestro cat\u00e1logo.  <\/p>\n<\/div>\n<\/div>\n\n\n\n<div id=\"wd-254109ee\" class=\"wp-block-wd-row\">\n<div id=\"wd-0cdc2774\" class=\"wp-block-wd-column\">\n<h2 id=\"wd-c0468936\" class=\"wp-block-wd-title title\">Respeto de las necesidades individuales<\/h2>\n\n\n\n<p>El camino de cada persona hacia el bienestar es diferente. Algunos buscan aliviar el estr\u00e9s, otros quieren cultivar plantas, mejorar la concentraci\u00f3n o volver a conectar consigo mismos. Nuestro objetivo es apoyar esas necesidades sin juzgarlas. Por eso nuestra gama incluye tanto productos funcionales como otros destinados al desarrollo personal o al descanso.   <\/p>\n<\/div>\n\n\n\n<div id=\"wd-3b7c3076\" class=\"wp-block-wd-column\">\n<h2 id=\"wd-3dcfa84d\" class=\"wp-block-wd-title title\">La experiencia del cliente importa<\/h2>\n\n\n\n<p id=\"wd-64094c55\" class=\"wp-block-wd-paragraph\">Dise\u00f1amos cada parte de la experiencia de compra -desde el discreto embalaje hasta nuestra bandeja de entrada de asistencia- pensando en su privacidad, facilidad y satisfacci\u00f3n. \u00bfTiene preguntas? \u00bfPreocupaciones? Respondemos personalmente. Nuestro objetivo no es s\u00f3lo vender productos, sino ser una fuente fiable de claridad y confianza.    <\/p>\n<\/div>\n<\/div>\n\n\n\n<div id=\"wd-cb673397\" class=\"wp-block-wd-row\">\n<div id=\"wd-b4625a23\" class=\"wp-block-wd-column\">\n<h2 id=\"wd-59bf2df7\" class=\"wp-block-wd-title title wd-align\">Nuestra ubicaci\u00f3n y asistencia<br\/><\/h2>\n\n\n\n<p id=\"wd-467caa12\" class=\"wp-block-wd-paragraph wd-align\">Direcci\u00f3n:<\/p>\n\n\n\n<p id=\"wd-1c63adb8\" class=\"wp-block-wd-paragraph wd-align\">Horizontes de hierbas<br>Omroepweg 11<br>1324 KT, Almere<br>Pa\u00edses Bajos<br>Horario<br>De lunes a viernes &#8211; de 09:00 a 17:00 CET<br>Si necesita ayuda<br>Estamos a su disposici\u00f3n por correo electr\u00f3nico en info@herbalhorizons.co<\/p>\n<\/div>\n<\/div>\n<\/div>\n","protected":false},"excerpt":{"rendered":"","protected":false},"author":1,"featured_media":0,"parent":0,"menu_order":0,"comment_status":"closed","ping_status":"closed","template":"","meta":{"footnotes":""},"class_list":["post-3012","page","type-page","status-publish","hentry"],"_links":{"self":[{"href":"https:\/\/herbalhorizons.co\/es\/wp-json\/wp\/v2\/pages\/3012","targetHints":{"allow":["GET"]}}],"collection":[{"href":"https:\/\/herbalhorizons.co\/es\/wp-json\/wp\/v2\/pages"}],"about":[{"href":"https:\/\/herbalhorizons.co\/es\/wp-json\/wp\/v2\/types\/page"}],"author":[{"embeddable":true,"href":"https:\/\/herbalhorizons.co\/es\/wp-json\/wp\/v2\/users\/1"}],"replies":[{"embeddable":true,"href":"https:\/\/herbalhorizons.co\/es\/wp-json\/wp\/v2\/comments?post=3012"}],"version-history":[{"count":3,"href":"https:\/\/herbalhorizons.co\/es\/wp-json\/wp\/v2\/pages\/3012\/revisions"}],"predecessor-version":[{"id":3015,"href":"https:\/\/herbalhorizons.co\/es\/wp-json\/wp\/v2\/pages\/3012\/revisions\/3015"}],"wp:attachment":[{"href":"https:\/\/herbalhorizons.co\/es\/wp-json\/wp\/v2\/media?parent=3012"}],"curies":[{"name":"wp","href":"https:\/\/api.w.org\/{rel}","templated":true}]}}