{"id":3278,"date":"2025-06-17T17:26:18","date_gmt":"2025-06-17T17:26:18","guid":{"rendered":"https:\/\/herbalhorizons.co\/?post_type=product&#038;p=3278"},"modified":"2025-08-05T06:43:29","modified_gmt":"2025-08-05T06:43:29","slug":"watermelon-punch-selbstbluhende-cannabis-samen-copy-copy","status":"publish","type":"product","link":"https:\/\/herbalhorizons.co\/de\/produkt\/watermelon-punch-selbstbluhende-cannabis-samen-copy-copy\/","title":{"rendered":"Girl Scout Cookies Terpene &#8211; Cali Terpenes"},"content":{"rendered":"\n<h3 id=\"wd-263b2ec0\" class=\"wp-block-wd-title title\"><strong>\u00dcber Girl Scout Cookies Terpene &#8211; Cali Terpenes (1ml)<\/strong><\/h3>\n\n<p id=\"wd-a52e98c4\" class=\"wp-block-wd-paragraph\">Girl Scout Cookies-Terpene sind eine sorgf\u00e4ltig zusammengestellte aromatische Formulierung, die geschaffen wurde, um das ausgepr\u00e4gte Duftprofil der urspr\u00fcnglichen Girl Scout Cookies-Cannabissorte zu reproduzieren. Diese Terpen-Mischung wird vollst\u00e4ndig aus pflanzlichen Quellen ohne Cannabis gewonnen und ist frei von THC, CBD und anderen Cannabinoiden. <\/p>\n\n<p id=\"wd-7dcfe322\" class=\"wp-block-wd-paragraph\">Das Aromaprofil weist eine vielschichtige Struktur mit erdigen, s\u00fc\u00dfen und leicht minzigen Noten auf, die f\u00fcr die nat\u00fcrliche Pr\u00e4senz der Sorte charakteristisch sind. Das 1-ml-Format ist ideal f\u00fcr Pr\u00e4zisionsanwendungen, bei denen kleinere Mengen ausreichen, wie z. B. in der Forschung, Entwicklung oder bei der Formulierung kleiner Chargen. <\/p>\n\n<p id=\"wd-46d9aeaf\" class=\"wp-block-wd-paragraph\">Dieses Produkt wird \u00fcblicherweise in Bereichen wie Aromatherapie, Pflanzenaufguss, kosmetische Formulierung oder Duftdesign verwendet. Es ist nicht zum Verzehr oder zur Verbrennung bestimmt und sollte vor der Verwendung immer verd\u00fcnnt werden. Aufgrund der hohen Konzentration an Terpenen wird ein vorsichtiger Umgang empfohlen, und es sollten geeignete Anwendungsprotokolle befolgt werden.  <\/p>\n\n<p id=\"wd-b0ac2c2c\" class=\"wp-block-wd-paragraph\"><strong>Technische Informationen:<\/strong><\/p>\n\n<ul class=\"wp-block-list\">\n<li>Volumen: 1ml<\/li>\n\n\n\n<li>Zusammensetzung: 100% pflanzliche Terpene<\/li>\n\n\n\n<li>Gehalt an Cannabinoiden: 0% THC \/ 0% CBD<\/li>\n\n\n\n<li>Herkunft des Profils: Inspiriert von Girl Scout Cookies (Durban Poison \u00d7 OG Kush)<\/li>\n\n\n\n<li>Verwendung: nur extern (nicht verbrennend)<\/li>\n\n\n\n<li>Hersteller: Cali Terpenes S.L. (Spanien)<\/li>\n<\/ul>\n\n<p id=\"wd-40978ae3\" class=\"wp-block-wd-paragraph\">K\u00fchl, trocken und dunkel lagern, um die aromatische Stabilit\u00e4t zu erhalten. Beachten Sie die Sicherheitshinweise des Herstellers zur Handhabung und Verd\u00fcnnung. <\/p>\n","protected":false},"excerpt":{"rendered":"<p data-start=\"1477\" data-end=\"1678\">Girl Scout Cookies Terpene bieten ein detailliertes aromatisches Profil, das von der bekannten botanischen Sorte inspiriert ist. Diese Terpene werden aus nat\u00fcrlichen pflanzlichen Quellen extrahiert und enthalten keine Cannabinoide. Sie sind f\u00fcr die Verwendung in aromafokussierten Anwendungen, wie externen Mischungen und Umgebungsdiffusion, und nicht f\u00fcr die Einnahme oder Verbrennung bestimmt. <\/p>\n<ul data-start=\"1825\" data-end=\"1985\">\n<li data-start=\"1858\" data-end=\"1912\">\n<p data-start=\"1860\" data-end=\"1912\">Enth\u00e4lt 0% THC, CBD oder andere aktive Cannabinoide<\/p>\n<\/li>\n<li data-start=\"1915\" data-end=\"1940\">\n<p data-start=\"1917\" data-end=\"1940\">Nur zur externen Verwendung<\/p>\n<\/li>\n<li data-start=\"1943\" data-end=\"1985\">\n<p data-start=\"1945\" data-end=\"1985\">Am besten in einer k\u00fchlen, trockenen Umgebung aufbewahren<\/p>\n<\/li>\n<\/ul>\n","protected":false},"featured_media":3290,"comment_status":"open","ping_status":"closed","template":"","meta":[],"product_brand":[],"product_cat":[276],"product_tag":[277],"class_list":{"0":"post-3278","1":"product","2":"type-product","3":"status-publish","4":"has-post-thumbnail","6":"product_cat-terpenes-de","7":"product_tag-terpenes-de","9":"first","10":"outofstock","11":"shipping-taxable","12":"purchasable","13":"product-type-variable"},"_links":{"self":[{"href":"https:\/\/herbalhorizons.co\/de\/wp-json\/wp\/v2\/product\/3278","targetHints":{"allow":["GET"]}}],"collection":[{"href":"https:\/\/herbalhorizons.co\/de\/wp-json\/wp\/v2\/product"}],"about":[{"href":"https:\/\/herbalhorizons.co\/de\/wp-json\/wp\/v2\/types\/product"}],"replies":[{"embeddable":true,"href":"https:\/\/herbalhorizons.co\/de\/wp-json\/wp\/v2\/comments?post=3278"}],"wp:featuredmedia":[{"embeddable":true,"href":"https:\/\/herbalhorizons.co\/de\/wp-json\/wp\/v2\/media\/3290"}],"wp:attachment":[{"href":"https:\/\/herbalhorizons.co\/de\/wp-json\/wp\/v2\/media?parent=3278"}],"wp:term":[{"taxonomy":"product_brand","embeddable":true,"href":"https:\/\/herbalhorizons.co\/de\/wp-json\/wp\/v2\/product_brand?post=3278"},{"taxonomy":"product_cat","embeddable":true,"href":"https:\/\/herbalhorizons.co\/de\/wp-json\/wp\/v2\/product_cat?post=3278"},{"taxonomy":"product_tag","embeddable":true,"href":"https:\/\/herbalhorizons.co\/de\/wp-json\/wp\/v2\/product_tag?post=3278"}],"curies":[{"name":"wp","href":"https:\/\/api.w.org\/{rel}","templated":true}]}}