{"id":3233,"date":"2025-06-17T17:06:39","date_gmt":"2025-06-17T17:06:39","guid":{"rendered":"https:\/\/herbalhorizons.co\/?post_type=product&#038;p=3233"},"modified":"2025-08-05T06:43:30","modified_gmt":"2025-08-05T06:43:30","slug":"watermelon-punch-selbstbluhende-cannabis-samen-copy","status":"publish","type":"product","link":"https:\/\/herbalhorizons.co\/de\/produkt\/watermelon-punch-selbstbluhende-cannabis-samen-copy\/","title":{"rendered":"24K Gold Terpene &#8211; Cali Terpene"},"content":{"rendered":"\n<h3 id=\"wd-9d81e983\" class=\"wp-block-wd-title title\"><strong>\u00dcber 24K Gold Terpene &#8211; Cali Terpene <\/strong><\/h3>\n\n<p id=\"wd-3b902c2f\" class=\"wp-block-wd-paragraph\">24K Gold-Terpene sind eine formulierte Mischung aus aromatischen Verbindungen, die aus botanischen Quellen stammen und sorgf\u00e4ltig entwickelt wurden, um das charakteristische Profil der urspr\u00fcnglichen 24K Gold-Cannabis-Sorte zu replizieren. Diese Formulierung f\u00e4ngt die nat\u00fcrliche Komplexit\u00e4t des Aromas der Pflanze ein und kombiniert erdige, zitrusartige und subtile blumige Noten in einer stabilen Terpenstruktur, die f\u00fcr eine Vielzahl von Anwendungen ohne Verbrennung verwendet werden kann. <\/p>\n\n<p id=\"wd-31a17264\" class=\"wp-block-wd-paragraph\">Cali Terpenes erzeugt dieses Profil ohne Verwendung von Cannabinoiden oder psychoaktiven Elementen, wodurch es sich f\u00fcr Formulierungszwecke wie Aromatherapie, Raumdiffusion, kosmetische Zubereitungen und andere Produkte zur \u00e4u\u00dferen Anwendung eignet, bei denen Duft und botanische Authentizit\u00e4t gew\u00fcnscht sind.<\/p>\n\n<p id=\"wd-f0f2b445\" class=\"wp-block-wd-paragraph\">Jede 10-ml-Flasche besteht aus hochreinen Terpenen, die aus Nicht-Cannabis-Pflanzen gewonnen werden. Aufgrund ihrer hohen Konzentration sollten diese Terpene mit Vorsicht behandelt und entsprechend dem Verwendungszweck richtig verd\u00fcnnt werden. <\/p>\n\n<p id=\"wd-2158db01\" class=\"wp-block-wd-paragraph\">Dieses Produkt ist nicht zum Verschlucken, Verdampfen oder zur direkten Anwendung ohne entsprechende Verd\u00fcnnung bestimmt. Es sollte an einem k\u00fchlen, dunklen Ort gelagert werden, um die Stabilit\u00e4t und aromatische Integrit\u00e4t zu erhalten. <\/p>\n\n<p id=\"wd-9dfe4785\" class=\"wp-block-wd-paragraph\"><strong>Technische Informationen:<\/strong><\/p>\n\n<ul class=\"wp-block-list\">\n<li>Volumen: 1ml oder 10ml.<\/li>\n\n\n\n<li>Zusammensetzung: 100% pflanzliche Terpene<\/li>\n\n\n\n<li>Gehalt an Cannabinoiden: 0% THC \/ 0% CBD<\/li>\n\n\n\n<li>Herkunft des Profils: Inspiriert von 24K Gold (Kosher Kush \u00d7 Tangie)<\/li>\n\n\n\n<li>Verwendung: nur extern (nicht verbrennend)<\/li>\n\n\n\n<li>Hersteller: Cali Terpenes S.L. (Spanien)<\/li>\n<\/ul>\n\n<p>Weitere Sicherheitsdaten und Verd\u00fcnnungsrichtlinien entnehmen Sie bitte der Dokumentation des Herstellers.<\/p>\n","protected":false},"excerpt":{"rendered":"<p data-start=\"627\" data-end=\"770\"><strong>24K Gold Terpene sind eine konzentrierte Mischung aus botanisch gewonnenen Terpenen, die das aromatische Profil der Sorte 24K Gold reproduzieren.<\/strong><\/p>\n<p data-start=\"777\" data-end=\"978\">Diese Formulierung wird aus Pflanzen ohne Cannabis gewonnen und enth\u00e4lt keine Cannabinoide. Sie ist ausschlie\u00dflich f\u00fcr externe, nicht verbrennungsbedingte Anwendungen wie Aromatherapie oder botanische Formulierungen bestimmt. <\/p>\n<ul data-start=\"985\" data-end=\"1124\">\n<li data-start=\"985\" data-end=\"1015\">\n<p data-start=\"987\" data-end=\"1015\">Erh\u00e4ltlich in: 1ml und 10ml<\/p>\n<\/li>\n<li data-start=\"1018\" data-end=\"1062\">\n<p data-start=\"1020\" data-end=\"1062\">Frei von THC, CBD und anderen Cannabinoiden<\/p>\n<\/li>\n<li data-start=\"1065\" data-end=\"1090\">\n<p data-start=\"1067\" data-end=\"1090\">Nur zur externen Verwendung<\/p>\n<\/li>\n<li data-start=\"1093\" data-end=\"1124\">\n<p data-start=\"1095\" data-end=\"1124\">An einem k\u00fchlen, dunklen Ort aufbewahren<\/p>\n<\/li>\n<\/ul>\n","protected":false},"featured_media":3241,"comment_status":"open","ping_status":"closed","template":"","meta":[],"product_brand":[],"product_cat":[276],"product_tag":[277],"class_list":{"0":"post-3233","1":"product","2":"type-product","3":"status-publish","4":"has-post-thumbnail","6":"product_cat-terpenes-de","7":"product_tag-terpenes-de","9":"first","10":"outofstock","11":"shipping-taxable","12":"purchasable","13":"product-type-variable"},"_links":{"self":[{"href":"https:\/\/herbalhorizons.co\/de\/wp-json\/wp\/v2\/product\/3233","targetHints":{"allow":["GET"]}}],"collection":[{"href":"https:\/\/herbalhorizons.co\/de\/wp-json\/wp\/v2\/product"}],"about":[{"href":"https:\/\/herbalhorizons.co\/de\/wp-json\/wp\/v2\/types\/product"}],"replies":[{"embeddable":true,"href":"https:\/\/herbalhorizons.co\/de\/wp-json\/wp\/v2\/comments?post=3233"}],"wp:featuredmedia":[{"embeddable":true,"href":"https:\/\/herbalhorizons.co\/de\/wp-json\/wp\/v2\/media\/3241"}],"wp:attachment":[{"href":"https:\/\/herbalhorizons.co\/de\/wp-json\/wp\/v2\/media?parent=3233"}],"wp:term":[{"taxonomy":"product_brand","embeddable":true,"href":"https:\/\/herbalhorizons.co\/de\/wp-json\/wp\/v2\/product_brand?post=3233"},{"taxonomy":"product_cat","embeddable":true,"href":"https:\/\/herbalhorizons.co\/de\/wp-json\/wp\/v2\/product_cat?post=3233"},{"taxonomy":"product_tag","embeddable":true,"href":"https:\/\/herbalhorizons.co\/de\/wp-json\/wp\/v2\/product_tag?post=3233"}],"curies":[{"name":"wp","href":"https:\/\/api.w.org\/{rel}","templated":true}]}}