{"id":2934,"date":"2024-07-22T14:03:39","date_gmt":"2024-07-22T14:03:39","guid":{"rendered":"https:\/\/herbalhorizons.co\/product\/goldener-lehrer-magic-mushroom-growkit\/"},"modified":"2025-04-23T11:44:37","modified_gmt":"2025-04-23T11:44:37","slug":"goldener-lehrer-magic-mushroom-growkit","status":"publish","type":"product","link":"https:\/\/herbalhorizons.co\/de\/produkt\/goldener-lehrer-magic-mushroom-growkit\/","title":{"rendered":"Goldener Lehrer &#8211; Magic Mushroom Growkit"},"content":{"rendered":"\n<div id=\"wd-67ebcd5c\" class=\"wp-block-wd-row\">\n<div id=\"wd-af8a8c9f\" class=\"wp-block-wd-column\">\n<h2 id=\"wd-3cbb8ed8\" class=\"wp-block-wd-title title\">Why Golden Teacher?<\/h2>\n\n\n\n<ul class=\"wp-block-list\">\n<li><strong>Potenz:<\/strong> Vermittelt tiefgr\u00fcndige, philosophische Erfahrungen mit visuellem Glanz und emotionaler Klarheit.<\/li>\n\n\n\n<li><strong>Ausbeute: <\/strong>Rechnen Sie mit <strong>400-500 g <\/strong>frischen Pilzen bei richtiger Pflege und mehrmaligem Durchbl\u00fchen.<\/li>\n\n\n\n<li><strong>Leichtigkeit: <\/strong>Einfacher, sauberer Anbau. Keine Sporen, keine Unordnung &#8211; einfach anbauen und loslegen. <\/li>\n<\/ul>\n<\/div>\n\n\n\n<div id=\"wd-33e24f4e\" class=\"wp-block-wd-column\">\n<div id=\"wd-cf5fd1b7\" class=\"wp-block-wd-table\">\n<figure class=\"wp-block-table\"><table><thead><tr><th>Schnelle Spezifikationen<\/th><\/tr><\/thead><tbody><tr><td><strong>Ceppo:<\/strong> Maestra d&#8217;oro (Psilocybe Cubensis)<\/td><\/tr><tr><td><strong>Schwierigkeitsgrad:<\/strong> Leicht<\/td><\/tr><tr><td><strong>Besiedelungszeit: <\/strong>12-14 Tage (28-30\u00b0C)<\/td><\/tr><tr><td><strong>Fruchtzeit:<\/strong> 14-21 Tage (23-26\u00b0C)<\/td><\/tr><tr><td><strong>Lagerung:<\/strong> Kann im K\u00fchlschrank aufbewahrt werden (max. 1 Monat vor Gebrauch)<\/td><\/tr><\/tbody><\/table><\/figure>\n<\/div>\n<\/div>\n\n\n\n<div id=\"wd-c78be697\" class=\"wp-block-wd-column\">\n<h2 id=\"wd-491a5234\" class=\"wp-block-wd-title title\">Was Sie erhalten<\/h2>\n\n\n\n<ul class=\"wp-block-list\">\n<li>1200cc Growbox gef\u00fcllt mit 100% aktivem Myzel<\/li>\n\n\n\n<li>Gefilterter Anzuchtbeutel zur Schaffung eines idealen Mikroklimas<\/li>\n\n\n\n<li>B\u00fcroklammer(n) f\u00fcr sicheren Verschluss<\/li>\n\n\n\n<li>Vollst\u00e4ndige Anleitung f\u00fcr erfolgreiches Anstecken, Fruchtbildung und Ernte<\/li>\n<\/ul>\n<\/div>\n<\/div>\n","protected":false},"excerpt":{"rendered":"<p class=\"\" data-start=\"674\" data-end=\"848\">Bauen Sie die legend\u00e4re <strong data-start=\"693\" data-end=\"730\">Psilocybe Cubensis Golden Teacher<\/strong> an &#8211; ein Favorit f\u00fcr ihre goldenen Kappen, ihre mittlere bis hohe Potenz und ihre F\u00e4higkeit, introspektive, bedeutungsvolle Reisen zu erm\u00f6glichen.<\/p>\n<p class=\"\" data-start=\"850\" data-end=\"932\">Vorgeimpft, einfach in der Anwendung und f\u00fcr Einsteiger und erfahrene Z\u00fcchter gleicherma\u00dfen geeignet.<\/p>\n","protected":false},"featured_media":2299,"comment_status":"open","ping_status":"closed","template":"","meta":[],"product_brand":[],"product_cat":[131],"product_tag":[226,219,227],"class_list":{"0":"post-2934","1":"product","2":"type-product","3":"status-publish","4":"has-post-thumbnail","6":"product_cat-mushroom-kits-de-2","7":"product_tag-pilz-sets","8":"product_tag-psilocybin-de","9":"product_tag-zuchtsatze","11":"first","12":"outofstock","13":"shipping-taxable","14":"purchasable","15":"product-type-simple"},"_links":{"self":[{"href":"https:\/\/herbalhorizons.co\/de\/wp-json\/wp\/v2\/product\/2934","targetHints":{"allow":["GET"]}}],"collection":[{"href":"https:\/\/herbalhorizons.co\/de\/wp-json\/wp\/v2\/product"}],"about":[{"href":"https:\/\/herbalhorizons.co\/de\/wp-json\/wp\/v2\/types\/product"}],"replies":[{"embeddable":true,"href":"https:\/\/herbalhorizons.co\/de\/wp-json\/wp\/v2\/comments?post=2934"}],"wp:featuredmedia":[{"embeddable":true,"href":"https:\/\/herbalhorizons.co\/de\/wp-json\/wp\/v2\/media\/2299"}],"wp:attachment":[{"href":"https:\/\/herbalhorizons.co\/de\/wp-json\/wp\/v2\/media?parent=2934"}],"wp:term":[{"taxonomy":"product_brand","embeddable":true,"href":"https:\/\/herbalhorizons.co\/de\/wp-json\/wp\/v2\/product_brand?post=2934"},{"taxonomy":"product_cat","embeddable":true,"href":"https:\/\/herbalhorizons.co\/de\/wp-json\/wp\/v2\/product_cat?post=2934"},{"taxonomy":"product_tag","embeddable":true,"href":"https:\/\/herbalhorizons.co\/de\/wp-json\/wp\/v2\/product_tag?post=2934"}],"curies":[{"name":"wp","href":"https:\/\/api.w.org\/{rel}","templated":true}]}}