{"id":2929,"date":"2025-04-13T09:48:55","date_gmt":"2025-04-13T09:48:55","guid":{"rendered":"https:\/\/herbalhorizons.co\/product\/mexicana-magischer-pilz-growkit\/"},"modified":"2025-04-23T11:30:44","modified_gmt":"2025-04-23T11:30:44","slug":"mexicana-magischer-pilz-growkit","status":"publish","type":"product","link":"https:\/\/herbalhorizons.co\/de\/produkt\/mexicana-magischer-pilz-growkit\/","title":{"rendered":"Mexicana &#8211; Magischer Pilz Growkit"},"content":{"rendered":"\n<div id=\"wd-67ebcd5c\" class=\"wp-block-wd-row\">\n<div id=\"wd-af8a8c9f\" class=\"wp-block-wd-column\">\n<h2 id=\"wd-3cbb8ed8\" class=\"wp-block-wd-title title\">Warum Mexicana?<\/h2>\n\n\n\n<ul class=\"wp-block-list\">\n<li><strong>Reiseprofil: <\/strong>Ruhig, euphorisch, gedankenexpandierend &#8211; ein gro\u00dfartiger Begleiter f\u00fcr Solo-Kreativit\u00e4t oder leichte soziale Reisen<\/li>\n\n\n\n<li><strong>Durchschnittliche Ernte:<\/strong> 400-500 g bei richtiger Pflege und mehrmaligem Aufbrausen<\/li>\n\n\n\n<li><strong>Herkunft: <\/strong>Mittelamerika &#8211; spirituelle Wurzeln, universelle Erkenntnisse.<\/li>\n<\/ul>\n<\/div>\n\n\n\n<div id=\"wd-33e24f4e\" class=\"wp-block-wd-column\">\n<div id=\"wd-cf5fd1b7\" class=\"wp-block-wd-table\">\n<figure class=\"wp-block-table\"><table><thead><tr><th>Schnelle Spezifikationen<\/th><\/tr><\/thead><tbody><tr><td><strong>St\u00e4mme: <\/strong>Psilocybe Cubensis Mexicana<\/td><\/tr><tr><td><strong>Schwierigkeitsgrad:<\/strong> Leicht<\/td><\/tr><tr><td><strong>St\u00e4rke: <\/strong>M\u00e4\u00dfig<\/td><\/tr><tr><td><strong>Kolonisierung:<\/strong> 10-14 Tage bei 28-30\u00b0C<\/td><\/tr><tr><td><strong>Fruchtbildung:<\/strong> 14-21 Tage bei 18-27\u00b0C<\/td><\/tr><tr><td><strong>Lagerung: <\/strong>Sofort verwenden oder im K\u00fchlschrank aufbewahren (max. 1 Monat)<\/td><\/tr><\/tbody><\/table><\/figure>\n<\/div>\n<\/div>\n\n\n\n<div id=\"wd-c78be697\" class=\"wp-block-wd-column\">\n<h2 id=\"wd-491a5234\" class=\"wp-block-wd-title title\">Was Sie erhalten<\/h2>\n\n\n\n<ul class=\"wp-block-list\">\n<li>1200cc Substrat Growbox (100% aktives Myzel)<\/li>\n\n\n\n<li>Gefilterter Anzuchtbeutel zur Aufrechterhaltung des idealen Mikroklimas<\/li>\n\n\n\n<li>B\u00fcroklammern zum sauberen Verschlie\u00dfen<\/li>\n\n\n\n<li>Einfach zu befolgende Anweisungen f\u00fcr den vollst\u00e4ndigen Anbau<\/li>\n<\/ul>\n<\/div>\n<\/div>\n","protected":false},"excerpt":{"rendered":"<p class=\"\" data-start=\"269\" data-end=\"382\"><strong data-start=\"269\" data-end=\"325\">Der Klassiker. Sanft, klar und spirituell neugierig. <\/strong><br data-start=\"325\" data-end=\"328\">Beliebt bei mehr als <strong data-start=\"342\" data-end=\"382\">100 Mykologen und Geisterforschern<\/strong>.<\/p>\n<h4 class=\"\" data-start=\"592\" data-end=\"619\">Treffen Sie die Mexicana<\/h4>\n<p class=\"\" data-start=\"620\" data-end=\"927\">Betreten Sie den sanften, goldenen Pfad der Psychedelika mit unserem <strong data-start=\"679\" data-end=\"718\">Mexicana Psilocybe Cubensis Growkit<\/strong>.<br data-start=\"719\" data-end=\"722\">Einfach zu z\u00fcchten. \u00c4u\u00dferst lohnend. Bekannt f\u00fcr warme, introspektive Energie und wundersch\u00f6n strukturierte Fr\u00fcchte, ist dieses Kit perfekt f\u00fcr Anf\u00e4nger und erfahrene Z\u00fcchter, die Klarheit statt Chaos suchen.  <\/p>\n<p class=\"\" data-start=\"929\" data-end=\"1046\">Dies ist Ihr Einstieg in den psychedelischen Archetyp &#8211; sanfte H\u00f6hen, gl\u00fchende Gedanken und eine innere Stimmung, die einfach klick macht.<\/p>\n","protected":false},"featured_media":2305,"comment_status":"open","ping_status":"closed","template":"","meta":[],"product_brand":[],"product_cat":[131],"product_tag":[226,219,227],"class_list":{"0":"post-2929","1":"product","2":"type-product","3":"status-publish","4":"has-post-thumbnail","6":"product_cat-mushroom-kits-de-2","7":"product_tag-pilz-sets","8":"product_tag-psilocybin-de","9":"product_tag-zuchtsatze","11":"first","12":"outofstock","13":"shipping-taxable","14":"purchasable","15":"product-type-simple"},"_links":{"self":[{"href":"https:\/\/herbalhorizons.co\/de\/wp-json\/wp\/v2\/product\/2929","targetHints":{"allow":["GET"]}}],"collection":[{"href":"https:\/\/herbalhorizons.co\/de\/wp-json\/wp\/v2\/product"}],"about":[{"href":"https:\/\/herbalhorizons.co\/de\/wp-json\/wp\/v2\/types\/product"}],"replies":[{"embeddable":true,"href":"https:\/\/herbalhorizons.co\/de\/wp-json\/wp\/v2\/comments?post=2929"}],"wp:featuredmedia":[{"embeddable":true,"href":"https:\/\/herbalhorizons.co\/de\/wp-json\/wp\/v2\/media\/2305"}],"wp:attachment":[{"href":"https:\/\/herbalhorizons.co\/de\/wp-json\/wp\/v2\/media?parent=2929"}],"wp:term":[{"taxonomy":"product_brand","embeddable":true,"href":"https:\/\/herbalhorizons.co\/de\/wp-json\/wp\/v2\/product_brand?post=2929"},{"taxonomy":"product_cat","embeddable":true,"href":"https:\/\/herbalhorizons.co\/de\/wp-json\/wp\/v2\/product_cat?post=2929"},{"taxonomy":"product_tag","embeddable":true,"href":"https:\/\/herbalhorizons.co\/de\/wp-json\/wp\/v2\/product_tag?post=2929"}],"curies":[{"name":"wp","href":"https:\/\/api.w.org\/{rel}","templated":true}]}}