{"id":2923,"date":"2025-04-13T09:54:23","date_gmt":"2025-04-13T09:54:23","guid":{"rendered":"https:\/\/herbalhorizons.co\/product\/mckennaii-magic-mushroom-growkit\/"},"modified":"2025-04-23T11:11:58","modified_gmt":"2025-04-23T11:11:58","slug":"mckennaii-magic-mushroom-growkit","status":"publish","type":"product","link":"https:\/\/herbalhorizons.co\/de\/produkt\/mckennaii-magic-mushroom-growkit\/","title":{"rendered":"McKennaii &#8211; Magic Mushroom Growkit"},"content":{"rendered":"\n<div id=\"wd-67ebcd5c\" class=\"wp-block-wd-row\">\n<div id=\"wd-af8a8c9f\" class=\"wp-block-wd-column\">\n<h2 id=\"wd-3cbb8ed8\" class=\"wp-block-wd-title title\">Warum McKennaii?<\/h2>\n\n\n\n<ul class=\"wp-block-list\">\n<li><strong>Auswirkungen:<\/strong> Lebendige Halluzinationen, Zeitverzerrung, kosmische Downloads<\/li>\n\n\n\n<li><strong>Potenz:<\/strong> Hoch &#8211; f\u00fcr erfahrene Reisende oder mutige Eingeweihte<\/li>\n\n\n\n<li><strong>Ernte:<\/strong> 400-500g bei richtiger Pflege und mehrmaligem Sp\u00fclen<\/li>\n\n\n\n<li><strong>Vibe:<\/strong> Schnelles Wachstum, starke Fruchtbildung, intensive Wirkung<\/li>\n<\/ul>\n<\/div>\n\n\n\n<div id=\"wd-33e24f4e\" class=\"wp-block-wd-column\">\n<div id=\"wd-cf5fd1b7\" class=\"wp-block-wd-table\">\n<figure class=\"wp-block-table\"><table><thead><tr><th>Schnelle Spezifikationen<\/th><\/tr><\/thead><tbody><tr><td><strong>St\u00e4mme:<\/strong> Psilocybe McKennaii<\/td><\/tr><tr><td><strong>Schwierigkeitsgrad:<\/strong> Leicht<\/td><\/tr><tr><td><strong>Potenz: <\/strong>Hoch<\/td><\/tr><tr><td><strong>Besiedelungszeit: <\/strong>12-14 Tage (28-30\u00b0C)<\/td><\/tr><tr><td><strong>Fruchtzeit:<\/strong> 14-21 Tage (18-27\u00b0C)<\/td><\/tr><tr><td><strong>Lagerung:<\/strong> Bis zu 1 Monat vor Gebrauch im K\u00fchlschrank aufbewahren<\/td><\/tr><\/tbody><\/table><\/figure>\n<\/div>\n<\/div>\n\n\n\n<div id=\"wd-c78be697\" class=\"wp-block-wd-column\">\n<h2 id=\"wd-491a5234\" class=\"wp-block-wd-title title\">Was Sie erhalten<\/h2>\n\n\n\n<ul class=\"wp-block-list\">\n<li>1200cc Growbox (100% aktives Myzel)<\/li>\n\n\n\n<li>Gefilterter Anzuchtbeutel zur Schaffung des richtigen Mikroklimas<\/li>\n\n\n\n<li>B\u00fcroklammern zum einfachen Verschlie\u00dfen<\/li>\n\n\n\n<li>Vollst\u00e4ndige Anbauanleitung von Anfang bis Ende<\/li>\n<\/ul>\n<\/div>\n<\/div>\n","protected":false},"excerpt":{"rendered":"<p class=\"\" data-start=\"271\" data-end=\"305\"><strong data-start=\"273\" data-end=\"338\">Intensives Bildmaterial. Radikale Introspektion. Benannt nach einer Legende.  <\/strong><\/p>\n<p class=\"\" data-start=\"627\" data-end=\"883\">Diese Sorte ist eine Hommage an <strong data-start=\"655\" data-end=\"674\">Terence McKenna<\/strong> &#8211; Psychonaut, Philosoph und der Pate des tiefen psychedelischen Denkens. Erwarte das Unerwartete: intensive visuelle Eindr\u00fccke, Ego-Verzerrung und scharfe, spiralf\u00f6rmige Einsichten. Dies ist eine Sorte f\u00fcr die Mutigen, nicht f\u00fcr die Neugierigen.  <\/p>\n<p data-start=\"627\" data-end=\"883\"><strong data-start=\"1735\" data-end=\"1780\">Nichts f\u00fcr schwache Nerven. Das ist der richtige Trip. <\/strong><br data-start=\"1780\" data-end=\"1783\">McKennaii-Pilze sind f\u00fcr diejenigen, die mehr wollen als nur visuelle Eindr\u00fccke &#8211; sie sind f\u00fcr diejenigen, die die reine Wahrheit suchen.<\/p>\n","protected":false},"featured_media":2311,"comment_status":"open","ping_status":"closed","template":"","meta":[],"product_brand":[],"product_cat":[131],"product_tag":[226,219,227],"class_list":{"0":"post-2923","1":"product","2":"type-product","3":"status-publish","4":"has-post-thumbnail","6":"product_cat-mushroom-kits-de-2","7":"product_tag-pilz-sets","8":"product_tag-psilocybin-de","9":"product_tag-zuchtsatze","11":"first","12":"outofstock","13":"shipping-taxable","14":"purchasable","15":"product-type-simple"},"_links":{"self":[{"href":"https:\/\/herbalhorizons.co\/de\/wp-json\/wp\/v2\/product\/2923","targetHints":{"allow":["GET"]}}],"collection":[{"href":"https:\/\/herbalhorizons.co\/de\/wp-json\/wp\/v2\/product"}],"about":[{"href":"https:\/\/herbalhorizons.co\/de\/wp-json\/wp\/v2\/types\/product"}],"replies":[{"embeddable":true,"href":"https:\/\/herbalhorizons.co\/de\/wp-json\/wp\/v2\/comments?post=2923"}],"wp:featuredmedia":[{"embeddable":true,"href":"https:\/\/herbalhorizons.co\/de\/wp-json\/wp\/v2\/media\/2311"}],"wp:attachment":[{"href":"https:\/\/herbalhorizons.co\/de\/wp-json\/wp\/v2\/media?parent=2923"}],"wp:term":[{"taxonomy":"product_brand","embeddable":true,"href":"https:\/\/herbalhorizons.co\/de\/wp-json\/wp\/v2\/product_brand?post=2923"},{"taxonomy":"product_cat","embeddable":true,"href":"https:\/\/herbalhorizons.co\/de\/wp-json\/wp\/v2\/product_cat?post=2923"},{"taxonomy":"product_tag","embeddable":true,"href":"https:\/\/herbalhorizons.co\/de\/wp-json\/wp\/v2\/product_tag?post=2923"}],"curies":[{"name":"wp","href":"https:\/\/api.w.org\/{rel}","templated":true}]}}