{"id":2873,"date":"2025-04-14T14:30:14","date_gmt":"2025-04-14T14:30:14","guid":{"rendered":"https:\/\/herbalhorizons.co\/product\/pink-glitterbomb-feminisierte-cannabissamen\/"},"modified":"2025-04-23T10:27:46","modified_gmt":"2025-04-23T10:27:46","slug":"pink-glitterbomb-feminisierte-cannabissamen","status":"publish","type":"product","link":"https:\/\/herbalhorizons.co\/de\/produkt\/pink-glitterbomb-feminisierte-cannabissamen\/","title":{"rendered":"Pink Glitterbomb \u2013 Feminisierte Cannabissamen"},"content":{"rendered":"\n<div id=\"wd-67ebcd5c\" class=\"wp-block-wd-row\">\n<div id=\"wd-af8a8c9f\" class=\"wp-block-wd-column\">\n<h2 id=\"wd-3cbb8ed8\" class=\"wp-block-wd-title title\">Wirkungen:<\/h2>\n\n\n\n<ul class=\"wp-block-list\">\n<li>Euphorisierende zerebrale Erhebung<\/li>\n\n\n\n<li>Entspannende Ganzk\u00f6rperruhe<\/li>\n\n\n\n<li>Lindert Stimmungsschwankungen, Stress und Schlaflosigkeit<\/li>\n\n\n\n<li>Perfekte Mischung aus geistiger Klarheit und Couch-freundlichem Komfort<\/li>\n<\/ul>\n\n\n\n<h2 id=\"wd-58fbe819\" class=\"wp-block-wd-title title\">Geschmack &amp; Aroma:<\/h2>\n\n\n\n<ul class=\"wp-block-list\">\n<li>Cremige Vanille und s\u00fc\u00dfe florale Obert\u00f6ne<\/li>\n\n\n\n<li>Leichter Kiefern- und erdiger Hintergrund<\/li>\n\n\n\n<li>Sanftes, dessertartiges Einatmen<\/li>\n\n\n\n<li>Anhaltender s\u00fc\u00dfer Abgang<\/li>\n<\/ul>\n<\/div>\n\n\n\n<div id=\"wd-33e24f4e\" class=\"wp-block-wd-column\">\n<div id=\"wd-cf5fd1b7\" class=\"wp-block-wd-table\">\n<figure class=\"wp-block-table\"><table><thead><tr><th>Was Sie erhalten:<\/th><\/tr><\/thead><tbody><tr><td><strong>Genetik<\/strong> = Indica\/Sativa<\/td><\/tr><tr><td><strong>Samentyp:<\/strong> Feminisiert<\/td><\/tr><tr><td><strong>Ertrag Indoor:<\/strong> 750+ g\/m\u00b2<\/td><\/tr><tr><td><strong>Ertrag Outdoor:<\/strong> 600\u2013750g pro Pflanze<\/td><\/tr><tr><td><strong>Bl\u00fctezeit:<\/strong> 8 Wochen (Indoor)<\/td><\/tr><tr><td><strong>Erntemonat:<\/strong> September (Outdoor)<\/td><\/tr><tr><td><strong>H\u00f6he:<\/strong> 80\u2013100cm Indoor \/ 150\u2013200cm Outdoor<\/td><\/tr><tr><td><strong>THC:<\/strong> 30%+, <strong>CBD:<\/strong> Mittel (1\u20135%)<\/td><\/tr><tr><td><strong>Schimmelresistenz:<\/strong> Hoch<\/td><\/tr><\/tbody><\/table><\/figure>\n<\/div>\n<\/div>\n\n\n\n<div id=\"wd-c78be697\" class=\"wp-block-wd-column\">\n<h2 id=\"wd-5b579f2e\" class=\"wp-block-wd-title title\">Erscheinungsbild der Bl\u00fcte<\/h2>\n\n\n\n<ul class=\"wp-block-list\">\n<li>Smaragdgr\u00fcne Bl\u00fcten mit rosa und violetten Nuancen<\/li>\n\n\n\n<li>Dicke Schicht schimmernder Trichome<\/li>\n\n\n\n<li>Feuerrote Pistille<\/li>\n\n\n\n<li>Ein frostiges, glitzerndes visuelles Meisterwerk<\/li>\n<\/ul>\n\n\n\n<h2 id=\"wd-f4daca0b\" class=\"wp-block-wd-title title\">Anbautipps:<\/h2>\n\n\n\n<ul class=\"wp-block-list\">\n<li>Gedeiht gut in Indoor- und Gew\u00e4chshausumgebungen<\/li>\n\n\n\n<li>Halten Sie die Luftfeuchtigkeit in den letzten Wochen niedrig, um den Trichom-Glanz zu maximieren<\/li>\n\n\n\n<li>Reagiert hervorragend auf leichte Entlaubung<\/li>\n<\/ul>\n\n\n\n<h2 id=\"wd-37c5c520\" class=\"wp-block-wd-title title\">Ideal f\u00fcr:<\/h2>\n\n\n\n<ul class=\"wp-block-list\">\n<li>Abendliches Entspannen und vollst\u00e4ndige K\u00f6rperruhe<\/li>\n\n\n\n<li>\u00c4sthetische Z\u00fcchter, die lebendige Bl\u00fctenfarben lieben<\/li>\n\n\n\n<li>Stimmungsausgleich, Stressabbau und sanfte Sedierung<\/li>\n\n\n\n<li>Rekreative Entspannung oder leichte medizinische Anwendung<\/li>\n\n\n\n<li>Geschmacksliebhaber und Sammler von Boutique-Bl\u00fcten<\/li>\n<\/ul>\n<\/div>\n<\/div>\n","protected":false},"excerpt":{"rendered":"<h4 class=\"\" data-start=\"397\" data-end=\"434\"><strong data-start=\"222\" data-end=\"273\">\ud83d\udd25 Cremige Vanille. Rosa Frost. Massive Kraft.  <br data-start=\"258\" data-end=\"261\"><\/strong><\/h4>\n<p>30%+ THC | Funkelnde rosa-get\u00f6nte Bl\u00fcten | Euphorisierende Ganzk\u00f6rperwirkung<\/p>\n<p class=\"\" data-start=\"488\" data-end=\"815\"><strong data-start=\"488\" data-end=\"508\">Pink Glitterbomb<\/strong> ist eine seltene Sch\u00f6nheit, gez\u00fcchtet aus <strong data-start=\"536\" data-end=\"569\">Starfighter x Cookies &amp; Cream<\/strong>, die atemberaubende rosa-get\u00f6nte Bl\u00fcten und einen k\u00f6stlich cremigen Vanillegeschmack bietet. Mit bis zu <strong data-start=\"658\" data-end=\"669\">30% THC<\/strong> liefert diese Sorte einen euphorischen Kopfrausch, gefolgt von einem tief beruhigenden K\u00f6rperhigh \u2013 ideal zum Entspannen oder zum Abbauen von Stress und Anspannung. <\/p>\n","protected":false},"featured_media":2491,"comment_status":"open","ping_status":"closed","template":"","meta":[],"product_brand":[],"product_cat":[114,153],"product_tag":[175,208,176],"class_list":{"0":"post-2873","1":"product","2":"type-product","3":"status-publish","4":"has-post-thumbnail","6":"product_cat-cannabis-seeds-de","7":"product_cat-feminized-seeds-de","8":"product_tag-cannabis-de","9":"product_tag-feminisiert","10":"product_tag-samen","12":"first","13":"outofstock","14":"shipping-taxable","15":"purchasable","16":"product-type-simple"},"_links":{"self":[{"href":"https:\/\/herbalhorizons.co\/de\/wp-json\/wp\/v2\/product\/2873","targetHints":{"allow":["GET"]}}],"collection":[{"href":"https:\/\/herbalhorizons.co\/de\/wp-json\/wp\/v2\/product"}],"about":[{"href":"https:\/\/herbalhorizons.co\/de\/wp-json\/wp\/v2\/types\/product"}],"replies":[{"embeddable":true,"href":"https:\/\/herbalhorizons.co\/de\/wp-json\/wp\/v2\/comments?post=2873"}],"wp:featuredmedia":[{"embeddable":true,"href":"https:\/\/herbalhorizons.co\/de\/wp-json\/wp\/v2\/media\/2491"}],"wp:attachment":[{"href":"https:\/\/herbalhorizons.co\/de\/wp-json\/wp\/v2\/media?parent=2873"}],"wp:term":[{"taxonomy":"product_brand","embeddable":true,"href":"https:\/\/herbalhorizons.co\/de\/wp-json\/wp\/v2\/product_brand?post=2873"},{"taxonomy":"product_cat","embeddable":true,"href":"https:\/\/herbalhorizons.co\/de\/wp-json\/wp\/v2\/product_cat?post=2873"},{"taxonomy":"product_tag","embeddable":true,"href":"https:\/\/herbalhorizons.co\/de\/wp-json\/wp\/v2\/product_tag?post=2873"}],"curies":[{"name":"wp","href":"https:\/\/api.w.org\/{rel}","templated":true}]}}