{"id":2859,"date":"2025-04-14T11:47:29","date_gmt":"2025-04-14T11:47:29","guid":{"rendered":"https:\/\/herbalhorizons.co\/product\/wedding-cake-hhc-vaporisationsstift\/"},"modified":"2025-04-23T10:27:19","modified_gmt":"2025-04-23T10:27:19","slug":"wedding-cake-hhc-vaporisationsstift","status":"publish","type":"product","link":"https:\/\/herbalhorizons.co\/de\/produkt\/wedding-cake-hhc-vaporisationsstift\/","title":{"rendered":"Wedding Cake \u2013 HHC-Vaporisationsstift"},"content":{"rendered":"\n<div id=\"wd-67ebcd5c\" class=\"wp-block-wd-row\">\n<div id=\"wd-af8a8c9f\" class=\"wp-block-wd-column\">\n<h2 id=\"wd-3cbb8ed8\" class=\"wp-block-wd-title title\">Wirkungen:<\/h2>\n\n\n\n<ul class=\"wp-block-list\">\n<li>Zentrierte, kreative Energie<\/li>\n\n\n\n<li>Sanfte k\u00f6rperliche Ruhe mit euphorischer Klarheit<\/li>\n\n\n\n<li>Hervorragend geeignet f\u00fcr Konversationen, Musikgenuss oder Entspannungsrituale<\/li>\n\n\n\n<li>Sanfter, reiner Abgang ohne Schwere<\/li>\n<\/ul>\n<\/div>\n\n\n\n<div id=\"wd-33e24f4e\" class=\"wp-block-wd-column\">\n<div id=\"wd-cf5fd1b7\" class=\"wp-block-wd-table\">\n<figure class=\"wp-block-table\"><table><thead><tr><th>Was Sie erhalten:<\/th><\/tr><\/thead><tbody><tr><td>1000mg <strong>Hexahydrocannabinol (HHC)<\/strong><\/td><\/tr><tr><td><strong>600\u2013800 Z\u00fcge<\/strong> pro Einweg-Stift<\/td><\/tr><tr><td><strong>0% THC<\/strong> \u2013 in den meisten L\u00e4ndern legal<\/td><\/tr><tr><td>Ausschlie\u00dflich nat\u00fcrliche Aromastoffe<\/td><\/tr><tr><td>Keine synthetischen F\u00fcllstoffe oder Zus\u00e4tze<\/td><\/tr><\/tbody><\/table><\/figure>\n<\/div>\n<\/div>\n\n\n\n<div id=\"wd-c78be697\" class=\"wp-block-wd-column\">\n<h2 id=\"wd-58fbe819\" class=\"wp-block-wd-title title\">Warum Sollten Sie Diesen Vape W\u00e4hlen?<\/h2>\n\n\n\n<ul class=\"wp-block-list\">\n<li><strong>\u00c4sthetischer Geschmack f\u00fcr Wohlf\u00fchlmomente<\/strong><\/li>\n\n\n\n<li>Langanhaltende Wirkung bei geringem Wartungsaufwand<\/li>\n\n\n\n<li>Subtile Kraft in handlicher Form<\/li>\n<\/ul>\n<\/div>\n<\/div>\n","protected":false},"excerpt":{"rendered":"<h4 class=\"\" data-start=\"397\" data-end=\"434\">\u26a1  <strong data-start=\"248\" data-end=\"305\">Eleganter Geschmack. Euphorische Ruhe. Feier in einem Zug  <\/strong><\/h4>\n<p class=\"\" data-start=\"458\" data-end=\"674\"><strong data-start=\"458\" data-end=\"474\">Wedding Cake<\/strong> bietet eine reichhaltige Vanilles\u00fc\u00dfe mit subtilen erdigen Noten und offeriert ein sanftes und befriedigendes Hochgef\u00fchl, das sich perfekt f\u00fcr bedeutsame Momente oder den individuellen Genuss eignet. Entspannt, ausgewogen und mit dem richtigen Ma\u00df an Erhebung. <\/p>\n<p data-start=\"458\" data-end=\"674\"><strong data-start=\"1410\" data-end=\"1472\">G\u00f6nnen Sie sich etwas. Sto\u00dfen Sie auf den Moment an. Inhalieren Sie die s\u00fc\u00dfe Seite des Hochgef\u00fchls.  <\/strong><\/p>\n","protected":false},"featured_media":2425,"comment_status":"open","ping_status":"closed","template":"","meta":[],"product_brand":[],"product_cat":[142],"product_tag":[201,200],"class_list":{"0":"post-2859","1":"product","2":"type-product","3":"status-publish","4":"has-post-thumbnail","6":"product_cat-vapes-de","7":"product_tag-vape-de","8":"product_tag-vapes-de","10":"first","11":"outofstock","12":"shipping-taxable","13":"purchasable","14":"product-type-simple"},"_links":{"self":[{"href":"https:\/\/herbalhorizons.co\/de\/wp-json\/wp\/v2\/product\/2859","targetHints":{"allow":["GET"]}}],"collection":[{"href":"https:\/\/herbalhorizons.co\/de\/wp-json\/wp\/v2\/product"}],"about":[{"href":"https:\/\/herbalhorizons.co\/de\/wp-json\/wp\/v2\/types\/product"}],"replies":[{"embeddable":true,"href":"https:\/\/herbalhorizons.co\/de\/wp-json\/wp\/v2\/comments?post=2859"}],"wp:featuredmedia":[{"embeddable":true,"href":"https:\/\/herbalhorizons.co\/de\/wp-json\/wp\/v2\/media\/2425"}],"wp:attachment":[{"href":"https:\/\/herbalhorizons.co\/de\/wp-json\/wp\/v2\/media?parent=2859"}],"wp:term":[{"taxonomy":"product_brand","embeddable":true,"href":"https:\/\/herbalhorizons.co\/de\/wp-json\/wp\/v2\/product_brand?post=2859"},{"taxonomy":"product_cat","embeddable":true,"href":"https:\/\/herbalhorizons.co\/de\/wp-json\/wp\/v2\/product_cat?post=2859"},{"taxonomy":"product_tag","embeddable":true,"href":"https:\/\/herbalhorizons.co\/de\/wp-json\/wp\/v2\/product_tag?post=2859"}],"curies":[{"name":"wp","href":"https:\/\/api.w.org\/{rel}","templated":true}]}}