{"id":2848,"date":"2025-04-14T11:57:51","date_gmt":"2025-04-14T11:57:51","guid":{"rendered":"https:\/\/herbalhorizons.co\/product\/cannabis-gummis-200mg-hhc\/"},"modified":"2025-04-23T10:26:58","modified_gmt":"2025-04-23T10:26:58","slug":"cannabis-gummis-200mg-hhc","status":"publish","type":"product","link":"https:\/\/herbalhorizons.co\/de\/produkt\/cannabis-gummis-200mg-hhc\/","title":{"rendered":"Cannabis Gummis \u2013 200mg HHC"},"content":{"rendered":"\n<div id=\"wd-67ebcd5c\" class=\"wp-block-wd-row\">\n<div id=\"wd-af8a8c9f\" class=\"wp-block-wd-column\">\n<h2 id=\"wd-3cbb8ed8\" class=\"wp-block-wd-title title\">Wirkungen:<\/h2>\n\n\n\n<ul class=\"wp-block-list\">\n<li>Sofortige Stimmungsaufhellung und geistige Klarheit<\/li>\n\n\n\n<li>Intensives Kopf- und K\u00f6rpergef\u00fchl<\/li>\n\n\n\n<li>Linderung von Stress, Schmerzen und Angstzust\u00e4nden<\/li>\n\n\n\n<li>In h\u00f6heren Dosen leicht psychedelisch<\/li>\n\n\n\n<li>Hervorragend f\u00fcr kreative Sitzungen, tiefe Entspannung oder festliche Stimmung<\/li>\n<\/ul>\n\n\n\n<h2 id=\"wd-58fbe819\" class=\"wp-block-wd-title title\">Dosierungsanleitung:<\/h2>\n\n\n\n<ul class=\"wp-block-list\">\n<li><strong>Beginnen Sie mit 1 Gummi (50mg)<\/strong><\/li>\n\n\n\n<li>Warten Sie <strong>45 Minuten<\/strong>, bevor Sie die Dosis erh\u00f6hen<\/li>\n\n\n\n<li>Untersch\u00e4tzen Sie die Wirkung nicht \u2014 diese entfalten sich schnell und intensiv<\/li>\n<\/ul>\n<\/div>\n\n\n\n<div id=\"wd-33e24f4e\" class=\"wp-block-wd-column\">\n<div id=\"wd-cf5fd1b7\" class=\"wp-block-wd-table\">\n<figure class=\"wp-block-table\"><table><thead><tr><th>Was Sie erhalten:<\/th><\/tr><\/thead><tbody><tr><td><strong>200mg HHC insgesamt pro Packung<\/strong> (4 x 50mg Gummis)<\/td><\/tr><tr><td>Gemischte fruchtige Aromen<\/td><\/tr><tr><td>Vegan &amp; Halal-freundlich<\/td><\/tr><tr><td>Glutenfrei, <strong>0% THC<\/strong>, sicher bei Drogentests<\/td><\/tr><tr><td>\u00c4u\u00dferst potent, \u00e4u\u00dferst vergn\u00fcglich<\/td><\/tr><\/tbody><\/table><\/figure>\n<\/div>\n<\/div>\n\n\n\n<div id=\"wd-c78be697\" class=\"wp-block-wd-column\">\n<h2 id=\"wd-5b579f2e\" class=\"wp-block-wd-title title\">Warum sollten Sie diese Gummis w\u00e4hlen?<\/h2>\n\n\n\n<ul class=\"wp-block-list\">\n<li> <strong>Diskret &amp; k\u00f6stlich<\/strong><\/li>\n\n\n\n<li>Stark genug f\u00fcr THC-Veteranen<\/li>\n\n\n\n<li>Vollspektrum-HHC \u2014 konzipiert f\u00fcr reine, konsistente Rauscherlebnisse<\/li>\n<\/ul>\n\n\n\n<h2 id=\"wd-f4daca0b\" class=\"wp-block-wd-title title\">Inhaltsstoffe:<\/h2>\n\n\n\n<p>Zucker, Glukosesirup, Vollspektrum-Cannabisextrakt, Geliermittel (vegane Gelatine), Dextrose, modifizierte St\u00e4rke, Zitronens\u00e4ure, Sorbit (E420), nat\u00fcrliche Aromen und Geschmacksstoffe, Lebensmittelfarbe.<\/p>\n\n\n\n<h2 id=\"wd-37c5c520\" class=\"wp-block-wd-title title\">Aufbewahrung:<\/h2>\n\n\n\n<p>Verschlossen an einem k\u00fchlen, trockenen Ort aufbewahren. Vermeiden Sie direkte Sonneneinstrahlung oder Hitze. <\/p>\n<\/div>\n<\/div>\n","protected":false},"excerpt":{"rendered":"<h4 class=\"\" data-start=\"397\" data-end=\"434\">\u26a1  <strong data-start=\"249\" data-end=\"290\">Stark. S\u00fc\u00df. \u00dcberraschend kraftvoll.  <\/strong><\/h4>\n<p class=\"\" data-start=\"557\" data-end=\"802\">Diese Gummis sind nicht zu untersch\u00e4tzen. Mit <strong data-start=\"602\" data-end=\"627\">50mg HHC pro St\u00fcck<\/strong> versehen, bieten sie eine starke geistige Erhebung, ein tiefes k\u00f6rperliches Kribbeln und eine Welle positiver Energie. Ideal zum Entspannen, zur Aufhellung der Stimmung oder um sich mit Freunden auf am\u00fcsante Weise zu berauschen.  <\/p>\n","protected":false},"featured_media":2437,"comment_status":"open","ping_status":"closed","template":"","meta":[],"product_brand":[],"product_cat":[123],"product_tag":[241,258],"class_list":{"0":"post-2848","1":"product","2":"type-product","3":"status-publish","4":"has-post-thumbnail","6":"product_cat-edibles-de-2","7":"product_tag-esswaren","8":"product_tag-hhc-de","10":"first","11":"outofstock","12":"shipping-taxable","13":"purchasable","14":"product-type-simple"},"_links":{"self":[{"href":"https:\/\/herbalhorizons.co\/de\/wp-json\/wp\/v2\/product\/2848","targetHints":{"allow":["GET"]}}],"collection":[{"href":"https:\/\/herbalhorizons.co\/de\/wp-json\/wp\/v2\/product"}],"about":[{"href":"https:\/\/herbalhorizons.co\/de\/wp-json\/wp\/v2\/types\/product"}],"replies":[{"embeddable":true,"href":"https:\/\/herbalhorizons.co\/de\/wp-json\/wp\/v2\/comments?post=2848"}],"wp:featuredmedia":[{"embeddable":true,"href":"https:\/\/herbalhorizons.co\/de\/wp-json\/wp\/v2\/media\/2437"}],"wp:attachment":[{"href":"https:\/\/herbalhorizons.co\/de\/wp-json\/wp\/v2\/media?parent=2848"}],"wp:term":[{"taxonomy":"product_brand","embeddable":true,"href":"https:\/\/herbalhorizons.co\/de\/wp-json\/wp\/v2\/product_brand?post=2848"},{"taxonomy":"product_cat","embeddable":true,"href":"https:\/\/herbalhorizons.co\/de\/wp-json\/wp\/v2\/product_cat?post=2848"},{"taxonomy":"product_tag","embeddable":true,"href":"https:\/\/herbalhorizons.co\/de\/wp-json\/wp\/v2\/product_tag?post=2848"}],"curies":[{"name":"wp","href":"https:\/\/api.w.org\/{rel}","templated":true}]}}