{"id":2812,"date":"2025-04-13T10:01:13","date_gmt":"2025-04-13T10:01:13","guid":{"rendered":"https:\/\/herbalhorizons.co\/product\/b-zauberpilz-anzuchtset\/"},"modified":"2025-04-23T10:26:12","modified_gmt":"2025-04-23T10:26:12","slug":"b-zauberpilz-anzuchtset","status":"publish","type":"product","link":"https:\/\/herbalhorizons.co\/de\/produkt\/b-zauberpilz-anzuchtset\/","title":{"rendered":"B+ \u2013 Zauberpilz-Anzuchtset"},"content":{"rendered":"\n<div id=\"wd-67ebcd5c\" class=\"wp-block-wd-row\">\n<div id=\"wd-af8a8c9f\" class=\"wp-block-wd-column\">\n<h2 id=\"wd-3cbb8ed8\" class=\"wp-block-wd-title title\">Warum B+?<\/h2>\n\n\n\n<ul class=\"wp-block-list\">\n<li><strong>Wirkungen:<\/strong> Euphorisch, emotional tiefgehend, hochgradig visuell<\/li>\n\n\n\n<li><strong>St\u00e4rke:<\/strong> Moderat \u2013 eine hervorragende Einf\u00fchrung in echte Trips<\/li>\n\n\n\n<li><strong>Ernte:<\/strong> 400\u2013500g pro Set (mehrere Ernten m\u00f6glich)<\/li>\n\n\n\n<li><strong>Perfekt f\u00fcr:<\/strong> Erstz\u00fcchter, entspannte Erforscher, soziale Reisende<\/li>\n<\/ul>\n<\/div>\n\n\n\n<div id=\"wd-33e24f4e\" class=\"wp-block-wd-column\">\n<div id=\"wd-cf5fd1b7\" class=\"wp-block-wd-table\">\n<figure class=\"wp-block-table\"><table><thead><tr><th>Schnelle Spezifikationen<\/th><\/tr><\/thead><tbody><tr><td><strong>Stamm:<\/strong> Psilocybe Cubensis B+<\/td><\/tr><tr><td><strong>Schwierigkeitsgrad:<\/strong> Sehr einfach<\/td><\/tr><tr><td><strong>Wirkst\u00e4rke:<\/strong> Moderat<\/td><\/tr><tr><td><strong>Kolonisationszeit:<\/strong> 8\u201310 Tage (28\u201330\u00b0C)<\/td><\/tr><tr><td><strong>Fruchtungszeit:<\/strong> 8\u201321 Tage (23\u201326\u00b0C)<\/td><\/tr><tr><td><strong>Lagerung:<\/strong> Gebrauchsfertig oder gek\u00fchlt aufbewahren (bis zu 1 Monat)<\/td><\/tr><\/tbody><\/table><\/figure>\n<\/div>\n<\/div>\n\n\n\n<div id=\"wd-c78be697\" class=\"wp-block-wd-column\">\n<h2 id=\"wd-491a5234\" class=\"wp-block-wd-title title\">Was Sie erhalten<\/h2>\n\n\n\n<ul class=\"wp-block-list\">\n<li>Substrat-Anzuchtbox (1200cc, 100% aktives Myzel)<\/li>\n\n\n\n<li>Gefilterter Anzuchtbeutel f\u00fcr ideale Klimakontrolle<\/li>\n\n\n\n<li>B\u00fcroklammern zum Verschlie\u00dfen des Anzuchtbeutels<\/li>\n\n\n\n<li>Inklusive \u00fcbersichtlicher Kultivierungsanleitung<\/li>\n<\/ul>\n<\/div>\n<\/div>\n","protected":false},"excerpt":{"rendered":"<p class=\"\" data-start=\"230\" data-end=\"337\"><strong data-start=\"230\" data-end=\"281\">Gro\u00dfe Pilze. Gr\u00f6\u00dfere Stimmung. Anf\u00e4ngerfreundlich.  <\/strong><br data-start=\"281\" data-end=\"284\">Gleicherma\u00dfen gesch\u00e4tzt von Gelegenheitsz\u00fcchtern und erfahrenen Psychonauten.<\/p>\n<p class=\"\" data-start=\"580\" data-end=\"854\">Der legend\u00e4re <strong data-start=\"594\" data-end=\"619\">Psilocybe Cubensis B+<\/strong> ist einer der widerstandsf\u00e4higsten, anpassungsf\u00e4higsten und am einfachsten zu kultivierenden Zauberpilzst\u00e4mme, die verf\u00fcgbar sind. Bekannt f\u00fcr seine gro\u00dfen Fruchtk\u00f6rper und sanften, spirituellen Wirkungen, ist B+ die erste Wahl f\u00fcr jeden, der bereit ist, die Reise ohne Stress zu erforschen. <\/p>\n<p class=\"\" data-start=\"856\" data-end=\"980\">Ob Sie allein dosieren oder tief mit Freunden eintauchen, B+ bringt offene Visionen, Stimmungsaufhellung und eine warme, geerdete Energie.<\/p>\n","protected":false},"featured_media":2317,"comment_status":"open","ping_status":"closed","template":"","meta":[],"product_brand":[],"product_cat":[131],"product_tag":[226,219,227],"class_list":{"0":"post-2812","1":"product","2":"type-product","3":"status-publish","4":"has-post-thumbnail","6":"product_cat-mushroom-kits-de-2","7":"product_tag-pilz-sets","8":"product_tag-psilocybin-de","9":"product_tag-zuchtsatze","11":"first","12":"outofstock","13":"shipping-taxable","14":"purchasable","15":"product-type-simple"},"_links":{"self":[{"href":"https:\/\/herbalhorizons.co\/de\/wp-json\/wp\/v2\/product\/2812","targetHints":{"allow":["GET"]}}],"collection":[{"href":"https:\/\/herbalhorizons.co\/de\/wp-json\/wp\/v2\/product"}],"about":[{"href":"https:\/\/herbalhorizons.co\/de\/wp-json\/wp\/v2\/types\/product"}],"replies":[{"embeddable":true,"href":"https:\/\/herbalhorizons.co\/de\/wp-json\/wp\/v2\/comments?post=2812"}],"wp:featuredmedia":[{"embeddable":true,"href":"https:\/\/herbalhorizons.co\/de\/wp-json\/wp\/v2\/media\/2317"}],"wp:attachment":[{"href":"https:\/\/herbalhorizons.co\/de\/wp-json\/wp\/v2\/media?parent=2812"}],"wp:term":[{"taxonomy":"product_brand","embeddable":true,"href":"https:\/\/herbalhorizons.co\/de\/wp-json\/wp\/v2\/product_brand?post=2812"},{"taxonomy":"product_cat","embeddable":true,"href":"https:\/\/herbalhorizons.co\/de\/wp-json\/wp\/v2\/product_cat?post=2812"},{"taxonomy":"product_tag","embeddable":true,"href":"https:\/\/herbalhorizons.co\/de\/wp-json\/wp\/v2\/product_tag?post=2812"}],"curies":[{"name":"wp","href":"https:\/\/api.w.org\/{rel}","templated":true}]}}