{"id":2807,"date":"2025-04-14T11:04:11","date_gmt":"2025-04-14T11:04:11","guid":{"rendered":"https:\/\/herbalhorizons.co\/product\/utopia-psilocybe-utopia\/"},"modified":"2025-04-23T10:25:56","modified_gmt":"2025-04-23T10:25:56","slug":"utopia-psilocybe-utopia","status":"publish","type":"product","link":"https:\/\/herbalhorizons.co\/de\/produkt\/utopia-psilocybe-utopia\/","title":{"rendered":"Utopia \u2013 Psilocybe Utopia"},"content":{"rendered":"\n<div id=\"wd-67ebcd5c\" class=\"wp-block-wd-row\">\n<div id=\"wd-af8a8c9f\" class=\"wp-block-wd-column\">\n<h2 id=\"wd-3cbb8ed8\" class=\"wp-block-wd-title title\">Wirkungen:<\/h2>\n\n\n\n<ul class=\"wp-block-list\">\n<li>Explosive visuelle Effekte, strahlende Farbspuren<\/li>\n\n\n\n<li>Euphorisches Eintauchen und h\u00f6chste Empathie<\/li>\n\n\n\n<li>K\u00f6rperliche Gl\u00fcckseligkeit und tiefe sensorische Freude<\/li>\n\n\n\n<li>Spirituelle Einsichten und universelle Verbundenheit<\/li>\n\n\n\n<li>Wirkungseintritt: 30\u201345 Minuten<\/li>\n\n\n\n<li>Wirkungsdauer: 4\u20136 Stunden<\/li>\n<\/ul>\n<\/div>\n\n\n\n<div id=\"wd-33e24f4e\" class=\"wp-block-wd-column\">\n<div id=\"wd-cf5fd1b7\" class=\"wp-block-wd-table\">\n<figure class=\"wp-block-table\"><table><thead><tr><th>Tripheftigkeit<\/th><th>Betrag<\/th><\/tr><\/thead><tbody><tr><td>Hell<\/td><td>5\u20138g<\/td><\/tr><tr><td>Mittel<\/td><td>8\u201310g<\/td><\/tr><tr><td>Stark<\/td><td>12\u201315g<\/td><\/tr><\/tbody><\/table><\/figure>\n<\/div>\n\n\n\n<p id=\"wd-23181eb4\" class=\"wp-block-wd-paragraph\">Diese Packung erm\u00f6glicht mehrere Sitzungen oder ein umfassendes kollektives Erlebnis.<\/p>\n<\/div>\n\n\n\n<div id=\"wd-c78be697\" class=\"wp-block-wd-column\">\n<h2 id=\"wd-491a5234\" class=\"wp-block-wd-title title\">Anwendung:<\/h2>\n\n\n\n<ul class=\"wp-block-list\">\n<li>Nehmen Sie es <strong>roh<\/strong> auf n\u00fcchternen Magen ein<\/li>\n\n\n\n<li>Langsam kauen oder als zuckerfreien Tee aufbr\u00fchen<\/li>\n\n\n\n<li>W\u00e4hlen Sie eine entspannte, angenehme und sichere Umgebung<\/li>\n\n\n\n<li>Ein <strong>Tripsitter<\/strong> ist optional, aber bei hohen Dosen hilfreich<\/li>\n<\/ul>\n\n\n\n<h2 id=\"wd-58fbe819\" class=\"wp-block-wd-title title\">Aufbewahrung:<\/h2>\n\n\n\n<ul class=\"wp-block-list\">\n<li>Frische Tr\u00fcffel: K\u00fchlschrank (2\u20138\u00b0C) f\u00fcr 2\u20133 Wochen<\/li>\n\n\n\n<li>F\u00fcr langfristige Lagerung vollst\u00e4ndig trocknen (bis zu 6 Monate in einem k\u00fchlen, verschlossenen Beh\u00e4lter)<\/li>\n<\/ul>\n<\/div>\n<\/div>\n","protected":false},"excerpt":{"rendered":"<h4 class=\"\" data-start=\"397\" data-end=\"434\">\u26a1 Intensit\u00e4tsstufe: Sehr Hoch + Spirituell Erweiternd<\/h4>\n<p><strong data-start=\"229\" data-end=\"302\">Hochgradig intensive visuelle Effekte. Tiefe spirituelle Erhebung. Grenzenloser Gedankenraum.  <\/strong><\/p>\n<p class=\"\" data-start=\"481\" data-end=\"696\"><strong data-start=\"481\" data-end=\"501\">Psilocybe Utopia<\/strong> ist nicht nur ein Name \u2014 es ist ein Bewusstseinszustand. Als einer der potentesten psilocybinhaltigen Tr\u00fcffelst\u00e4mme, die verf\u00fcgbar sind, ist dies f\u00fcr jene bestimmt, die bereit sind, in pure Verbundenheit, Farbe und kosmisches Staunen einzutauchen. <\/p>\n<p class=\"\" data-start=\"698\" data-end=\"724\">Kein Trip. Eine vollst\u00e4ndige Neuausrichtung. <\/p>\n","protected":false},"featured_media":2389,"comment_status":"open","ping_status":"closed","template":"","meta":[],"product_brand":[],"product_cat":[137],"product_tag":[220,219,221],"class_list":{"0":"post-2807","1":"product","2":"type-product","3":"status-publish","4":"has-post-thumbnail","6":"product_cat-truffles-de","7":"product_tag-psilocybe-de","8":"product_tag-psilocybin-de","9":"product_tag-truffel","11":"first","12":"outofstock","13":"shipping-taxable","14":"purchasable","15":"product-type-simple"},"_links":{"self":[{"href":"https:\/\/herbalhorizons.co\/de\/wp-json\/wp\/v2\/product\/2807","targetHints":{"allow":["GET"]}}],"collection":[{"href":"https:\/\/herbalhorizons.co\/de\/wp-json\/wp\/v2\/product"}],"about":[{"href":"https:\/\/herbalhorizons.co\/de\/wp-json\/wp\/v2\/types\/product"}],"replies":[{"embeddable":true,"href":"https:\/\/herbalhorizons.co\/de\/wp-json\/wp\/v2\/comments?post=2807"}],"wp:featuredmedia":[{"embeddable":true,"href":"https:\/\/herbalhorizons.co\/de\/wp-json\/wp\/v2\/media\/2389"}],"wp:attachment":[{"href":"https:\/\/herbalhorizons.co\/de\/wp-json\/wp\/v2\/media?parent=2807"}],"wp:term":[{"taxonomy":"product_brand","embeddable":true,"href":"https:\/\/herbalhorizons.co\/de\/wp-json\/wp\/v2\/product_brand?post=2807"},{"taxonomy":"product_cat","embeddable":true,"href":"https:\/\/herbalhorizons.co\/de\/wp-json\/wp\/v2\/product_cat?post=2807"},{"taxonomy":"product_tag","embeddable":true,"href":"https:\/\/herbalhorizons.co\/de\/wp-json\/wp\/v2\/product_tag?post=2807"}],"curies":[{"name":"wp","href":"https:\/\/api.w.org\/{rel}","templated":true}]}}