{"id":2791,"date":"2025-04-14T10:56:07","date_gmt":"2025-04-14T10:56:07","guid":{"rendered":"https:\/\/herbalhorizons.co\/product\/psilocybe-mexicana-fleisch-der-goetter\/"},"modified":"2025-04-23T10:25:46","modified_gmt":"2025-04-23T10:25:46","slug":"psilocybe-mexicana-fleisch-der-goetter","status":"publish","type":"product","link":"https:\/\/herbalhorizons.co\/de\/produkt\/psilocybe-mexicana-fleisch-der-goetter\/","title":{"rendered":"Psilocybe Mexicana \u2013 Fleisch der G\u00f6tter"},"content":{"rendered":"\n<div id=\"wd-67ebcd5c\" class=\"wp-block-wd-row\">\n<div id=\"wd-af8a8c9f\" class=\"wp-block-wd-column\">\n<h2 id=\"wd-3cbb8ed8\" class=\"wp-block-wd-title title\">Wirkungen:<\/h2>\n\n\n\n<ul class=\"wp-block-list\">\n<li>Euphorie und friedvolles Bewusstsein<\/li>\n\n\n\n<li>Sanfte Visionen und Farbverschiebungen<\/li>\n\n\n\n<li>Gesteigerte Kreativit\u00e4t und Naturverbundenheit<\/li>\n\n\n\n<li>Lachen, Empathie und warme Energie<\/li>\n\n\n\n<li>Wirkungseintritt: 30\u201345 Minuten<\/li>\n\n\n\n<li>Wirkungsdauer: 4\u20136 Stunden<\/li>\n<\/ul>\n<\/div>\n\n\n\n<div id=\"wd-33e24f4e\" class=\"wp-block-wd-column\">\n<div id=\"wd-cf5fd1b7\" class=\"wp-block-wd-table\">\n<figure class=\"wp-block-table\"><table><thead><tr><th>Tripheftigkeit<\/th><th>Betrag<\/th><\/tr><\/thead><tbody><tr><td>Hell<\/td><td>6\u201310g<\/td><\/tr><tr><td>Mittel<\/td><td>10\u201315g<\/td><\/tr><tr><td>Stark<\/td><td>15\u201320g<\/td><\/tr><\/tbody><\/table><\/figure>\n<\/div>\n\n\n\n<p id=\"wd-23181eb4\" class=\"wp-block-wd-paragraph\">F\u00fcr Outdoor-Entdecker ist dies die erste Wahl. Probieren Sie es unter B\u00e4umen oder im Sonnenlicht aus. <\/p>\n<\/div>\n\n\n\n<div id=\"wd-c78be697\" class=\"wp-block-wd-column\">\n<h2 id=\"wd-491a5234\" class=\"wp-block-wd-title title\">Anwendung:<\/h2>\n\n\n\n<ul class=\"wp-block-list\">\n<li>Am besten auf <strong>n\u00fcchternen Magen<\/strong><\/li>\n\n\n\n<li>Gr\u00fcndlich kauen oder als Tee aufbr\u00fchen (ohne Zucker)<\/li>\n\n\n\n<li>W\u00e4hlen Sie eine <strong>sichere, vertrauensw\u00fcrdige Umgebung<\/strong><\/li>\n\n\n\n<li>Ein Begleiter wird f\u00fcr Dosen in voller St\u00e4rke dringend empfohlen<\/li>\n<\/ul>\n\n\n\n<h2 id=\"wd-58fbe819\" class=\"wp-block-wd-title title\">Aufbewahrung:<\/h2>\n\n\n\n<ul class=\"wp-block-list\">\n<li>Im K\u00fchlschrank bei 2\u20138\u00b0C lagern (bis zu 3 Wochen frisch)<\/li>\n\n\n\n<li>F\u00fcr l\u00e4ngere Lagerung: <strong>vollst\u00e4ndig trocknen<\/strong> und luftdicht verschlie\u00dfen f\u00fcr bis zu 6 Monate<\/li>\n<\/ul>\n<\/div>\n<\/div>\n","protected":false},"excerpt":{"rendered":"<h4 class=\"\" data-start=\"397\" data-end=\"434\">\u26a1 Intensit\u00e4tsstufe: Moderat + Energetisch<\/h4>\n<p><strong data-start=\"1824\" data-end=\"1901\">Uralt im Ursprung. Ewig in der Erkenntnis. Kultiviert f\u00fcr jene, die bereit sind, sich zu erinnern.  <\/strong><\/p>\n<p class=\"\" data-start=\"535\" data-end=\"800\"><strong data-start=\"535\" data-end=\"557\">Psilocybe Mexicana<\/strong> bietet eine sanfte, erhebende Erfahrung, die in altem zeremoniellem Gebrauch verwurzelt ist. Von den Azteken als <em data-start=\"635\" data-end=\"648\">teonan\u00e1catl<\/em> bezeichnet \u2013 &#8222;Fleisch der G\u00f6tter&#8220; \u2013 ist diese Tr\u00fcffel ideal f\u00fcr spirituelle Erforscher, die Verbundenheit, leichte Visionen und eine herzenzentrierte Reise suchen. <\/p>\n","protected":false},"featured_media":2377,"comment_status":"open","ping_status":"closed","template":"","meta":[],"product_brand":[],"product_cat":[137],"product_tag":[220,219,221],"class_list":{"0":"post-2791","1":"product","2":"type-product","3":"status-publish","4":"has-post-thumbnail","6":"product_cat-truffles-de","7":"product_tag-psilocybe-de","8":"product_tag-psilocybin-de","9":"product_tag-truffel","11":"first","12":"outofstock","13":"shipping-taxable","14":"purchasable","15":"product-type-simple"},"_links":{"self":[{"href":"https:\/\/herbalhorizons.co\/de\/wp-json\/wp\/v2\/product\/2791","targetHints":{"allow":["GET"]}}],"collection":[{"href":"https:\/\/herbalhorizons.co\/de\/wp-json\/wp\/v2\/product"}],"about":[{"href":"https:\/\/herbalhorizons.co\/de\/wp-json\/wp\/v2\/types\/product"}],"replies":[{"embeddable":true,"href":"https:\/\/herbalhorizons.co\/de\/wp-json\/wp\/v2\/comments?post=2791"}],"wp:featuredmedia":[{"embeddable":true,"href":"https:\/\/herbalhorizons.co\/de\/wp-json\/wp\/v2\/media\/2377"}],"wp:attachment":[{"href":"https:\/\/herbalhorizons.co\/de\/wp-json\/wp\/v2\/media?parent=2791"}],"wp:term":[{"taxonomy":"product_brand","embeddable":true,"href":"https:\/\/herbalhorizons.co\/de\/wp-json\/wp\/v2\/product_brand?post=2791"},{"taxonomy":"product_cat","embeddable":true,"href":"https:\/\/herbalhorizons.co\/de\/wp-json\/wp\/v2\/product_cat?post=2791"},{"taxonomy":"product_tag","embeddable":true,"href":"https:\/\/herbalhorizons.co\/de\/wp-json\/wp\/v2\/product_tag?post=2791"}],"curies":[{"name":"wp","href":"https:\/\/api.w.org\/{rel}","templated":true}]}}