{"id":2783,"date":"2025-04-14T10:38:13","date_gmt":"2025-04-14T10:38:13","guid":{"rendered":"https:\/\/herbalhorizons.co\/product\/pajateros-riesige-psilocybe-tampanensis\/"},"modified":"2025-04-23T10:25:36","modified_gmt":"2025-04-23T10:25:36","slug":"pajateros-riesige-psilocybe-tampanensis","status":"publish","type":"product","link":"https:\/\/herbalhorizons.co\/de\/produkt\/pajateros-riesige-psilocybe-tampanensis\/","title":{"rendered":"Pajateros \u2013 Riesige Psilocybe Tampanensis"},"content":{"rendered":"\n<div id=\"wd-67ebcd5c\" class=\"wp-block-wd-row\">\n<div id=\"wd-af8a8c9f\" class=\"wp-block-wd-column\">\n<h2 id=\"wd-3cbb8ed8\" class=\"wp-block-wd-title title\">Wirkungen:<\/h2>\n\n\n\n<ul class=\"wp-block-list\">\n<li>Euphorische Energie und tiefe Verbundenheit<\/li>\n\n\n\n<li>Naturverbundenheit, emotionale Klarheit<\/li>\n\n\n\n<li>Gesteigerte Empathie und Kreativit\u00e4t<\/li>\n\n\n\n<li>Starke Visionen, K\u00f6rperkribbeln, Lachattacken<\/li>\n\n\n\n<li>Wirkungseintritt: 30\u201345 Minuten<\/li>\n\n\n\n<li>Dauer: 4\u20136 Stunden (plus anhaltende Nachwirkungen)<\/li>\n<\/ul>\n<\/div>\n\n\n\n<div id=\"wd-33e24f4e\" class=\"wp-block-wd-column\">\n<div id=\"wd-cf5fd1b7\" class=\"wp-block-wd-table\">\n<figure class=\"wp-block-table\"><table><thead><tr><th>Tripheftigkeit<\/th><th>Betrag<\/th><\/tr><\/thead><tbody><tr><td>Hell<\/td><td>5g<\/td><\/tr><tr><td>Mittel<\/td><td>7,5g<\/td><\/tr><tr><td>Stark<\/td><td>10g<\/td><\/tr><\/tbody><\/table><\/figure>\n<\/div>\n\n\n\n<p id=\"wd-23181eb4\" class=\"wp-block-wd-paragraph\">Leichtere Dosierungen bieten Auftrieb und Stimulation; h\u00f6here Dosierungen f\u00fchren zu vollst\u00e4ndigen visuellen und introspektiven Erfahrungen.<\/p>\n<\/div>\n\n\n\n<div id=\"wd-c78be697\" class=\"wp-block-wd-column\">\n<h2 id=\"wd-491a5234\" class=\"wp-block-wd-title title\">Anwendung:<\/h2>\n\n\n\n<ul class=\"wp-block-list\">\n<li>Am besten auf <strong>n\u00fcchternen Magen<\/strong><\/li>\n\n\n\n<li>Gr\u00fcndlich kauen oder als Tee aufbr\u00fchen (ohne Zucker)<\/li>\n\n\n\n<li>W\u00e4hlen Sie eine <strong>sichere, vertrauensw\u00fcrdige Umgebung<\/strong><\/li>\n\n\n\n<li>Ein Begleiter wird f\u00fcr Dosen in voller St\u00e4rke dringend empfohlen<\/li>\n<\/ul>\n\n\n\n<h2 id=\"wd-58fbe819\" class=\"wp-block-wd-title title\">Aufbewahrung:<\/h2>\n\n\n\n<ul class=\"wp-block-list\">\n<li>Im K\u00fchlschrank aufbewahren (2\u20138\u00b0C)<\/li>\n\n\n\n<li>Unge\u00f6ffnete Packungen halten 1 Monat; f\u00fcr maximale Wirksamkeit frisch konsumieren<\/li>\n\n\n\n<li>F\u00fcr langfristige Aufbewahrung: <strong>vollst\u00e4ndig trocknen<\/strong>, dann an einem k\u00fchlen, trockenen Ort versiegeln (h\u00e4lt bis zu 6 Monate)<\/li>\n<\/ul>\n<\/div>\n<\/div>\n","protected":false},"excerpt":{"rendered":"<h4 class=\"\" data-start=\"397\" data-end=\"434\">\u26a1 Intensit\u00e4tsstufe: Hoch + Schnell<\/h4>\n<p class=\"\" data-start=\"492\" data-end=\"741\"><strong data-start=\"213\" data-end=\"261\">Die Reise des gro\u00dfen Meisters. Gigantische Form. Gigantische Energie.  <\/strong><\/p>\n<p class=\"\" data-start=\"521\" data-end=\"736\"><strong data-start=\"521\" data-end=\"534\">Pajateros<\/strong> ist der Schwergewichtschampion der <strong data-start=\"567\" data-end=\"592\">Psilocybe Tampanensis<\/strong>-Familie \u2014 gr\u00f6\u00dfer, st\u00e4rker und tiefgr\u00fcndiger. Ideal f\u00fcr Suchende, die nach philosophischen Erkenntnissen, emotionaler Einsicht und hochwertiger visueller Stimulation streben. <\/p>\n<p class=\"\" data-start=\"738\" data-end=\"814\">Dies ist keine Tr\u00fcffel f\u00fcr Anf\u00e4nger \u2014 dies ist heiliger Treibstoff f\u00fcr ernsthafte Reisen.<\/p>\n<p data-start=\"738\" data-end=\"814\"><strong data-start=\"1886\" data-end=\"1946\">Massive Energie. Echte Introspektion. Die Reise der Legenden.  <\/strong><\/p>\n","protected":false},"featured_media":2365,"comment_status":"open","ping_status":"closed","template":"","meta":[],"product_brand":[],"product_cat":[137],"product_tag":[220,219,221],"class_list":{"0":"post-2783","1":"product","2":"type-product","3":"status-publish","4":"has-post-thumbnail","6":"product_cat-truffles-de","7":"product_tag-psilocybe-de","8":"product_tag-psilocybin-de","9":"product_tag-truffel","11":"first","12":"outofstock","13":"shipping-taxable","14":"purchasable","15":"product-type-simple"},"_links":{"self":[{"href":"https:\/\/herbalhorizons.co\/de\/wp-json\/wp\/v2\/product\/2783","targetHints":{"allow":["GET"]}}],"collection":[{"href":"https:\/\/herbalhorizons.co\/de\/wp-json\/wp\/v2\/product"}],"about":[{"href":"https:\/\/herbalhorizons.co\/de\/wp-json\/wp\/v2\/types\/product"}],"replies":[{"embeddable":true,"href":"https:\/\/herbalhorizons.co\/de\/wp-json\/wp\/v2\/comments?post=2783"}],"wp:featuredmedia":[{"embeddable":true,"href":"https:\/\/herbalhorizons.co\/de\/wp-json\/wp\/v2\/media\/2365"}],"wp:attachment":[{"href":"https:\/\/herbalhorizons.co\/de\/wp-json\/wp\/v2\/media?parent=2783"}],"wp:term":[{"taxonomy":"product_brand","embeddable":true,"href":"https:\/\/herbalhorizons.co\/de\/wp-json\/wp\/v2\/product_brand?post=2783"},{"taxonomy":"product_cat","embeddable":true,"href":"https:\/\/herbalhorizons.co\/de\/wp-json\/wp\/v2\/product_cat?post=2783"},{"taxonomy":"product_tag","embeddable":true,"href":"https:\/\/herbalhorizons.co\/de\/wp-json\/wp\/v2\/product_tag?post=2783"}],"curies":[{"name":"wp","href":"https:\/\/api.w.org\/{rel}","templated":true}]}}