{"id":2782,"date":"2025-04-14T10:27:35","date_gmt":"2025-04-14T10:27:35","guid":{"rendered":"https:\/\/herbalhorizons.co\/product\/dragons-dynamite-psilocybe-pajateros\/"},"modified":"2025-04-23T10:25:36","modified_gmt":"2025-04-23T10:25:36","slug":"dragons-dynamite-psilocybe-pajateros","status":"publish","type":"product","link":"https:\/\/herbalhorizons.co\/de\/produkt\/dragons-dynamite-psilocybe-pajateros\/","title":{"rendered":"Dragon&#8217;s Dynamite \u2013 Psilocybe Pajateros"},"content":{"rendered":"\n<div id=\"wd-67ebcd5c\" class=\"wp-block-wd-row\">\n<div id=\"wd-af8a8c9f\" class=\"wp-block-wd-column\">\n<h2 id=\"wd-3cbb8ed8\" class=\"wp-block-wd-title title\">Wirkungen:<\/h2>\n\n\n\n<ul class=\"wp-block-list\">\n<li>Schneller Wirkungseintritt (30\u201345 Minuten)<\/li>\n\n\n\n<li>Surreale, filmische Visionen<\/li>\n\n\n\n<li>Hohe Energie, Heiterkeit und warme K\u00f6rperempfindungen<\/li>\n\n\n\n<li>Gesteigerte Emotionen und kreative Funken<\/li>\n\n\n\n<li>Gesamtdauer: 4\u20136 Stunden<\/li>\n<\/ul>\n<\/div>\n\n\n\n<div id=\"wd-33e24f4e\" class=\"wp-block-wd-column\">\n<div id=\"wd-cf5fd1b7\" class=\"wp-block-wd-table\">\n<figure class=\"wp-block-table\"><table><thead><tr><th>Tripheftigkeit<\/th><th>Betrag<\/th><\/tr><\/thead><tbody><tr><td>Hell<\/td><td>7g<\/td><\/tr><tr><td>Mittel<\/td><td>10g<\/td><\/tr><tr><td>Stark<\/td><td>15g<\/td><\/tr><\/tbody><\/table><\/figure>\n<\/div>\n\n\n\n<p id=\"wd-23181eb4\" class=\"wp-block-wd-paragraph\">Messen Sie stets sorgf\u00e4ltig ab \u2014 diese Sorte wirkt mit Intensit\u00e4t.<\/p>\n<\/div>\n\n\n\n<div id=\"wd-c78be697\" class=\"wp-block-wd-column\">\n<h2 id=\"wd-491a5234\" class=\"wp-block-wd-title title\">Anwendung:<\/h2>\n\n\n\n<ul class=\"wp-block-list\">\n<li>Am besten auf <strong>n\u00fcchternen Magen<\/strong><\/li>\n\n\n\n<li>Gr\u00fcndlich kauen oder als Tee aufbr\u00fchen (ohne Zucker)<\/li>\n\n\n\n<li>W\u00e4hlen Sie eine <strong>sichere, vertrauensw\u00fcrdige Umgebung<\/strong><\/li>\n\n\n\n<li>Ein Begleiter wird f\u00fcr Dosen in voller St\u00e4rke dringend empfohlen<\/li>\n<\/ul>\n\n\n\n<h2 id=\"wd-58fbe819\" class=\"wp-block-wd-title title\">Aufbewahrung:<\/h2>\n\n\n\n<ul class=\"wp-block-list\">\n<li>Im K\u00fchlschrank aufbewahren (2\u20138\u00b0C)<\/li>\n\n\n\n<li>Unge\u00f6ffnete Packungen halten 1 Monat; f\u00fcr maximale Wirksamkeit frisch konsumieren<\/li>\n\n\n\n<li>F\u00fcr langfristige Aufbewahrung: <strong>vollst\u00e4ndig trocknen<\/strong>, dann an einem k\u00fchlen, trockenen Ort versiegeln (h\u00e4lt bis zu 6 Monate)<\/li>\n<\/ul>\n<\/div>\n<\/div>\n","protected":false},"excerpt":{"rendered":"<h4 class=\"\" data-start=\"397\" data-end=\"434\">\u26a1 Intensit\u00e4tsstufe: Hoch + Schnell<\/h4>\n<p class=\"\" data-start=\"492\" data-end=\"741\"><strong data-start=\"229\" data-end=\"286\">Explosive Klarheit. Intensive Visionen. Nicht f\u00fcr Zartbesaitete.  <\/strong><\/p>\n<p class=\"\" data-start=\"435\" data-end=\"667\"><strong data-start=\"435\" data-end=\"456\">Dragon&#8217;s Dynamite<\/strong> ist daf\u00fcr bekannt, schnell und intensiv zu wirken. Erwarten Sie pr\u00e4zise visuelle Eindr\u00fccke, hohe Energie, kreative Sch\u00fcbe und ein surreales Gef\u00fchl der Kontrolle. Dies ist eine Erfahrung f\u00fcr diejenigen, die bereit sind, die Z\u00fcndschnur zu entz\u00fcnden und direkt ins Feuer zu springen.  <br \/><strong data-start=\"1666\" data-end=\"1720\">Entfesseln Sie den Drachen. Meistern Sie die Reise. Verbrennen Sie die Karte.  <\/strong><br data-start=\"1720\" data-end=\"1723\"><\/p>\n","protected":false},"featured_media":2359,"comment_status":"open","ping_status":"closed","template":"","meta":[],"product_brand":[],"product_cat":[137],"product_tag":[220,219,221],"class_list":{"0":"post-2782","1":"product","2":"type-product","3":"status-publish","4":"has-post-thumbnail","6":"product_cat-truffles-de","7":"product_tag-psilocybe-de","8":"product_tag-psilocybin-de","9":"product_tag-truffel","11":"first","12":"outofstock","13":"shipping-taxable","14":"purchasable","15":"product-type-simple"},"_links":{"self":[{"href":"https:\/\/herbalhorizons.co\/de\/wp-json\/wp\/v2\/product\/2782","targetHints":{"allow":["GET"]}}],"collection":[{"href":"https:\/\/herbalhorizons.co\/de\/wp-json\/wp\/v2\/product"}],"about":[{"href":"https:\/\/herbalhorizons.co\/de\/wp-json\/wp\/v2\/types\/product"}],"replies":[{"embeddable":true,"href":"https:\/\/herbalhorizons.co\/de\/wp-json\/wp\/v2\/comments?post=2782"}],"wp:featuredmedia":[{"embeddable":true,"href":"https:\/\/herbalhorizons.co\/de\/wp-json\/wp\/v2\/media\/2359"}],"wp:attachment":[{"href":"https:\/\/herbalhorizons.co\/de\/wp-json\/wp\/v2\/media?parent=2782"}],"wp:term":[{"taxonomy":"product_brand","embeddable":true,"href":"https:\/\/herbalhorizons.co\/de\/wp-json\/wp\/v2\/product_brand?post=2782"},{"taxonomy":"product_cat","embeddable":true,"href":"https:\/\/herbalhorizons.co\/de\/wp-json\/wp\/v2\/product_cat?post=2782"},{"taxonomy":"product_tag","embeddable":true,"href":"https:\/\/herbalhorizons.co\/de\/wp-json\/wp\/v2\/product_tag?post=2782"}],"curies":[{"name":"wp","href":"https:\/\/api.w.org\/{rel}","templated":true}]}}