{"id":2775,"date":"2025-04-14T08:19:29","date_gmt":"2025-04-14T08:19:29","guid":{"rendered":"https:\/\/herbalhorizons.co\/product\/high-hawaiians-psilocybe-tampelandia\/"},"modified":"2025-04-23T10:25:26","modified_gmt":"2025-04-23T10:25:26","slug":"high-hawaiians-psilocybe-tampelandia","status":"publish","type":"product","link":"https:\/\/herbalhorizons.co\/de\/produkt\/high-hawaiians-psilocybe-tampelandia\/","title":{"rendered":"High Hawaiians \u2013 Psilocybe Tampelandia"},"content":{"rendered":"\n<div id=\"wd-67ebcd5c\" class=\"wp-block-wd-row\">\n<div id=\"wd-af8a8c9f\" class=\"wp-block-wd-column\">\n<h2 id=\"wd-3cbb8ed8\" class=\"wp-block-wd-title title\">Wirkungen:<\/h2>\n\n\n\n<ul class=\"wp-block-list\">\n<li>Intensive visuelle Halluzinationen<\/li>\n\n\n\n<li>Euphorie und emotionale Offenheit<\/li>\n\n\n\n<li>K\u00f6rperliche Erregungszust\u00e4nde und prickelnde Hochgef\u00fchle<\/li>\n\n\n\n<li>Gesteigerte Kreativit\u00e4t und Verbundenheit<\/li>\n\n\n\n<li>Wirkungseintritt: 30\u201345 Minuten<\/li>\n\n\n\n<li>Wirkungsdauer: 4\u20136 Stunden<\/li>\n<\/ul>\n<\/div>\n\n\n\n<div id=\"wd-33e24f4e\" class=\"wp-block-wd-column\">\n<div id=\"wd-cf5fd1b7\" class=\"wp-block-wd-table\">\n<figure class=\"wp-block-table\"><table><thead><tr><th>Tripheftigkeit<\/th><th>Betrag<\/th><\/tr><\/thead><tbody><tr><td>Hell<\/td><td>7\u201310g<\/td><\/tr><tr><td>Mittel<\/td><td>10\u201315g<\/td><\/tr><tr><td>Stark<\/td><td>15\u201322g<\/td><\/tr><\/tbody><\/table><\/figure>\n<\/div>\n\n\n\n<p id=\"wd-23181eb4\" class=\"wp-block-wd-paragraph\">Beginnen Sie mit einer geringen Dosis. <span class=\"wd-highlight\">Respektieren Sie die Dosierung<\/span>. Diese Tr\u00fcffel entfalten eine st\u00e4rkere Wirkung als die meisten anderen. <\/p>\n<\/div>\n\n\n\n<div id=\"wd-c78be697\" class=\"wp-block-wd-column\">\n<h2 id=\"wd-491a5234\" class=\"wp-block-wd-title title\">Anwendung:<\/h2>\n\n\n\n<ul class=\"wp-block-list\">\n<li>Am effektivsten bei leerem Magen<\/li>\n\n\n\n<li>Gr\u00fcndlich kauen oder als zuckerfreien Tee aufbr\u00fchen<\/li>\n\n\n\n<li>Achten Sie auf ausreichende Fl\u00fcssigkeitszufuhr und <strong>bereiten Sie ein angemessenes Umfeld vor<\/strong><\/li>\n\n\n\n<li>Ein <strong>Begleiter wird f\u00fcr Erstanwender bei intensiven Erfahrungen dringend empfohlen<\/strong><\/li>\n<\/ul>\n\n\n\n<h2 id=\"wd-0d008b22\" class=\"wp-block-wd-title title\">Aufbewahrung:<\/h2>\n\n\n\n<ul class=\"wp-block-list\">\n<li>Im K\u00fchlschrank aufbewahren (2\u20138\u00b0C)<\/li>\n\n\n\n<li>Unge\u00f6ffnete Packungen halten 1 Monat; f\u00fcr maximale Wirksamkeit frisch konsumieren<\/li>\n\n\n\n<li>F\u00fcr langfristige Aufbewahrung: <strong>vollst\u00e4ndig trocknen<\/strong>, dann an einem k\u00fchlen, trockenen Ort versiegeln (h\u00e4lt bis zu 6 Monate)<\/li>\n<\/ul>\n<\/div>\n<\/div>\n","protected":false},"excerpt":{"rendered":"<h4 class=\"\" data-start=\"459\" data-end=\"491\">\u26a1 Intensit\u00e4tsstufe: Extrem<\/h4>\n<p class=\"\" data-start=\"492\" data-end=\"741\">Die <strong data-start=\"492\" data-end=\"510\">High Hawaiians<\/strong> sind keinesfalls eine durchschnittliche psychedelische Delikatesse. Diese Tr\u00fcffel sind mit Psilocybin angereichert und daf\u00fcr bekannt, vollumf\u00e4ngliche, hochintensive Erfahrungen zu vermitteln. Tiefgreifende visuelle Eindr\u00fccke, emotionale Wellen, k\u00f6rperliche Euphorie \u2013 und stundenlange universumsdurchdringende Energie sind zu erwarten.  <\/p>\n<p class=\"\" data-start=\"743\" data-end=\"849\">Ideal geeignet f\u00fcr <strong data-start=\"755\" data-end=\"780\">erfahrene Forschende<\/strong>, tiefgr\u00fcndige Seelensuchende oder jene, die bereit sind, sich selbst an der Grenze des Bewusstseins zu begegnen.<\/p>\n","protected":false},"featured_media":2347,"comment_status":"open","ping_status":"closed","template":"","meta":[],"product_brand":[],"product_cat":[137],"product_tag":[220,219,221],"class_list":{"0":"post-2775","1":"product","2":"type-product","3":"status-publish","4":"has-post-thumbnail","6":"product_cat-truffles-de","7":"product_tag-psilocybe-de","8":"product_tag-psilocybin-de","9":"product_tag-truffel","11":"first","12":"outofstock","13":"shipping-taxable","14":"purchasable","15":"product-type-simple"},"_links":{"self":[{"href":"https:\/\/herbalhorizons.co\/de\/wp-json\/wp\/v2\/product\/2775","targetHints":{"allow":["GET"]}}],"collection":[{"href":"https:\/\/herbalhorizons.co\/de\/wp-json\/wp\/v2\/product"}],"about":[{"href":"https:\/\/herbalhorizons.co\/de\/wp-json\/wp\/v2\/types\/product"}],"replies":[{"embeddable":true,"href":"https:\/\/herbalhorizons.co\/de\/wp-json\/wp\/v2\/comments?post=2775"}],"wp:featuredmedia":[{"embeddable":true,"href":"https:\/\/herbalhorizons.co\/de\/wp-json\/wp\/v2\/media\/2347"}],"wp:attachment":[{"href":"https:\/\/herbalhorizons.co\/de\/wp-json\/wp\/v2\/media?parent=2775"}],"wp:term":[{"taxonomy":"product_brand","embeddable":true,"href":"https:\/\/herbalhorizons.co\/de\/wp-json\/wp\/v2\/product_brand?post=2775"},{"taxonomy":"product_cat","embeddable":true,"href":"https:\/\/herbalhorizons.co\/de\/wp-json\/wp\/v2\/product_cat?post=2775"},{"taxonomy":"product_tag","embeddable":true,"href":"https:\/\/herbalhorizons.co\/de\/wp-json\/wp\/v2\/product_tag?post=2775"}],"curies":[{"name":"wp","href":"https:\/\/api.w.org\/{rel}","templated":true}]}}