{"id":2774,"date":"2025-04-14T08:37:15","date_gmt":"2025-04-14T08:37:15","guid":{"rendered":"https:\/\/herbalhorizons.co\/product\/golden-teacher-psilocybe-magische-trueffel\/"},"modified":"2025-04-23T10:25:26","modified_gmt":"2025-04-23T10:25:26","slug":"golden-teacher-psilocybe-magische-trueffel","status":"publish","type":"product","link":"https:\/\/herbalhorizons.co\/de\/produkt\/golden-teacher-psilocybe-magische-trueffel\/","title":{"rendered":"Golden Teacher \u2013 Psilocybe Magische Tr\u00fcffel"},"content":{"rendered":"\n<div id=\"wd-67ebcd5c\" class=\"wp-block-wd-row\">\n<div id=\"wd-af8a8c9f\" class=\"wp-block-wd-column\">\n<h2 id=\"wd-3cbb8ed8\" class=\"wp-block-wd-title title\">Wirkungen:<\/h2>\n\n\n\n<ul class=\"wp-block-list\">\n<li>Visuelle Halluzinationen &amp; Farbverst\u00e4rkung<\/li>\n\n\n\n<li>Emotionale Offenheit und Empathie<\/li>\n\n\n\n<li>Kreativit\u00e4tsschub, sensorische Stimulation<\/li>\n\n\n\n<li>Euphorische Hochs und mildes K\u00f6rpergef\u00fchl<\/li>\n\n\n\n<li>Wirkungseintritt: 30\u201360 Minuten<\/li>\n\n\n\n<li>Dauer: 4\u20138 Stunden<\/li>\n\n\n\n<li>Sanftes und mildes Abklingen<\/li>\n<\/ul>\n<\/div>\n\n\n\n<div id=\"wd-33e24f4e\" class=\"wp-block-wd-column\">\n<div id=\"wd-cf5fd1b7\" class=\"wp-block-wd-table\">\n<figure class=\"wp-block-table\"><table><thead><tr><th>Tripheftigkeit<\/th><th>Betrag<\/th><\/tr><\/thead><tbody><tr><td>Hell<\/td><td>5\u20138g<\/td><\/tr><tr><td>Mittel<\/td><td>8\u201314g<\/td><\/tr><tr><td>Stark<\/td><td>14\u201320g<\/td><\/tr><\/tbody><\/table><\/figure>\n<\/div>\n\n\n\n<p id=\"wd-23181eb4\" class=\"wp-block-wd-paragraph\">Beginnen Sie stets mit einer geringen Dosis und beobachten Sie, wie Ihr K\u00f6rper und Geist reagieren.<\/p>\n<\/div>\n\n\n\n<div id=\"wd-c78be697\" class=\"wp-block-wd-column\">\n<h2 id=\"wd-491a5234\" class=\"wp-block-wd-title title\">Anwendung:<\/h2>\n\n\n\n<ul class=\"wp-block-list\">\n<li>Am besten roh auf <strong>n\u00fcchternen Magen<\/strong> zu konsumieren<\/li>\n\n\n\n<li>Gr\u00fcndlich kauen oder als Tee aufbr\u00fchen (ohne Zucker)<\/li>\n\n\n\n<li>Bereiten Sie eine komfortable, sichere Umgebung vor<\/li>\n\n\n\n<li>Ein <strong>Tripsitter<\/strong> wird f\u00fcr h\u00f6here Dosen empfohlen<\/li>\n<\/ul>\n\n\n\n<h2 id=\"wd-58fbe819\" class=\"wp-block-wd-title title\">Aufbewahrung:<\/h2>\n\n\n\n<ul class=\"wp-block-list\">\n<li>Im K\u00fchlschrank aufbewahren (2\u20138\u00b0C)<\/li>\n\n\n\n<li>Unge\u00f6ffnete Packungen halten 1 Monat; f\u00fcr maximale Wirksamkeit frisch konsumieren<\/li>\n\n\n\n<li>F\u00fcr langfristige Aufbewahrung: <strong>vollst\u00e4ndig trocknen<\/strong>, dann an einem k\u00fchlen, trockenen Ort versiegeln (h\u00e4lt bis zu 6 Monate)<\/li>\n<\/ul>\n<\/div>\n<\/div>\n","protected":false},"excerpt":{"rendered":"<h4 class=\"\" data-start=\"459\" data-end=\"491\">\u26a1 Intensit\u00e4tsstufe: Sanft + Expansiv<\/h4>\n<p class=\"\" data-start=\"492\" data-end=\"741\"><strong data-start=\"280\" data-end=\"326\">Inspiration. Verbindung. Euphorische Klarheit.  <\/strong><\/p>\n<p class=\"\" data-start=\"573\" data-end=\"792\">Golden Teacher Tr\u00fcffel sind ideal f\u00fcr sowohl neue als auch erfahrene Psychonauten, die nach nachdenklicher Introspektion, warmen Visualisierungen und gesteigerter Wahrnehmung suchen. Perfekt f\u00fcr kreativen Fluss, emotionale Klarheit und Einstimmung auf die Natur. <br \/><strong data-start=\"1884\" data-end=\"1961\">Lassen Sie sich von Golden Teacher auf Ihrer n\u00e4chsten Reise in Kreativit\u00e4t, Freude und Staunen f\u00fchren.<\/strong><br data-start=\"1961\" data-end=\"1964\"><\/p>\n","protected":false},"featured_media":2353,"comment_status":"open","ping_status":"closed","template":"","meta":[],"product_brand":[],"product_cat":[137],"product_tag":[220,219,221],"class_list":{"0":"post-2774","1":"product","2":"type-product","3":"status-publish","4":"has-post-thumbnail","6":"product_cat-truffles-de","7":"product_tag-psilocybe-de","8":"product_tag-psilocybin-de","9":"product_tag-truffel","11":"first","12":"outofstock","13":"shipping-taxable","14":"purchasable","15":"product-type-simple"},"_links":{"self":[{"href":"https:\/\/herbalhorizons.co\/de\/wp-json\/wp\/v2\/product\/2774","targetHints":{"allow":["GET"]}}],"collection":[{"href":"https:\/\/herbalhorizons.co\/de\/wp-json\/wp\/v2\/product"}],"about":[{"href":"https:\/\/herbalhorizons.co\/de\/wp-json\/wp\/v2\/types\/product"}],"replies":[{"embeddable":true,"href":"https:\/\/herbalhorizons.co\/de\/wp-json\/wp\/v2\/comments?post=2774"}],"wp:featuredmedia":[{"embeddable":true,"href":"https:\/\/herbalhorizons.co\/de\/wp-json\/wp\/v2\/media\/2353"}],"wp:attachment":[{"href":"https:\/\/herbalhorizons.co\/de\/wp-json\/wp\/v2\/media?parent=2774"}],"wp:term":[{"taxonomy":"product_brand","embeddable":true,"href":"https:\/\/herbalhorizons.co\/de\/wp-json\/wp\/v2\/product_brand?post=2774"},{"taxonomy":"product_cat","embeddable":true,"href":"https:\/\/herbalhorizons.co\/de\/wp-json\/wp\/v2\/product_cat?post=2774"},{"taxonomy":"product_tag","embeddable":true,"href":"https:\/\/herbalhorizons.co\/de\/wp-json\/wp\/v2\/product_tag?post=2774"}],"curies":[{"name":"wp","href":"https:\/\/api.w.org\/{rel}","templated":true}]}}