{"id":2733,"date":"2025-04-14T11:37:37","date_gmt":"2025-04-14T11:37:37","guid":{"rendered":"https:\/\/herbalhorizons.co\/product\/bruce-banner-hhc-vaporisator\/"},"modified":"2025-04-23T10:24:30","modified_gmt":"2025-04-23T10:24:30","slug":"bruce-banner-hhc-vaporisator","status":"publish","type":"product","link":"https:\/\/herbalhorizons.co\/de\/produkt\/bruce-banner-hhc-vaporisator\/","title":{"rendered":"Bruce Banner \u2013 HHC-Vaporisator"},"content":{"rendered":"\n<div id=\"wd-67ebcd5c\" class=\"wp-block-wd-row\">\n<div id=\"wd-af8a8c9f\" class=\"wp-block-wd-column\">\n<h2 id=\"wd-3cbb8ed8\" class=\"wp-block-wd-title title\">Wirkungen:<\/h2>\n\n\n\n<ul class=\"wp-block-list\">\n<li>Gesteigerte Energie und mentale Klarheit<\/li>\n\n\n\n<li>Gehobene Stimmung und scharfer Fokus<\/li>\n\n\n\n<li>Subtiles K\u00f6rpergef\u00fchl ohne Erm\u00fcdungserscheinungen<\/li>\n\n\n\n<li>Ideal f\u00fcr den Tagesgebrauch, Aufgabenbew\u00e4ltigung und sozialen Fluss<\/li>\n<\/ul>\n<\/div>\n\n\n\n<div id=\"wd-33e24f4e\" class=\"wp-block-wd-column\">\n<div id=\"wd-cf5fd1b7\" class=\"wp-block-wd-table\">\n<figure class=\"wp-block-table\"><table><thead><tr><th>Was Sie erhalten:<\/th><\/tr><\/thead><tbody><tr><td>1000mg <strong>Hexahydrocannabinol (HHC)<\/strong><\/td><\/tr><tr><td>Bis zu <strong>800 geschmackvolle Z\u00fcge pro Stift<\/strong><\/td><\/tr><tr><td><strong>0% THC<\/strong> \u2013 genie\u00dfen Sie legal und sorgenfrei<\/td><\/tr><tr><td>Ausschlie\u00dflich nat\u00fcrliche Terpene und Aromen<\/td><\/tr><tr><td>Keine synthetischen Zusatzstoffe oder F\u00fcllsubstanzen<\/td><\/tr><\/tbody><\/table><\/figure>\n<\/div>\n<\/div>\n\n\n\n<div id=\"wd-c78be697\" class=\"wp-block-wd-column\">\n<h2 id=\"wd-58fbe819\" class=\"wp-block-wd-title title\">Warum Sollten Sie Diesen Vape W\u00e4hlen?<\/h2>\n\n\n\n<ul class=\"wp-block-list\">\n<li><strong>Taschengro\u00dfe Leistung<\/strong> f\u00fcr leistungsorientierte Anwender<\/li>\n\n\n\n<li><strong>Reine, konsistente Z\u00fcge<\/strong> vom ersten bis zum letzten Zug<\/li>\n\n\n\n<li><strong>Erdig-dieselartiger Geschmack<\/strong> f\u00fcr den anspruchsvollen Gaumen<\/li>\n<\/ul>\n<\/div>\n<\/div>\n","protected":false},"excerpt":{"rendered":"<h4 class=\"\" data-start=\"397\" data-end=\"434\">\u26a1  <strong data-start=\"217\" data-end=\"262\">Erdig. Energetisch. Konzipiert, um Stress zu zermalmen.  <\/strong><\/h4>\n<p class=\"\" data-start=\"443\" data-end=\"676\"><strong data-start=\"443\" data-end=\"459\">Bruce Banner<\/strong> kennt keine Kompromisse. Erwarten Sie einen k\u00fchnen Diesel-Erd-Geschmack mit einer schnell wirkenden, erhebenden Wirkung, die die Kreativit\u00e4t f\u00f6rdert, den Fokus sch\u00e4rft und Stress zerschmettert. Geeignet f\u00fcr Tage mit hoher Leistungsanforderung oder um Leidenschaftsprojekte voranzutreiben.  <\/p>\n","protected":false},"featured_media":2407,"comment_status":"open","ping_status":"closed","template":"","meta":[],"product_brand":[],"product_cat":[142],"product_tag":[201,200],"class_list":{"0":"post-2733","1":"product","2":"type-product","3":"status-publish","4":"has-post-thumbnail","6":"product_cat-vapes-de","7":"product_tag-vape-de","8":"product_tag-vapes-de","10":"first","11":"outofstock","12":"shipping-taxable","13":"purchasable","14":"product-type-simple"},"_links":{"self":[{"href":"https:\/\/herbalhorizons.co\/de\/wp-json\/wp\/v2\/product\/2733","targetHints":{"allow":["GET"]}}],"collection":[{"href":"https:\/\/herbalhorizons.co\/de\/wp-json\/wp\/v2\/product"}],"about":[{"href":"https:\/\/herbalhorizons.co\/de\/wp-json\/wp\/v2\/types\/product"}],"replies":[{"embeddable":true,"href":"https:\/\/herbalhorizons.co\/de\/wp-json\/wp\/v2\/comments?post=2733"}],"wp:featuredmedia":[{"embeddable":true,"href":"https:\/\/herbalhorizons.co\/de\/wp-json\/wp\/v2\/media\/2407"}],"wp:attachment":[{"href":"https:\/\/herbalhorizons.co\/de\/wp-json\/wp\/v2\/media?parent=2733"}],"wp:term":[{"taxonomy":"product_brand","embeddable":true,"href":"https:\/\/herbalhorizons.co\/de\/wp-json\/wp\/v2\/product_brand?post=2733"},{"taxonomy":"product_cat","embeddable":true,"href":"https:\/\/herbalhorizons.co\/de\/wp-json\/wp\/v2\/product_cat?post=2733"},{"taxonomy":"product_tag","embeddable":true,"href":"https:\/\/herbalhorizons.co\/de\/wp-json\/wp\/v2\/product_tag?post=2733"}],"curies":[{"name":"wp","href":"https:\/\/api.w.org\/{rel}","templated":true}]}}