{"id":2726,"date":"2025-04-14T11:14:37","date_gmt":"2025-04-14T11:14:37","guid":{"rendered":"https:\/\/herbalhorizons.co\/product\/cherry-zkittlez-hhc-verdampferstift\/"},"modified":"2025-04-23T10:24:29","modified_gmt":"2025-04-23T10:24:29","slug":"cherry-zkittlez-hhc-verdampferstift","status":"publish","type":"product","link":"https:\/\/herbalhorizons.co\/de\/produkt\/cherry-zkittlez-hhc-verdampferstift\/","title":{"rendered":"Cherry Zkittlez \u2013 HHC-Verdampferstift"},"content":{"rendered":"\n<div id=\"wd-67ebcd5c\" class=\"wp-block-wd-row\">\n<div id=\"wd-af8a8c9f\" class=\"wp-block-wd-column\">\n<h2 id=\"wd-3cbb8ed8\" class=\"wp-block-wd-title title\">Wirkungen:<\/h2>\n\n\n\n<ul class=\"wp-block-list\">\n<li>\u00c4u\u00dferst entspannender, kopflastiger Rausch<\/li>\n\n\n\n<li>Leichtes k\u00f6rperliches Schweben<\/li>\n\n\n\n<li>Steigerung der Stimmung und Geselligkeit<\/li>\n\n\n\n<li>Milde Stimulation bei gleichzeitiger ruhiger Klarheit<\/li>\n\n\n\n<li>Ideal zum Tagtr\u00e4umen, Musikh\u00f6ren oder Malen mit Freunden<\/li>\n<\/ul>\n<\/div>\n\n\n\n<div id=\"wd-33e24f4e\" class=\"wp-block-wd-column\">\n<div id=\"wd-cf5fd1b7\" class=\"wp-block-wd-table\">\n<figure class=\"wp-block-table\"><table><thead><tr><th>Was Sie erhalten:<\/th><\/tr><\/thead><tbody><tr><td>1000mg <strong>Hexahydrocannabinol (HHC)<\/strong><\/td><\/tr><tr><td>Bis zu <strong>800 geschmackvolle Z\u00fcge pro Stift<\/strong><\/td><\/tr><tr><td><strong>0% THC<\/strong> \u2013 genie\u00dfen Sie legal und sorgenfrei<\/td><\/tr><tr><td>Vollst\u00e4ndig nat\u00fcrliche Geschmacksprofile<\/td><\/tr><tr><td>Keine chemischen Zusatzstoffe<\/td><\/tr><\/tbody><\/table><\/figure>\n<\/div>\n<\/div>\n\n\n\n<div id=\"wd-c78be697\" class=\"wp-block-wd-column\">\n<h2 id=\"wd-58fbe819\" class=\"wp-block-wd-title title\">Warum Sollten Sie Diesen Vape W\u00e4hlen?<\/h2>\n\n\n\n<ul class=\"wp-block-list\">\n<li><strong>Diskret  Tragbar<\/strong> \u2013 taschengro\u00df f\u00fcr Anwendungen unterwegs<\/li>\n\n\n\n<li><strong>Hohe Potenz<\/strong> \u2013 1000mg HHC f\u00fcr langanhaltende Nutzung<\/li>\n\n\n\n<li><strong>Schmeckt wie S\u00fc\u00dfigkeiten, wirkt wie Cannabis<\/strong><\/li>\n<\/ul>\n<\/div>\n<\/div>\n","protected":false},"excerpt":{"rendered":"<h4 class=\"\" data-start=\"397\" data-end=\"434\">\u26a1  <strong data-start=\"238\" data-end=\"276\">Fruchtbetont. Euphorisch. Au\u00dferordentlich s\u00fc\u00df.  <\/strong><\/h4>\n<p class=\"\" data-start=\"445\" data-end=\"674\"><strong data-start=\"445\" data-end=\"464\">Cherry Zkittlez<\/strong> verleiht Ihrem Rauschzustand eine zuckers\u00fc\u00dfe Note \u2013 vordergr\u00fcndig kr\u00e4ftige Kirsche mit einem verspielten Zkittlez-Abgang. Geschmeidig, s\u00fc\u00df und ein garantierter Stimmungsaufheller. Hervorragend geeignet, um Freude und Kreativit\u00e4t zu entfachen oder sich schlichtweg in farbenfroher Atmosph\u00e4re zu entspannen.  <\/p>\n","protected":false},"featured_media":2401,"comment_status":"open","ping_status":"closed","template":"","meta":[],"product_brand":[],"product_cat":[142],"product_tag":[201,200],"class_list":{"0":"post-2726","1":"product","2":"type-product","3":"status-publish","4":"has-post-thumbnail","6":"product_cat-vapes-de","7":"product_tag-vape-de","8":"product_tag-vapes-de","10":"first","11":"outofstock","12":"shipping-taxable","13":"purchasable","14":"product-type-simple"},"_links":{"self":[{"href":"https:\/\/herbalhorizons.co\/de\/wp-json\/wp\/v2\/product\/2726","targetHints":{"allow":["GET"]}}],"collection":[{"href":"https:\/\/herbalhorizons.co\/de\/wp-json\/wp\/v2\/product"}],"about":[{"href":"https:\/\/herbalhorizons.co\/de\/wp-json\/wp\/v2\/types\/product"}],"replies":[{"embeddable":true,"href":"https:\/\/herbalhorizons.co\/de\/wp-json\/wp\/v2\/comments?post=2726"}],"wp:featuredmedia":[{"embeddable":true,"href":"https:\/\/herbalhorizons.co\/de\/wp-json\/wp\/v2\/media\/2401"}],"wp:attachment":[{"href":"https:\/\/herbalhorizons.co\/de\/wp-json\/wp\/v2\/media?parent=2726"}],"wp:term":[{"taxonomy":"product_brand","embeddable":true,"href":"https:\/\/herbalhorizons.co\/de\/wp-json\/wp\/v2\/product_brand?post=2726"},{"taxonomy":"product_cat","embeddable":true,"href":"https:\/\/herbalhorizons.co\/de\/wp-json\/wp\/v2\/product_cat?post=2726"},{"taxonomy":"product_tag","embeddable":true,"href":"https:\/\/herbalhorizons.co\/de\/wp-json\/wp\/v2\/product_tag?post=2726"}],"curies":[{"name":"wp","href":"https:\/\/api.w.org\/{rel}","templated":true}]}}