{"id":3045,"date":"2025-04-15T10:49:21","date_gmt":"2025-04-15T10:49:21","guid":{"rendered":"https:\/\/herbalhorizons.co\/faq\/"},"modified":"2025-04-23T14:46:15","modified_gmt":"2025-04-23T14:46:15","slug":"faq","status":"publish","type":"page","link":"https:\/\/herbalhorizons.co\/de\/faq\/","title":{"rendered":"FAQ"},"content":{"rendered":"\n<div id=\"wd-3af4124f\" class=\"wp-block-wd-row\">\n<div id=\"wd-85afa8ce\" class=\"wp-block-wd-column\">\n<h2 id=\"wd-26d3e984\" class=\"wp-block-wd-title title\"><span class=\"wd-highlight\">FAQ<\/span> \u2014 H\u00e4ufig gestellte Fragen<\/h2>\n<\/div>\n<\/div>\n\n\n\n<div id=\"wd-b380f935\" class=\"wp-block-wd-section\">\n<h2 id=\"wd-30f48cf9\" class=\"wp-block-wd-title title wd-align\">Herbal Horizons<\/h2>\n\n\n\n<p id=\"wd-1fe5dc8e\" class=\"wp-block-wd-paragraph wd-align wd-custom-width wd-align-s-center\"><\/p>\n\n\n\n<p id=\"wd-996bcca6\" class=\"wp-block-wd-paragraph wd-align\">Alles, was Sie wissen m\u00fcssen &#8211; von der Auftragsverfolgung bis zum sicheren Checkout.<br>Wir glauben, dass Ihr Weg vom Warenkorb bis zur Haust\u00fcr m\u00fchelos sein sollte.<br>Egal, ob Sie magische Tr\u00fcffel, Autoflower-Samen oder Wellness-Nahrungserg\u00e4nzungsmittel suchen, unser Support-Team sorgt f\u00fcr ein reibungsloses, sicheres und transparentes Einkaufserlebnis.<br>Im Folgenden finden Sie Antworten auf die h\u00e4ufigsten Fragen zu Versand, Zahlung und Ihrem Konto.<\/p>\n\n\n\n<div id=\"wd-9d463113\" class=\"wp-block-wd-row\">\n<div id=\"wd-716d258b\" class=\"wp-block-wd-column\">\n<h2 id=\"wd-7fcfc1af\" class=\"wp-block-wd-title title wd-align\">\ud83e\uddfe Bestellungen und Zahlungen<\/h2>\n\n\n\n<div id=\"wd-0ee38301\" class=\"wp-block-wd-accordion wd-accordion wd-style-default wd-titles-start wd-opener-style-plus wd-opener-pos-end\" data-state=\"all\">\n<div id=\"wd-3dd85aae\" class=\"wp-block-wd-accordion-pane wd-accordion-item\"><div class=\"wd-accordion-title\"><div class=\"wd-accordion-title-text\"><span>Wo kann ich meine fr\u00fcheren Bestellungen einsehen?<\/span><\/div><span class=\"wd-accordion-opener\"><\/span><\/div><div class=\"wd-accordion-content\"><div class=\"wd-accordion-content-inner\">\n<p id=\"wd-15ff9ab4\" class=\"wp-block-wd-paragraph\">Gehen Sie zu Mein Konto > Bestellungen, um Ihre gesamte Bestellhistorie einzusehen. Sie k\u00f6nnen neben jeder Bestellung auf &#8222;Anzeigen&#8220; klicken, um alle Details, einschlie\u00dflich Status, Artikel und Rechnungsinformationen, anzuzeigen.<\/p>\n<\/div><\/div><\/div>\n\n\n\n<div id=\"wd-76d38a15\" class=\"wp-block-wd-accordion-pane wd-accordion-item\"><div class=\"wd-accordion-title\"><div class=\"wd-accordion-title-text\"><span>Wie kann ich eine Bestellung stornieren?<\/span><\/div><span class=\"wd-accordion-opener\"><\/span><\/div><div class=\"wd-accordion-content\"><div class=\"wd-accordion-content-inner\">\n<p id=\"wd-431461ea\" class=\"wp-block-wd-paragraph\">Wenn der Status immer noch &#8222;In Bearbeitung&#8220; ist, gehen Sie zu Mein Konto > Bestellungen, w\u00e4hlen Sie die Bestellung aus und klicken Sie auf die Schaltfl\u00e4che Bestellung stornieren (falls sichtbar). Bestellungen, die bereits versandt wurden, k\u00f6nnen nicht mehr storniert werden.<\/p>\n<\/div><\/div><\/div>\n\n\n\n<div id=\"wd-afe9bc94\" class=\"wp-block-wd-accordion-pane wd-accordion-item\"><div class=\"wd-accordion-title\"><div class=\"wd-accordion-title-text\"><span>Welche Zahlungsarten akzeptieren Sie?<\/span><\/div><span class=\"wd-accordion-opener\"><\/span><\/div><div class=\"wd-accordion-content\"><div class=\"wd-accordion-content-inner\">\n<p id=\"wd-5f0b00db\" class=\"wp-block-wd-paragraph\">Wir akzeptieren derzeit Debit-\/Kreditkarten und ausgew\u00e4hlte Kryptow\u00e4hrungen (in K\u00fcrze).<\/p>\n<\/div><\/div><\/div>\n<\/div>\n<\/div>\n\n\n\n<div id=\"wd-1e93e2bc\" class=\"wp-block-wd-column\">\n<h2 id=\"wd-7e9d0cfd\" class=\"wp-block-wd-title title wd-align\">\ud83d\udce6 Versand &amp; Lieferung<\/h2>\n\n\n\n<div id=\"wd-dec7710e\" class=\"wp-block-wd-accordion wd-accordion wd-style-default wd-titles-start wd-opener-style-plus wd-opener-pos-end\" data-state=\"all\">\n<div id=\"wd-347f5d05\" class=\"wp-block-wd-accordion-pane wd-accordion-item\"><div class=\"wd-accordion-title\"><div class=\"wd-accordion-title-text\"><span>Welche Versandoptionen bieten Sie an?<\/span><\/div><span class=\"wd-accordion-opener\"><\/span><\/div><div class=\"wd-accordion-content\"><div class=\"wd-accordion-content-inner\">\n<p id=\"wd-bec79268\" class=\"wp-block-wd-paragraph\">Wir bieten Standardversand in ausgew\u00e4hlte EU-L\u00e4nder an. Die Versanddetails werden an der Kasse angezeigt.<\/p>\n<\/div><\/div><\/div>\n\n\n\n<div id=\"wd-32f85958\" class=\"wp-block-wd-accordion-pane wd-accordion-item\"><div class=\"wd-accordion-title\"><div class=\"wd-accordion-title-text\"><span>Kann ich meine Sendung verfolgen?<\/span><\/div><span class=\"wd-accordion-opener\"><\/span><\/div><div class=\"wd-accordion-content\"><div class=\"wd-accordion-content-inner\">\n<p id=\"wd-e2ea06ab\" class=\"wp-block-wd-paragraph\">Bei Bestellungen \u00fcber 150 \u20ac liefern wir automatisch eine Sendungsverfolgung mit. F\u00fcr andere Bestellungen kontaktieren Sie bitte den Support, um zu pr\u00fcfen, ob eine Sendungsverfolgung f\u00fcr Ihre Artikel verf\u00fcgbar ist.<\/p>\n<\/div><\/div><\/div>\n\n\n\n<div id=\"wd-c39ea4a8\" class=\"wp-block-wd-accordion-pane wd-accordion-item\"><div class=\"wd-accordion-title\"><div class=\"wd-accordion-title-text\"><span>Wann wird meine Bestellung eintreffen?<\/span><\/div><span class=\"wd-accordion-opener\"><\/span><\/div><div class=\"wd-accordion-content\"><div class=\"wd-accordion-content-inner\">\n<p id=\"wd-cf44049c\" class=\"wp-block-wd-paragraph\">Typische Lieferzeiten:<\/p>\n\n\n\n<ul class=\"wp-block-list\">\n<li>Europa: 5-15 Arbeitstage<\/li>\n\n\n\n<li>Rest der Welt: Demn\u00e4chst verf\u00fcgbar<\/li>\n<\/ul>\n\n\n\n<p>Pr\u00fcfen Sie Ihre Best\u00e4tigungs-E-Mail auf voraussichtliche Liefertermine.<\/p>\n<\/div><\/div><\/div>\n<\/div>\n<\/div>\n<\/div>\n\n\n\n<div id=\"wd-07eb66d2\" class=\"wp-block-wd-row\">\n<div id=\"wd-f21c9717\" class=\"wp-block-wd-column\">\n<h2 id=\"wd-e8e681e0\" class=\"wp-block-wd-title title wd-align\">\ud83c\udf81 Verpackung &amp; Diskretion<\/h2>\n\n\n\n<div id=\"wd-28a86156\" class=\"wp-block-wd-accordion wd-accordion wd-style-default wd-titles-start wd-opener-style-plus wd-opener-pos-end\" data-state=\"all\">\n<div id=\"wd-e890b903\" class=\"wp-block-wd-accordion-pane wd-accordion-item\"><div class=\"wd-accordion-title\"><div class=\"wd-accordion-title-text\"><span>Ist Ihre Verpackung diskret?<\/span><\/div><span class=\"wd-accordion-opener\"><\/span><\/div><div class=\"wd-accordion-content\"><div class=\"wd-accordion-content-inner\">\n<p id=\"wd-d49044b0\" class=\"wp-block-wd-paragraph\">Ja! Alle Artikel werden in einfachen Kartons oder Umschl\u00e4gen ohne sichtbares Branding versandt.<\/p>\n<\/div><\/div><\/div>\n\n\n\n<div id=\"wd-51fdc99c\" class=\"wp-block-wd-accordion-pane wd-accordion-item\"><div class=\"wd-accordion-title\"><div class=\"wd-accordion-title-text\"><span>Kann ich die Verpackung individuell gestalten?<\/span><\/div><span class=\"wd-accordion-opener\"><\/span><\/div><div class=\"wd-accordion-content\"><div class=\"wd-accordion-content-inner\">\n<p id=\"wd-9a5c7f9f\" class=\"wp-block-wd-paragraph\">Im Moment nicht. Unsere Priorit\u00e4t ist die Privatsph\u00e4re und die Sicherheit w\u00e4hrend des Transports.<\/p>\n<\/div><\/div><\/div>\n<\/div>\n<\/div>\n\n\n\n<div id=\"wd-c9cfb75b\" class=\"wp-block-wd-column\">\n<h2 id=\"wd-ac906c5a\" class=\"wp-block-wd-title title wd-align\">\ud83d\udce9 Ausgaben und R\u00fccksendungen<\/h2>\n\n\n\n<div id=\"wd-d3fc8a5a\" class=\"wp-block-wd-accordion wd-accordion wd-style-default wd-titles-start wd-opener-style-plus wd-opener-pos-end\" data-state=\"all\">\n<div id=\"wd-5f6b90f9\" class=\"wp-block-wd-accordion-pane wd-accordion-item\"><div class=\"wd-accordion-title\"><div class=\"wd-accordion-title-text\"><span>Ich habe einen besch\u00e4digten Artikel erhalten. Was sollte ich tun?<\/span><\/div><span class=\"wd-accordion-opener\"><\/span><\/div><div class=\"wd-accordion-content\"><div class=\"wd-accordion-content-inner\">\n<p id=\"wd-d4a12ce2\" class=\"wp-block-wd-paragraph\">Kontaktieren Sie den Support \u00fcber das Formular.<\/p>\n<\/div><\/div><\/div>\n\n\n\n<div id=\"wd-2e3d3d26\" class=\"wp-block-wd-accordion-pane wd-accordion-item\"><div class=\"wd-accordion-title\"><div class=\"wd-accordion-title-text\"><span>Kann ich mein Produkt zur\u00fcckgeben?<\/span><\/div><span class=\"wd-accordion-opener\"><\/span><\/div><div class=\"wd-accordion-content\"><div class=\"wd-accordion-content-inner\">\n<p id=\"wd-4bab4373\" class=\"wp-block-wd-paragraph\">Aufgrund der Beschaffenheit unserer Produkte werden R\u00fccksendungen nicht akzeptiert, es sei denn, der Artikel ist defekt.<\/p>\n<\/div><\/div><\/div>\n<\/div>\n<\/div>\n<\/div>\n<\/div>\n","protected":false},"excerpt":{"rendered":"","protected":false},"author":1,"featured_media":0,"parent":0,"menu_order":0,"comment_status":"closed","ping_status":"closed","template":"","meta":{"footnotes":""},"class_list":["post-3045","page","type-page","status-publish","hentry"],"_links":{"self":[{"href":"https:\/\/herbalhorizons.co\/de\/wp-json\/wp\/v2\/pages\/3045","targetHints":{"allow":["GET"]}}],"collection":[{"href":"https:\/\/herbalhorizons.co\/de\/wp-json\/wp\/v2\/pages"}],"about":[{"href":"https:\/\/herbalhorizons.co\/de\/wp-json\/wp\/v2\/types\/page"}],"author":[{"embeddable":true,"href":"https:\/\/herbalhorizons.co\/de\/wp-json\/wp\/v2\/users\/1"}],"replies":[{"embeddable":true,"href":"https:\/\/herbalhorizons.co\/de\/wp-json\/wp\/v2\/comments?post=3045"}],"version-history":[{"count":1,"href":"https:\/\/herbalhorizons.co\/de\/wp-json\/wp\/v2\/pages\/3045\/revisions"}],"predecessor-version":[{"id":3051,"href":"https:\/\/herbalhorizons.co\/de\/wp-json\/wp\/v2\/pages\/3045\/revisions\/3051"}],"wp:attachment":[{"href":"https:\/\/herbalhorizons.co\/de\/wp-json\/wp\/v2\/media?parent=3045"}],"curies":[{"name":"wp","href":"https:\/\/api.w.org\/{rel}","templated":true}]}}