{"id":3009,"date":"2024-07-22T14:34:58","date_gmt":"2024-07-22T14:34:58","guid":{"rendered":"https:\/\/herbalhorizons.co\/about-us\/"},"modified":"2025-04-23T14:23:15","modified_gmt":"2025-04-23T14:23:15","slug":"about-us","status":"publish","type":"page","link":"https:\/\/herbalhorizons.co\/de\/about-us\/","title":{"rendered":"\u00dcber uns"},"content":{"rendered":"\n<div id=\"wd-3af4124f\" class=\"wp-block-wd-row\">\n<div id=\"wd-85afa8ce\" class=\"wp-block-wd-column wd-align\">\n<h2 id=\"wd-26d3e984\" class=\"wp-block-wd-title title\">Nat\u00fcrlich fokussiert. Wissenschaftlich untermauert. Nachdenklich kuratiert.  <\/h2>\n\n\n\n<p id=\"wd-9982ce2c\" class=\"wp-block-wd-paragraph\">Herbal Horizons wurde geschaffen, um Klarheit in einem oft verwirrenden Bereich zu schaffen. Wir haben unseren Sitz in den Niederlanden und bieten sorgf\u00e4ltig ausgew\u00e4hlte Cannabis-Genetik, Psilocybin-Tr\u00fcffel und Wellness-Nahrungserg\u00e4nzungsmittel f\u00fcr Menschen an, die sich besser f\u00fchlen, klarer denken oder sich einfach wieder mit sich selbst verbinden wollen. <\/p>\n\n\n\n<p id=\"wd-6ae632e2\" class=\"wp-block-wd-paragraph\">Wir glauben nicht an einen Hype, sondern an Produkte, die funktionieren, sicher sind und aus vertrauensw\u00fcrdigen Quellen stammen.<\/p>\n\n\n\n<h2 id=\"wd-19c5aa21\" class=\"wp-block-wd-title title\"><br\/>Was wir anbieten<\/h2>\n\n\n\n<p id=\"wd-179501dc\" class=\"wp-block-wd-paragraph\">Unsere Auswahl umfasst autoflowering Samen der n\u00e4chsten Generation, hochwirksame Tr\u00fcffel und gezielte Erg\u00e4nzungen &#8211; alle nach Qualit\u00e4t, Konsistenz und Zweckm\u00e4\u00dfigkeit ausgew\u00e4hlt. Egal, ob Sie Ihre eigenen Pflanzen anbauen oder eine Mikrodosis f\u00fcr Ihr mentales Gleichgewicht w\u00e4hlen, alles hier dient einem bestimmten Zweck. <\/p>\n<\/div>\n<\/div>\n\n\n\n<div id=\"wd-d4d825fd\" class=\"wp-block-wd-video wd-el-video wd-action-without wd-video-hosted wd-with-aspect-ratio\"><video playsinline loop muted autoplay src=\"https:\/\/herbalhorizons.co\/wp-content\/uploads\/2025\/04\/8139466-hd_1920_1080_30fps.mp4\"><\/video><\/div>\n\n\n\n<div id=\"wd-b380f935\" class=\"wp-block-wd-section\">\n<h2 id=\"wd-30f48cf9\" class=\"wp-block-wd-title title wd-align\">Unsere Werte<\/h2>\n\n\n\n<p id=\"wd-1fe5dc8e\" class=\"wp-block-wd-paragraph wd-align wd-custom-width wd-align-s-center\">Herbal Horizons wurde mit einem einfachen, kraftvollen Ziel gegr\u00fcndet: Menschen wieder mit nat\u00fcrlichen Zust\u00e4nden des Wohlbefindens, der Klarheit und der Kreativit\u00e4t zu verbinden &#8211; ohne den L\u00e4rm von Hype oder Fehlinformationen. Wir wollen durch fachm\u00e4nnisch hergestellte Produkte und ein Kundenerlebnis, das auf Sorgfalt, Klarheit und Respekt beruht, aufkl\u00e4ren, inspirieren und aufwerten. <\/p>\n\n\n\n<div id=\"wd-cc593c84\" class=\"wp-block-wd-row\">\n<div id=\"wd-1622a87d\" class=\"wp-block-wd-column\">\n<h2 id=\"wd-2f660fd7\" class=\"wp-block-wd-title title\">Transparenz immer<\/h2>\n\n\n\n<p id=\"wd-8e376d67\" class=\"wp-block-wd-paragraph\">Wir sind der Meinung, dass die Kunden niemals raten sollten, was sie zu sich nehmen. Jedes Produkt auf unserer Website enth\u00e4lt klare Informationen \u00fcber seine Herkunft, seinen Inhalt und seine beabsichtigte Wirkung. Wir vermeiden vage Behauptungen und legen Wert auf ehrliche Beschreibungen, damit Sie eine fundierte Entscheidung treffen k\u00f6nnen, ohne im Nachhinein zu raten.  <\/p>\n<\/div>\n\n\n\n<div id=\"wd-a46ac551\" class=\"wp-block-wd-column\">\n<h2 id=\"wd-1f5c2dc3\" class=\"wp-block-wd-title title\">Zielgerichtete Qualit\u00e4t<\/h2>\n\n\n\n<p id=\"wd-94dd2431\" class=\"wp-block-wd-paragraph\">Wir f\u00fchren nicht Hunderte von Artikeln, sondern nur das, was unseren Standards entspricht. Unser Auswahlverfahren umfasst eine eingehende \u00dcberpr\u00fcfung der Lieferanten, Labortests (sofern zutreffend) und regelm\u00e4\u00dfige Qualit\u00e4tskontrollen. Wenn ein Produkt unsere Erwartungen an Sicherheit, Wirksamkeit und Konsistenz nicht erf\u00fcllt, wird es nicht in unseren Katalog aufgenommen.  <\/p>\n<\/div>\n<\/div>\n\n\n\n<div id=\"wd-254109ee\" class=\"wp-block-wd-row\">\n<div id=\"wd-0cdc2774\" class=\"wp-block-wd-column\">\n<h2 id=\"wd-c0468936\" class=\"wp-block-wd-title title\">Respekt f\u00fcr individuelle Bed\u00fcrfnisse<\/h2>\n\n\n\n<p>Der Weg zum Wohlbefinden sieht f\u00fcr jeden anders aus. Manche wollen Stress abbauen, andere wollen Pflanzen kultivieren, sich besser konzentrieren oder wieder mit sich selbst in Kontakt kommen. Wir versuchen, diese Bed\u00fcrfnisse zu unterst\u00fctzen, ohne zu urteilen. Deshalb umfasst unser Sortiment sowohl funktionale Produkte als auch solche, die der pers\u00f6nlichen Entwicklung oder der Erholung dienen.   <\/p>\n<\/div>\n\n\n\n<div id=\"wd-3b7c3076\" class=\"wp-block-wd-column\">\n<h2 id=\"wd-3dcfa84d\" class=\"wp-block-wd-title title\">Kundenerfahrung ist wichtig<\/h2>\n\n\n\n<p id=\"wd-64094c55\" class=\"wp-block-wd-paragraph\">Von der diskreten Verpackung bis hin zu unserem Support-Posteingang haben wir jeden Teil des Einkaufserlebnisses so gestaltet, dass Ihre Privatsph\u00e4re, Ihr Komfort und Ihre Zufriedenheit im Vordergrund stehen. Haben Sie Fragen? Sorgen? Wir antworten pers\u00f6nlich. Unser Ziel ist es nicht nur, Produkte zu verkaufen, sondern eine zuverl\u00e4ssige Quelle der Klarheit und des Vertrauens zu sein.    <\/p>\n<\/div>\n<\/div>\n\n\n\n<div id=\"wd-cb673397\" class=\"wp-block-wd-row\">\n<div id=\"wd-b4625a23\" class=\"wp-block-wd-column\">\n<h2 id=\"wd-59bf2df7\" class=\"wp-block-wd-title title wd-align\">Unser Standort &amp; Support<br\/><\/h2>\n\n\n\n<p id=\"wd-467caa12\" class=\"wp-block-wd-paragraph wd-align\"><\/p>\n\n\n\n<p id=\"wd-5863bef5\" class=\"wp-block-wd-paragraph wd-align\">Anschrift:<br>Kr\u00e4uterhorizonte<br>Omroepweg 11<br>1324 KT, Almere<br>Niederlande<br>\u00d6ffnungszeiten:<br>Montag bis Freitag &#8211; 09:00 bis 17:00 CET<br>Wenn Sie Hilfe brauchen,<br>Wir sind jederzeit per E-Mail unter info@herbalhorizons.co erreichbar.<\/p>\n<\/div>\n<\/div>\n<\/div>\n","protected":false},"excerpt":{"rendered":"","protected":false},"author":1,"featured_media":0,"parent":0,"menu_order":0,"comment_status":"closed","ping_status":"closed","template":"","meta":{"footnotes":""},"class_list":["post-3009","page","type-page","status-publish","hentry"],"_links":{"self":[{"href":"https:\/\/herbalhorizons.co\/de\/wp-json\/wp\/v2\/pages\/3009","targetHints":{"allow":["GET"]}}],"collection":[{"href":"https:\/\/herbalhorizons.co\/de\/wp-json\/wp\/v2\/pages"}],"about":[{"href":"https:\/\/herbalhorizons.co\/de\/wp-json\/wp\/v2\/types\/page"}],"author":[{"embeddable":true,"href":"https:\/\/herbalhorizons.co\/de\/wp-json\/wp\/v2\/users\/1"}],"replies":[{"embeddable":true,"href":"https:\/\/herbalhorizons.co\/de\/wp-json\/wp\/v2\/comments?post=3009"}],"version-history":[{"count":3,"href":"https:\/\/herbalhorizons.co\/de\/wp-json\/wp\/v2\/pages\/3009\/revisions"}],"predecessor-version":[{"id":3028,"href":"https:\/\/herbalhorizons.co\/de\/wp-json\/wp\/v2\/pages\/3009\/revisions\/3028"}],"wp:attachment":[{"href":"https:\/\/herbalhorizons.co\/de\/wp-json\/wp\/v2\/media?parent=3009"}],"curies":[{"name":"wp","href":"https:\/\/api.w.org\/{rel}","templated":true}]}}